{"id":2683,"date":"2023-10-31T11:58:37","date_gmt":"2023-10-31T11:58:37","guid":{"rendered":"https:\/\/irmo.creative.coop\/nuestros-servicios\/"},"modified":"2024-10-17T14:22:52","modified_gmt":"2024-10-17T13:22:52","slug":"nuestros-servicios","status":"publish","type":"page","link":"https:\/\/irmo.org.uk\/es\/nuestros-servicios\/","title":{"rendered":"\u00bfQu\u00e9 hacemos?"},"content":{"rendered":"\t\t<div data-elementor-type=\"wp-page\" data-elementor-id=\"2683\" class=\"elementor elementor-2683 elementor-40\" data-elementor-post-type=\"page\">\n\t\t\t\t<div class=\"elementor-element elementor-element-3db78817 e-flex e-con-boxed e-con e-parent\" data-id=\"3db78817\" data-element_type=\"container\" data-e-type=\"container\">\n\t\t\t\t\t<div class=\"e-con-inner\">\n\t\t\t\t<div class=\"elementor-element elementor-element-2adba696 elementor-widget__width-inherit elementor-absolute top-wave elementor-widget elementor-widget-image\" data-id=\"2adba696\" data-element_type=\"widget\" data-e-type=\"widget\" data-settings=\"{&quot;_position&quot;:&quot;absolute&quot;}\" data-widget_type=\"image.default\">\n\t\t\t\t<div class=\"elementor-widget-container\">\n\t\t\t\t\t\t\t\t\t\t\t\t\t\t\t<img decoding=\"async\" src=\"https:\/\/irmo.creative.coop\/wp-content\/uploads\/\/blue-top-curve.svg\" title=\"\" alt=\"\" loading=\"lazy\" \/>\t\t\t\t\t\t\t\t\t\t\t\t\t\t\t<\/div>\n\t\t\t\t<\/div>\n\t\t<div class=\"elementor-element elementor-element-67be41aa e-con-full e-flex e-con e-child\" data-id=\"67be41aa\" data-element_type=\"container\" data-e-type=\"container\">\n\t\t\t\t<div class=\"elementor-element elementor-element-3357986 elementor-widget elementor-widget-heading\" data-id=\"3357986\" data-element_type=\"widget\" data-e-type=\"widget\" data-widget_type=\"heading.default\">\n\t\t\t\t<div class=\"elementor-widget-container\">\n\t\t\t\t\t<h1 class=\"elementor-heading-title elementor-size-default\">\u00bfQu\u00e9 hacemos?<\/h1>\t\t\t\t<\/div>\n\t\t\t\t<\/div>\n\t\t\t\t<\/div>\n\t\t\t\t\t<\/div>\n\t\t\t\t<\/div>\n\t\t<div class=\"elementor-element elementor-element-1fac3dd2 e-flex e-con-boxed e-con e-parent\" data-id=\"1fac3dd2\" data-element_type=\"container\" data-e-type=\"container\" id=\"ourServices\">\n\t\t\t\t\t<div class=\"e-con-inner\">\n\t\t<div class=\"elementor-element elementor-element-779dad19 e-flex e-con-boxed e-con e-child\" data-id=\"779dad19\" data-element_type=\"container\" data-e-type=\"container\">\n\t\t\t\t\t<div class=\"e-con-inner\">\n\t\t<div class=\"elementor-element elementor-element-66221957 e-con-full e-flex e-con e-child\" data-id=\"66221957\" data-element_type=\"container\" data-e-type=\"container\">\n\t\t<div class=\"elementor-element elementor-element-2d582700 e-flex e-con-boxed e-con e-child\" data-id=\"2d582700\" data-element_type=\"container\" data-e-type=\"container\" data-settings=\"{&quot;background_background&quot;:&quot;classic&quot;}\">\n\t\t\t\t\t<div class=\"e-con-inner\">\n\t\t\t\t\t<\/div>\n\t\t\t\t<\/div>\n\t\t<a class=\"elementor-element elementor-element-7492dc57 e-con-full e-flex e-con e-child\" data-id=\"7492dc57\" data-element_type=\"container\" data-e-type=\"container\" data-settings=\"{&quot;background_background&quot;:&quot;classic&quot;}\" href=\"https:\/\/irmo.org.uk\/what-we-do\/advice\/\">\n\t\t\t\t<div class=\"elementor-element elementor-element-489364ff elementor-widget elementor-widget-image\" data-id=\"489364ff\" data-element_type=\"widget\" data-e-type=\"widget\" data-widget_type=\"image.default\">\n\t\t\t\t<div class=\"elementor-widget-container\">\n\t\t\t\t\t\t\t\t\t\t\t\t\t\t\t<img fetchpriority=\"high\" decoding=\"async\" width=\"1024\" height=\"1014\" src=\"https:\/\/irmo.org.uk\/wp-content\/uploads\/2023\/10\/service-icon-advice.svg\" class=\"attachment-large size-large wp-image-885\" alt=\"\" \/>\t\t\t\t\t\t\t\t\t\t\t\t\t\t\t<\/div>\n\t\t\t\t<\/div>\n\t\t<div class=\"elementor-element elementor-element-4b79a8db e-flex e-con-boxed e-con e-child\" data-id=\"4b79a8db\" data-element_type=\"container\" data-e-type=\"container\">\n\t\t\t\t\t<div class=\"e-con-inner\">\n\t\t\t\t<div class=\"elementor-element elementor-element-34ddc98e elementor-widget elementor-widget-heading\" data-id=\"34ddc98e\" data-element_type=\"widget\" data-e-type=\"widget\" data-widget_type=\"heading.default\">\n\t\t\t\t<div class=\"elementor-widget-container\">\n\t\t\t\t\t<h3 class=\"elementor-heading-title elementor-size-default\">Asesor\u00eda<\/h3>\t\t\t\t<\/div>\n\t\t\t\t<\/div>\n\t\t\t\t<div class=\"elementor-element elementor-element-4b9e22d7 elementor-widget elementor-widget-heading\" data-id=\"4b9e22d7\" data-element_type=\"widget\" data-e-type=\"widget\" data-widget_type=\"heading.default\">\n\t\t\t\t<div class=\"elementor-widget-container\">\n\t\t\t\t\t<p class=\"elementor-heading-title elementor-size-default\">Nuestras asesoras y asesores experimentados brindan asesoramiento confidencial y gestionan casos de inmigraci\u00f3n, beneficios y vivienda para prevenir crisis y ayudar a nuestra comunidad a ejercer sus derechos. Tambi\u00e9n ofrecemos apoyo para acceder a servicios de salud <\/p>\t\t\t\t<\/div>\n\t\t\t\t<\/div>\n\t\t\t\t\t<\/div>\n\t\t\t\t<\/div>\n\t\t\t\t<div class=\"elementor-element elementor-element-f238e7e elementor-widget elementor-widget-image\" data-id=\"f238e7e\" data-element_type=\"widget\" data-e-type=\"widget\" data-widget_type=\"image.default\">\n\t\t\t\t<div class=\"elementor-widget-container\">\n\t\t\t\t\t\t\t\t\t\t\t\t\t\t\t<img decoding=\"async\" width=\"1024\" height=\"1024\" src=\"https:\/\/irmo.org.uk\/wp-content\/uploads\/2023\/10\/icon-stack-advice.svg\" class=\"attachment-large size-large wp-image-887\" alt=\"\" \/>\t\t\t\t\t\t\t\t\t\t\t\t\t\t\t<\/div>\n\t\t\t\t<\/div>\n\t\t\t\t<\/a>\n\t\t\t\t<\/div>\n\t\t<div class=\"elementor-element elementor-element-14121176 e-con-full e-flex e-con e-child\" data-id=\"14121176\" data-element_type=\"container\" data-e-type=\"container\">\n\t\t<div class=\"elementor-element elementor-element-e4a509c e-flex e-con-boxed e-con e-child\" data-id=\"e4a509c\" data-element_type=\"container\" data-e-type=\"container\" data-settings=\"{&quot;background_background&quot;:&quot;classic&quot;}\">\n\t\t\t\t\t<div class=\"e-con-inner\">\n\t\t\t\t\t<\/div>\n\t\t\t\t<\/div>\n\t\t<a class=\"elementor-element elementor-element-140c4346 e-con-full e-flex e-con e-child\" data-id=\"140c4346\" data-element_type=\"container\" data-e-type=\"container\" data-settings=\"{&quot;background_background&quot;:&quot;classic&quot;}\" href=\"https:\/\/irmo.org.uk\/what-we-do\/education-training-employment\/\">\n\t\t\t\t<div class=\"elementor-element elementor-element-24695f97 elementor-widget elementor-widget-image\" data-id=\"24695f97\" data-element_type=\"widget\" data-e-type=\"widget\" data-widget_type=\"image.default\">\n\t\t\t\t<div class=\"elementor-widget-container\">\n\t\t\t\t\t\t\t\t\t\t\t\t\t\t\t<img decoding=\"async\" width=\"1024\" height=\"1014\" src=\"https:\/\/irmo.org.uk\/wp-content\/uploads\/2023\/10\/service-icon-education.svg\" class=\"attachment-large size-large wp-image-897\" alt=\"\" \/>\t\t\t\t\t\t\t\t\t\t\t\t\t\t\t<\/div>\n\t\t\t\t<\/div>\n\t\t<div class=\"elementor-element elementor-element-6732d746 e-flex e-con-boxed e-con e-child\" data-id=\"6732d746\" data-element_type=\"container\" data-e-type=\"container\">\n\t\t\t\t\t<div class=\"e-con-inner\">\n\t\t\t\t<div class=\"elementor-element elementor-element-2046a841 elementor-widget elementor-widget-heading\" data-id=\"2046a841\" data-element_type=\"widget\" data-e-type=\"widget\" data-widget_type=\"heading.default\">\n\t\t\t\t<div class=\"elementor-widget-container\">\n\t\t\t\t\t<h3 class=\"elementor-heading-title elementor-size-default\">Educaci\u00f3n, capacitaci\u00f3n y empleo<\/h3>\t\t\t\t<\/div>\n\t\t\t\t<\/div>\n\t\t\t\t<div class=\"elementor-element elementor-element-24d7051 elementor-widget elementor-widget-heading\" data-id=\"24d7051\" data-element_type=\"widget\" data-e-type=\"widget\" data-widget_type=\"heading.default\">\n\t\t\t\t<div class=\"elementor-widget-container\">\n\t\t\t\t\t<p class=\"elementor-heading-title elementor-size-default\">Nuestro programa incluye clases de ingl\u00e9s, cursos de formaci\u00f3n profesional y talleres sobre habilidades clave para el empleo, con el objetivo de fomentar el avance en el mercado laboral y una participaci\u00f3n m\u00e1s activa en la comunidad.<\/p>\t\t\t\t<\/div>\n\t\t\t\t<\/div>\n\t\t\t\t\t<\/div>\n\t\t\t\t<\/div>\n\t\t\t\t<div class=\"elementor-element elementor-element-6d0ca6ae elementor-widget elementor-widget-image\" data-id=\"6d0ca6ae\" data-element_type=\"widget\" data-e-type=\"widget\" data-widget_type=\"image.default\">\n\t\t\t\t<div class=\"elementor-widget-container\">\n\t\t\t\t\t\t\t\t\t\t\t\t\t\t\t<img loading=\"lazy\" decoding=\"async\" width=\"1024\" height=\"1024\" src=\"https:\/\/irmo.org.uk\/wp-content\/uploads\/2023\/10\/icon-stack-education.svg\" class=\"attachment-large size-large wp-image-891\" alt=\"\" \/>\t\t\t\t\t\t\t\t\t\t\t\t\t\t\t<\/div>\n\t\t\t\t<\/div>\n\t\t\t\t<\/a>\n\t\t\t\t<\/div>\n\t\t<div class=\"elementor-element elementor-element-5dbec47e e-con-full e-flex e-con e-child\" data-id=\"5dbec47e\" data-element_type=\"container\" data-e-type=\"container\">\n\t\t<div class=\"elementor-element elementor-element-7bcc73a2 e-flex e-con-boxed e-con e-child\" data-id=\"7bcc73a2\" data-element_type=\"container\" data-e-type=\"container\" data-settings=\"{&quot;background_background&quot;:&quot;classic&quot;}\">\n\t\t\t\t\t<div class=\"e-con-inner\">\n\t\t\t\t\t<\/div>\n\t\t\t\t<\/div>\n\t\t<a class=\"elementor-element elementor-element-5740c02d e-con-full e-flex e-con e-child\" data-id=\"5740c02d\" data-element_type=\"container\" data-e-type=\"container\" data-settings=\"{&quot;background_background&quot;:&quot;classic&quot;}\" href=\"https:\/\/irmo.org.uk\/what-we-do\/children-young-people\/\">\n\t\t\t\t<div class=\"elementor-element elementor-element-66425761 elementor-widget elementor-widget-image\" data-id=\"66425761\" data-element_type=\"widget\" data-e-type=\"widget\" data-widget_type=\"image.default\">\n\t\t\t\t<div class=\"elementor-widget-container\">\n\t\t\t\t\t\t\t\t\t\t\t\t\t\t\t<img loading=\"lazy\" decoding=\"async\" width=\"1024\" height=\"1014\" src=\"https:\/\/irmo.org.uk\/wp-content\/uploads\/2023\/10\/service-icon-children.svg\" class=\"attachment-large size-large wp-image-895\" alt=\"\" \/>\t\t\t\t\t\t\t\t\t\t\t\t\t\t\t<\/div>\n\t\t\t\t<\/div>\n\t\t<div class=\"elementor-element elementor-element-2b1838d0 e-flex e-con-boxed e-con e-child\" data-id=\"2b1838d0\" data-element_type=\"container\" data-e-type=\"container\">\n\t\t\t\t\t<div class=\"e-con-inner\">\n\t\t\t\t<div class=\"elementor-element elementor-element-6d26d696 elementor-widget elementor-widget-heading\" data-id=\"6d26d696\" data-element_type=\"widget\" data-e-type=\"widget\" data-widget_type=\"heading.default\">\n\t\t\t\t<div class=\"elementor-widget-container\">\n\t\t\t\t\t<h3 class=\"elementor-heading-title elementor-size-default\">Infancias y juventudes<\/h3>\t\t\t\t<\/div>\n\t\t\t\t<\/div>\n\t\t\t\t<div class=\"elementor-element elementor-element-6071326b elementor-widget elementor-widget-heading\" data-id=\"6071326b\" data-element_type=\"widget\" data-e-type=\"widget\" data-widget_type=\"heading.default\">\n\t\t\t\t<div class=\"elementor-widget-container\">\n\t\t\t\t\t<p class=\"elementor-heading-title elementor-size-default\">Nuestro programa para j\u00f3venes incluye clases de ingl\u00e9s, tutor\u00edas, talleres y excursiones para apoyar a ni\u00f1as, ni\u00f1os y j\u00f3venes de todas las edades. Tambi\u00e9n brindamos asesoramiento y acompa\u00f1amiento en el acceso a la educaci\u00f3n y a servicios familiares esenciales. <\/p>\t\t\t\t<\/div>\n\t\t\t\t<\/div>\n\t\t\t\t\t<\/div>\n\t\t\t\t<\/div>\n\t\t\t\t<div class=\"elementor-element elementor-element-45b4090d elementor-widget elementor-widget-image\" data-id=\"45b4090d\" data-element_type=\"widget\" data-e-type=\"widget\" data-widget_type=\"image.default\">\n\t\t\t\t<div class=\"elementor-widget-container\">\n\t\t\t\t\t\t\t\t\t\t\t\t\t\t\t<img loading=\"lazy\" decoding=\"async\" width=\"1024\" height=\"1024\" src=\"https:\/\/irmo.org.uk\/wp-content\/uploads\/2023\/10\/icon-stack-children.svg\" class=\"attachment-large size-large wp-image-889\" alt=\"\" \/>\t\t\t\t\t\t\t\t\t\t\t\t\t\t\t<\/div>\n\t\t\t\t<\/div>\n\t\t\t\t<\/a>\n\t\t\t\t<\/div>\n\t\t<div class=\"elementor-element elementor-element-6a3602e e-con-full e-flex e-con e-child\" data-id=\"6a3602e\" data-element_type=\"container\" data-e-type=\"container\">\n\t\t<div class=\"elementor-element elementor-element-4e7b6146 e-flex e-con-boxed e-con e-child\" data-id=\"4e7b6146\" data-element_type=\"container\" data-e-type=\"container\" data-settings=\"{&quot;background_background&quot;:&quot;classic&quot;}\">\n\t\t\t\t\t<div class=\"e-con-inner\">\n\t\t\t\t\t<\/div>\n\t\t\t\t<\/div>\n\t\t<a class=\"elementor-element elementor-element-b6df82a e-con-full e-flex e-con e-child\" data-id=\"b6df82a\" data-element_type=\"container\" data-e-type=\"container\" data-settings=\"{&quot;background_background&quot;:&quot;classic&quot;}\">\n\t\t\t\t<div class=\"elementor-element elementor-element-5271245d elementor-widget elementor-widget-image\" data-id=\"5271245d\" data-element_type=\"widget\" data-e-type=\"widget\" data-widget_type=\"image.default\">\n\t\t\t\t<div class=\"elementor-widget-container\">\n\t\t\t\t\t\t\t\t\t\t\t\t\t\t\t<img loading=\"lazy\" decoding=\"async\" width=\"1024\" height=\"1014\" src=\"https:\/\/irmo.org.uk\/wp-content\/uploads\/2023\/10\/service-icon-health.svg\" class=\"attachment-large size-large wp-image-899\" alt=\"\" \/>\t\t\t\t\t\t\t\t\t\t\t\t\t\t\t<\/div>\n\t\t\t\t<\/div>\n\t\t<div class=\"elementor-element elementor-element-2057b4ef e-flex e-con-boxed e-con e-child\" data-id=\"2057b4ef\" data-element_type=\"container\" data-e-type=\"container\">\n\t\t\t\t\t<div class=\"e-con-inner\">\n\t\t\t\t<div class=\"elementor-element elementor-element-6cc74bf3 elementor-widget elementor-widget-heading\" data-id=\"6cc74bf3\" data-element_type=\"widget\" data-e-type=\"widget\" data-widget_type=\"heading.default\">\n\t\t\t\t<div class=\"elementor-widget-container\">\n\t\t\t\t\t<h3 class=\"elementor-heading-title elementor-size-default\">Incidencia, Investigaci\u00f3n y Campa\u00f1as Sociales<\/h3>\t\t\t\t<\/div>\n\t\t\t\t<\/div>\n\t\t\t\t<div class=\"elementor-element elementor-element-30dd4480 elementor-widget elementor-widget-heading\" data-id=\"30dd4480\" data-element_type=\"widget\" data-e-type=\"widget\" data-widget_type=\"heading.default\">\n\t\t\t\t<div class=\"elementor-widget-container\">\n\t\t\t\t\t<p class=\"elementor-heading-title elementor-size-default\">Abordamos las desigualdades estructurales a trav\u00e9s de campa\u00f1as, organizaci\u00f3n comunitaria, colaboraci\u00f3n intersectorial y acciones de incidencia a nivel local y nacional. Adem\u00e1s, promovemos respuestas m\u00e1s efectivas mediante la investigaci\u00f3n de temas clave <\/p>\t\t\t\t<\/div>\n\t\t\t\t<\/div>\n\t\t\t\t\t<\/div>\n\t\t\t\t<\/div>\n\t\t\t\t<div class=\"elementor-element elementor-element-6118200 elementor-widget elementor-widget-image\" data-id=\"6118200\" data-element_type=\"widget\" data-e-type=\"widget\" data-widget_type=\"image.default\">\n\t\t\t\t<div class=\"elementor-widget-container\">\n\t\t\t\t\t\t\t\t\t\t\t\t\t\t\t<img loading=\"lazy\" decoding=\"async\" width=\"1024\" height=\"1024\" src=\"https:\/\/irmo.org.uk\/wp-content\/uploads\/2023\/10\/icon-stack-health.svg\" class=\"attachment-large size-large wp-image-893\" alt=\"\" \/>\t\t\t\t\t\t\t\t\t\t\t\t\t\t\t<\/div>\n\t\t\t\t<\/div>\n\t\t\t\t<\/a>\n\t\t\t\t<\/div>\n\t\t\t\t\t<\/div>\n\t\t\t\t<\/div>\n\t\t\t\t\t<\/div>\n\t\t\t\t<\/div>\n\t\t\t\t<\/div>\n\t\t","protected":false},"excerpt":{"rendered":"<p>\u00bfQu\u00e9 hacemos? Asesor\u00eda Nuestras asesoras y asesores experimentados brindan asesoramiento confidencial y gestionan casos de inmigraci\u00f3n, beneficios y vivienda para prevenir crisis y ayudar a nuestra comunidad a ejercer sus derechos. Tambi\u00e9n ofrecemos apoyo para acceder a servicios de salud Educaci\u00f3n, capacitaci\u00f3n y empleo Nuestro programa incluye clases de ingl\u00e9s, cursos de formaci\u00f3n profesional y [&hellip;]<\/p>\n","protected":false},"author":1,"featured_media":0,"parent":0,"menu_order":0,"comment_status":"closed","ping_status":"closed","template":"","meta":{"_acf_changed":false,"inline_featured_image":false,"_monsterinsights_skip_tracking":false,"_monsterinsights_sitenote_active":false,"_monsterinsights_sitenote_note":"","_monsterinsights_sitenote_category":0,"footnotes":""},"class_list":["post-2683","page","type-page","status-publish","hentry"],"acf":[],"_links":{"self":[{"href":"https:\/\/irmo.org.uk\/es\/wp-json\/wp\/v2\/pages\/2683","targetHints":{"allow":["GET"]}}],"collection":[{"href":"https:\/\/irmo.org.uk\/es\/wp-json\/wp\/v2\/pages"}],"about":[{"href":"https:\/\/irmo.org.uk\/es\/wp-json\/wp\/v2\/types\/page"}],"author":[{"embeddable":true,"href":"https:\/\/irmo.org.uk\/es\/wp-json\/wp\/v2\/users\/1"}],"replies":[{"embeddable":true,"href":"https:\/\/irmo.org.uk\/es\/wp-json\/wp\/v2\/comments?post=2683"}],"version-history":[{"count":5,"href":"https:\/\/irmo.org.uk\/es\/wp-json\/wp\/v2\/pages\/2683\/revisions"}],"predecessor-version":[{"id":4553,"href":"https:\/\/irmo.org.uk\/es\/wp-json\/wp\/v2\/pages\/2683\/revisions\/4553"}],"wp:attachment":[{"href":"https:\/\/irmo.org.uk\/es\/wp-json\/wp\/v2\/media?parent=2683"}],"curies":[{"name":"wp","href":"https:\/\/api.w.org\/{rel}","templated":true}]}}