{"id":4221,"date":"2023-11-13T14:49:24","date_gmt":"2023-11-13T14:49:24","guid":{"rendered":"https:\/\/irmo.creative.coop\/eventos\/"},"modified":"2026-01-05T12:56:29","modified_gmt":"2026-01-05T12:56:29","slug":"eventos","status":"publish","type":"page","link":"https:\/\/irmo.org.uk\/es\/eventos\/","title":{"rendered":"Eventos"},"content":{"rendered":"\t\t<div data-elementor-type=\"wp-page\" data-elementor-id=\"4221\" class=\"elementor elementor-4221 elementor-1053\" data-elementor-post-type=\"page\">\n\t\t\t\t<div class=\"elementor-element elementor-element-157867b e-flex e-con-boxed e-con e-parent\" data-id=\"157867b\" data-element_type=\"container\" data-e-type=\"container\">\n\t\t\t\t\t<div class=\"e-con-inner\">\n\t\t\t\t<div class=\"elementor-element elementor-element-1f4ad6a elementor-widget__width-inherit elementor-absolute top-wave elementor-widget elementor-widget-image\" data-id=\"1f4ad6a\" data-element_type=\"widget\" data-e-type=\"widget\" data-settings=\"{&quot;_position&quot;:&quot;absolute&quot;}\" data-widget_type=\"image.default\">\n\t\t\t\t<div class=\"elementor-widget-container\">\n\t\t\t\t\t\t\t\t\t\t\t\t\t\t\t<img decoding=\"async\" src=\"https:\/\/irmo.creative.coop\/wp-content\/uploads\/2023\/10\/blue-top-curve.svg\" title=\"\" alt=\"\" loading=\"lazy\" \/>\t\t\t\t\t\t\t\t\t\t\t\t\t\t\t<\/div>\n\t\t\t\t<\/div>\n\t\t<div class=\"elementor-element elementor-element-e11443d e-con-full e-flex e-con e-child\" data-id=\"e11443d\" data-element_type=\"container\" data-e-type=\"container\">\n\t\t\t\t<div class=\"elementor-element elementor-element-252387b elementor-widget elementor-widget-heading\" data-id=\"252387b\" data-element_type=\"widget\" data-e-type=\"widget\" data-widget_type=\"heading.default\">\n\t\t\t\t<div class=\"elementor-widget-container\">\n\t\t\t\t\t<h1 class=\"elementor-heading-title elementor-size-default\">Pr\u00f3ximos eventos<\/h1>\t\t\t\t<\/div>\n\t\t\t\t<\/div>\n\t\t\t\t<div class=\"elementor-element elementor-element-c25c100 elementor-widget elementor-widget-text-editor\" data-id=\"c25c100\" data-element_type=\"widget\" data-e-type=\"widget\" data-widget_type=\"text-editor.default\">\n\t\t\t\t<div class=\"elementor-widget-container\">\n\t\t\t\t\t\t\t\t\t<p><span style=\"white-space-collapse: preserve;\">Explora todos los pr\u00f3ximos eventos y actividades comunitarios disponibles con IRMO o a trav\u00e9s de nuestros socios. Simplemente haz clic en un evento para obtener m\u00e1s informaci\u00f3n. Puedes buscar por categor\u00eda, lugar o fecha.  <\/span><span style=\"white-space-collapse: preserve;\"> <\/span><\/p>\t\t\t\t\t\t\t\t<\/div>\n\t\t\t\t<\/div>\n\t\t\t\t<\/div>\n\t\t\t\t\t<\/div>\n\t\t\t\t<\/div>\n\t\t<div class=\"elementor-element elementor-element-962b19a e-flex e-con-boxed e-con e-parent\" data-id=\"962b19a\" data-element_type=\"container\" data-e-type=\"container\">\n\t\t\t\t\t<div class=\"e-con-inner\">\n\t\t<div class=\"elementor-element elementor-element-4cb0019 e-con-full e-flex e-con e-child\" data-id=\"4cb0019\" data-element_type=\"container\" data-e-type=\"container\">\n\t\t\t\t<div class=\"elementor-element elementor-element-934bc22 elementor-widget elementor-widget-shortcode\" data-id=\"934bc22\" data-element_type=\"widget\" data-e-type=\"widget\" data-widget_type=\"shortcode.default\">\n\t\t\t\t<div class=\"elementor-widget-container\">\n\t\t\t\t\t\t\t<div class=\"elementor-shortcode\"><div class=\"mec-wrap mec-skin-grid-container  \" id=\"mec_skin_1052\">\r\n\r\n    <form id=\"mec_search_form_1052\" class=\"mec-search-form mec-totalcal-box mec-dropdown-classic\" autocomplete=\"off\"><div class=\"mec-dropdown-wrap\" ><div class=\"mec-dropdown-search\"><i class=\"mec-sl-folder\"><\/i><select  name=' ' id='mec_sf_category_1052' class='postform'>\n\t<option value='' selected='selected'>Categor\u00eda<\/option>\n<\/select>\n<\/div><div class=\"mec-dropdown-search\"><i class=\"mec-sl-location-pin\"><\/i><select  name=' ' id='mec_sf_location_1052' class='postform'>\n\t<option value='' selected='selected'>Localizaci\u00f3n<\/option>\n\t<option class=\"level-0\" value=\"54\">IRMO<\/option>\n<\/select>\n<\/div><\/div><div class=\"mec-date-search\"><i class=\"mec-sl-calendar\"><\/i>\r\n                    <input class=\"mec-col-3 mec_date_picker_dynamic_format_start\" data-min=\"2026-04-12\" type=\"text\"\r\n                           id=\"mec_sf_date_start_1052\"\r\n                           name=\"sf[date_start]\"\r\n                           placeholder=\"Inicio\" title=\"Inicio\" autocomplete=\"off\">\r\n                    <input class=\"mec-col-3 mec_date_picker_dynamic_format_end\" type=\"text\"\r\n                           id=\"mec_sf_date_end_1052\"\r\n                           name=\"sf[date_end]\"\r\n                           placeholder=\"Fin\" title=\"Fin\" autocomplete=\"off\">\r\n                <\/div><div class=\"mec-text-input-search\"><i class=\"mec-sl-magnifier\"><\/i>\r\n                    <input type=\"search\" value=\"\" id=\"mec_sf_s_1052\" placeholder=\"\" title=\"\" \/>\r\n                <\/div><\/form>\r\n            <div class=\"mec-skin-grid-events-container\" id=\"mec_skin_events_1052\">\r\n        <div class=\"mec-wrap colorskin-custom\">\r\n    <div class=\"mec-event-grid-minimal\" data-widget-autoplay=\"1\" data-widget-loop=\"1\" data-widget-autoplay-time=\"3000\">\r\n        <div class=\"row\"><div class=\"col-md-12 col-sm-12\"><article class=\"mec-past-event mec-event-article mec-clear  \" itemscope>                    <div class=\"mec-event-date mec-bg-color-hover mec-border-color-hover mec-color\"><span>13<\/span>Abr<\/div>\r\n            <div class=\"event-detail-wrap\">\r\n                <h4 class=\"mec-event-title\"><a class=\"mec-color-hover\" data-event-id=\"7662\" href=\"https:\/\/irmo.org.uk\/es\/irmo-events\/interpretacion-comunitaria-2\/\" target=\"_self\" rel=\"noopener\">Interpretaci\u00f3n comunitaria<\/a><\/h4>\r\n                                                <div class=\"mec-event-detail\">\r\n                    <div class=\"mec-event-loc-place\"><i class=\"mec-sl-location-pin\"><\/i>IRMO<\/div>                                                                                                <\/div>\r\n            <\/div>\r\n        <\/article><\/div><\/div>        <div class=\"row\"><div class=\"col-md-12 col-sm-12\"><article class=\" mec-event-article mec-clear  \" itemscope>                    <div class=\"mec-event-date mec-bg-color-hover mec-border-color-hover mec-color\"><span>13<\/span>Abr<\/div>\r\n            <div class=\"event-detail-wrap\">\r\n                <h4 class=\"mec-event-title\"><a class=\"mec-color-hover\" data-event-id=\"7969\" href=\"https:\/\/irmo.org.uk\/es\/irmo-events\/pruebas-de-la-enfermedad-de-chagas\/\" target=\"_self\" rel=\"noopener\">Pruebas de la enfermedad de Chagas<\/a><\/h4>\r\n                                                <div class=\"mec-event-detail\">\r\n                    <div class=\"mec-event-loc-place\"><i class=\"mec-sl-location-pin\"><\/i>IRMO<\/div>                                                                                                <\/div>\r\n            <\/div>\r\n        <\/article><\/div><\/div>        <div class=\"row\"><div class=\"col-md-12 col-sm-12\"><article class=\" mec-event-article mec-clear  \" itemscope>                    <div class=\"mec-event-date mec-bg-color-hover mec-border-color-hover mec-color\"><span>13<\/span>Abr<\/div>\r\n            <div class=\"event-detail-wrap\">\r\n                <h4 class=\"mec-event-title\"><a class=\"mec-color-hover\" data-event-id=\"7993\" href=\"https:\/\/irmo.org.uk\/es\/irmo-events\/interpretacion-comunitaria-3\/\" target=\"_self\" rel=\"noopener\">Interpretaci\u00f3n comunitaria<\/a><\/h4>\r\n                                                <div class=\"mec-event-detail\">\r\n                    <div class=\"mec-event-loc-place\"><i class=\"mec-sl-location-pin\"><\/i>IRMO<\/div>                                                                                                <\/div>\r\n            <\/div>\r\n        <\/article><\/div><\/div>        <div class=\"row\"><div class=\"col-md-12 col-sm-12\"><article class=\"mec-past-event mec-event-article mec-clear  \" itemscope>                    <div class=\"mec-event-date mec-bg-color-hover mec-border-color-hover mec-color\"><span>13<\/span>Abr<\/div>\r\n            <div class=\"event-detail-wrap\">\r\n                <h4 class=\"mec-event-title\"><a class=\"mec-color-hover\" data-event-id=\"7998\" href=\"https:\/\/irmo.org.uk\/es\/irmo-events\/servicios-de-salud-sexual-7\/\" target=\"_self\" rel=\"noopener\">Servicios de Salud Sexual<\/a><\/h4>\r\n                                                <div class=\"mec-event-detail\">\r\n                    <div class=\"mec-event-loc-place\"><i class=\"mec-sl-location-pin\"><\/i>IRMO<\/div>                                                                                                <\/div>\r\n            <\/div>\r\n        <\/article><\/div><\/div>                <div class=\"row\"><div class=\"col-md-12 col-sm-12\"><article class=\" mec-event-article mec-clear  \" itemscope>                    <div class=\"mec-event-date mec-bg-color-hover mec-border-color-hover mec-color\"><span>14<\/span>Abr<\/div>\r\n            <div class=\"event-detail-wrap\">\r\n                <h4 class=\"mec-event-title\"><a class=\"mec-color-hover\" data-event-id=\"7982\" href=\"https:\/\/irmo.org.uk\/es\/irmo-events\/consulta-sobre-prestaciones-y-vivienda\/\" target=\"_self\" rel=\"noopener\">Consulta sobre prestaciones y vivienda<\/a><\/h4>\r\n                                                <div class=\"mec-event-detail\">\r\n                    <div class=\"mec-event-loc-place\"><i class=\"mec-sl-location-pin\"><\/i>IRMO<\/div>                                                                                                <\/div>\r\n            <\/div>\r\n        <\/article><\/div><\/div>        <div class=\"row\"><div class=\"col-md-12 col-sm-12\"><article class=\"mec-past-event mec-event-article mec-clear  \" itemscope>                    <div class=\"mec-event-date mec-bg-color-hover mec-border-color-hover mec-color\"><span>14<\/span>Abr<\/div>\r\n            <div class=\"event-detail-wrap\">\r\n                <h4 class=\"mec-event-title\"><a class=\"mec-color-hover\" data-event-id=\"7998\" href=\"https:\/\/irmo.org.uk\/es\/irmo-events\/servicios-de-salud-sexual-7\/\" target=\"_self\" rel=\"noopener\">Servicios de Salud Sexual<\/a><\/h4>\r\n                                                <div class=\"mec-event-detail\">\r\n                    <div class=\"mec-event-loc-place\"><i class=\"mec-sl-location-pin\"><\/i>IRMO<\/div>                                                                                                <\/div>\r\n            <\/div>\r\n        <\/article><\/div><\/div>        <div class=\"row\"><div class=\"col-md-12 col-sm-12\"><article class=\"mec-past-event mec-event-article mec-clear  \" itemscope>                    <div class=\"mec-event-date mec-bg-color-hover mec-border-color-hover mec-color\"><span>14<\/span>Abr<\/div>\r\n            <div class=\"event-detail-wrap\">\r\n                <h4 class=\"mec-event-title\"><a class=\"mec-color-hover\" data-event-id=\"8007\" href=\"https:\/\/irmo.org.uk\/es\/irmo-events\/consulta-sobre-educacion\/\" target=\"_self\" rel=\"noopener\">Consulta sobre educaci\u00f3n<\/a><\/h4>\r\n                                                <div class=\"mec-event-detail\">\r\n                    <div class=\"mec-event-loc-place\"><i class=\"mec-sl-location-pin\"><\/i>IRMO<\/div>                                                                                                <\/div>\r\n            <\/div>\r\n        <\/article><\/div><\/div>        <div class=\"row\"><div class=\"col-md-12 col-sm-12\"><article class=\"mec-past-event mec-event-article mec-clear  \" itemscope>                    <div class=\"mec-event-date mec-bg-color-hover mec-border-color-hover mec-color\"><span>14<\/span>Abr<\/div>\r\n            <div class=\"event-detail-wrap\">\r\n                <h4 class=\"mec-event-title\"><a class=\"mec-color-hover\" data-event-id=\"7609\" href=\"https:\/\/irmo.org.uk\/es\/irmo-events\/clases-de-ingles-para-ninos-de-5-a-12-anos\/\" target=\"_self\" rel=\"noopener\">Clases de ingl\u00e9s para ni\u00f1os de 5 a 12 a\u00f1os<\/a><\/h4>\r\n                                                <div class=\"mec-event-detail\">\r\n                    <div class=\"mec-event-loc-place\"><i class=\"mec-sl-location-pin\"><\/i>IRMO<\/div>                                                                                                <\/div>\r\n            <\/div>\r\n        <\/article><\/div><\/div>                <div class=\"row\"><div class=\"col-md-12 col-sm-12\"><article class=\"mec-past-event mec-event-article mec-clear  \" itemscope>                    <div class=\"mec-event-date mec-bg-color-hover mec-border-color-hover mec-color\"><span>15<\/span>Abr<\/div>\r\n            <div class=\"event-detail-wrap\">\r\n                <h4 class=\"mec-event-title\"><a class=\"mec-color-hover\" data-event-id=\"7998\" href=\"https:\/\/irmo.org.uk\/es\/irmo-events\/servicios-de-salud-sexual-7\/\" target=\"_self\" rel=\"noopener\">Servicios de Salud Sexual<\/a><\/h4>\r\n                                                <div class=\"mec-event-detail\">\r\n                    <div class=\"mec-event-loc-place\"><i class=\"mec-sl-location-pin\"><\/i>IRMO<\/div>                                                                                                <\/div>\r\n            <\/div>\r\n        <\/article><\/div><\/div>        <div class=\"row\"><div class=\"col-md-12 col-sm-12\"><article class=\"mec-past-event mec-event-article mec-clear  \" itemscope>                    <div class=\"mec-event-date mec-bg-color-hover mec-border-color-hover mec-color\"><span>15<\/span>Abr<\/div>\r\n            <div class=\"event-detail-wrap\">\r\n                <h4 class=\"mec-event-title\"><a class=\"mec-color-hover\" data-event-id=\"7616\" href=\"https:\/\/irmo.org.uk\/es\/irmo-events\/clases-de-ingles-para-jovenes-de-13-a-19-anos\/\" target=\"_self\" rel=\"noopener\">Clases de ingl\u00e9s para j\u00f3venes de 13 a 19 a\u00f1os<\/a><\/h4>\r\n                                                <div class=\"mec-event-detail\">\r\n                    <div class=\"mec-event-loc-place\"><i class=\"mec-sl-location-pin\"><\/i>IRMO<\/div>                                                                                                <\/div>\r\n            <\/div>\r\n        <\/article><\/div><\/div>                <div class=\"row\"><div class=\"col-md-12 col-sm-12\"><article class=\"mec-past-event mec-event-article mec-clear  \" itemscope>                    <div class=\"mec-event-date mec-bg-color-hover mec-border-color-hover mec-color\"><span>16<\/span>Abr<\/div>\r\n            <div class=\"event-detail-wrap\">\r\n                <h4 class=\"mec-event-title\"><a class=\"mec-color-hover\" data-event-id=\"7653\" href=\"https:\/\/irmo.org.uk\/es\/irmo-events\/acceso-a-la-salud-sin-cita-previa-12\/\" target=\"_self\" rel=\"noopener\">Acceso a la Salud<\/a><\/h4>\r\n                                                <div class=\"mec-event-detail\">\r\n                    <div class=\"mec-event-loc-place\"><i class=\"mec-sl-location-pin\"><\/i>IRMO<\/div>                                                                                                <\/div>\r\n            <\/div>\r\n        <\/article><\/div><\/div>        <div class=\"row\"><div class=\"col-md-12 col-sm-12\"><article class=\"mec-past-event mec-event-article mec-clear  \" itemscope>                    <div class=\"mec-event-date mec-bg-color-hover mec-border-color-hover mec-color\"><span>16<\/span>Abr<\/div>\r\n            <div class=\"event-detail-wrap\">\r\n                <h4 class=\"mec-event-title\"><a class=\"mec-color-hover\" data-event-id=\"7998\" href=\"https:\/\/irmo.org.uk\/es\/irmo-events\/servicios-de-salud-sexual-7\/\" target=\"_self\" rel=\"noopener\">Servicios de Salud Sexual<\/a><\/h4>\r\n                                                <div class=\"mec-event-detail\">\r\n                    <div class=\"mec-event-loc-place\"><i class=\"mec-sl-location-pin\"><\/i>IRMO<\/div>                                                                                                <\/div>\r\n            <\/div>\r\n        <\/article><\/div><\/div>                        \t<\/div>\r\n<\/div>\r\n\r\n    <\/div>\r\n    <div class=\"mec-skin-grid-no-events-container mec-util-hidden\" id=\"mec_skin_no_events_1052\">\r\n        \u00a1No hay eventos!    <\/div>\r\n    \r\n    <div class=\"mec-load-more-wrap\">\r\n                <div tabindex=\"0\" onkeydown=\"if(event.keyCode===13){jQuery(this).trigger('click');}\" class=\"mec-load-more-button \">Ver m\u00e1s<\/div>\r\n            <\/div>\r\n<\/div>\r\n<\/div>\n\t\t\t\t\t\t<\/div>\n\t\t\t\t<\/div>\n\t\t\t\t<\/div>\n\t\t<div class=\"elementor-element elementor-element-3456775 e-con-full e-flex e-con e-child\" data-id=\"3456775\" data-element_type=\"container\" data-e-type=\"container\">\n\t\t<div class=\"elementor-element elementor-element-b821ac8 e-flex e-con-boxed e-con e-child\" data-id=\"b821ac8\" data-element_type=\"container\" data-e-type=\"container\">\n\t\t\t\t\t<div class=\"e-con-inner\">\n\t\t<div class=\"elementor-element elementor-element-b0cb407 e-flex e-con-boxed e-con e-child\" data-id=\"b0cb407\" data-element_type=\"container\" data-e-type=\"container\" data-settings=\"{&quot;background_background&quot;:&quot;classic&quot;}\">\n\t\t\t\t\t<div class=\"e-con-inner\">\n\t\t\t\t\t<\/div>\n\t\t\t\t<\/div>\n\t\t<div class=\"elementor-element elementor-element-b884916 e-flex e-con-boxed e-con e-child\" data-id=\"b884916\" data-element_type=\"container\" data-e-type=\"container\" data-settings=\"{&quot;background_background&quot;:&quot;classic&quot;}\">\n\t\t\t\t\t<div class=\"e-con-inner\">\n\t\t<div class=\"elementor-element elementor-element-a1bc675 e-con-full e-flex e-con e-child\" data-id=\"a1bc675\" data-element_type=\"container\" data-e-type=\"container\" data-settings=\"{&quot;background_background&quot;:&quot;classic&quot;}\">\n\t\t\t\t<div class=\"elementor-element elementor-element-09f51c2 elementor-widget elementor-widget-image\" data-id=\"09f51c2\" data-element_type=\"widget\" data-e-type=\"widget\" data-widget_type=\"image.default\">\n\t\t\t\t<div class=\"elementor-widget-container\">\n\t\t\t\t\t\t\t\t\t\t\t\t\t\t\t<img fetchpriority=\"high\" decoding=\"async\" width=\"1024\" height=\"1004\" src=\"https:\/\/irmo.org.uk\/wp-content\/uploads\/2023\/11\/icon-events.svg\" class=\"attachment-large size-large wp-image-1011\" alt=\"\" \/>\t\t\t\t\t\t\t\t\t\t\t\t\t\t\t<\/div>\n\t\t\t\t<\/div>\n\t\t<div class=\"elementor-element elementor-element-204ecd1 e-flex e-con-boxed e-con e-child\" data-id=\"204ecd1\" data-element_type=\"container\" data-e-type=\"container\">\n\t\t\t\t\t<div class=\"e-con-inner\">\n\t\t\t\t<div class=\"elementor-element elementor-element-f73561b elementor-widget elementor-widget-heading\" data-id=\"f73561b\" data-element_type=\"widget\" data-e-type=\"widget\" data-widget_type=\"heading.default\">\n\t\t\t\t<div class=\"elementor-widget-container\">\n\t\t\t\t\t<h3 class=\"elementor-heading-title elementor-size-default\">Novedades<\/h3>\t\t\t\t<\/div>\n\t\t\t\t<\/div>\n\t\t\t\t<div class=\"elementor-element elementor-element-f34ca64 elementor-widget elementor-widget-heading\" data-id=\"f34ca64\" data-element_type=\"widget\" data-e-type=\"widget\" data-widget_type=\"heading.default\">\n\t\t\t\t<div class=\"elementor-widget-container\">\n\t\t\t\t\t<p class=\"elementor-heading-title elementor-size-default\">Consulta nuestras actualizaciones recientes, as\u00ed como art\u00edculos relevantes para la comunidad.<\/p>\t\t\t\t<\/div>\n\t\t\t\t<\/div>\n\t\t\t\t<div class=\"elementor-element elementor-element-ac00695 elementor-align-center elementor-widget elementor-widget-button\" data-id=\"ac00695\" data-element_type=\"widget\" data-e-type=\"widget\" data-widget_type=\"button.default\">\n\t\t\t\t<div class=\"elementor-widget-container\">\n\t\t\t\t\t\t\t\t\t<div class=\"elementor-button-wrapper\">\n\t\t\t\t\t<a class=\"elementor-button elementor-button-link elementor-size-sm\" href=\"https:\/\/irmo.org.uk\/es\/noticias\/\">\n\t\t\t\t\t\t<span class=\"elementor-button-content-wrapper\">\n\t\t\t\t\t\t\t\t\t<span class=\"elementor-button-text\">Ir a las noticias<\/span>\n\t\t\t\t\t<\/span>\n\t\t\t\t\t<\/a>\n\t\t\t\t<\/div>\n\t\t\t\t\t\t\t\t<\/div>\n\t\t\t\t<\/div>\n\t\t\t\t\t<\/div>\n\t\t\t\t<\/div>\n\t\t\t\t<\/div>\n\t\t\t\t\t<\/div>\n\t\t\t\t<\/div>\n\t\t\t\t\t<\/div>\n\t\t\t\t<\/div>\n\t\t\t\t<\/div>\n\t\t\t\t\t<\/div>\n\t\t\t\t<\/div>\n\t\t\t\t<\/div>\n\t\t","protected":false},"excerpt":{"rendered":"<p>Pr\u00f3ximos eventos Explora todos los pr\u00f3ximos eventos y actividades comunitarios disponibles con IRMO o a trav\u00e9s de nuestros socios. Simplemente haz clic en un evento para obtener m\u00e1s informaci\u00f3n. Puedes buscar por categor\u00eda, lugar o fecha. Novedades Consulta nuestras actualizaciones recientes, as\u00ed como art\u00edculos relevantes para la comunidad. Ir a las noticias<\/p>\n","protected":false},"author":1,"featured_media":0,"parent":0,"menu_order":0,"comment_status":"closed","ping_status":"closed","template":"","meta":{"_acf_changed":false,"inline_featured_image":false,"_monsterinsights_skip_tracking":false,"_monsterinsights_sitenote_active":false,"_monsterinsights_sitenote_note":"","_monsterinsights_sitenote_category":0,"footnotes":""},"class_list":["post-4221","page","type-page","status-publish","hentry"],"acf":[],"_links":{"self":[{"href":"https:\/\/irmo.org.uk\/es\/wp-json\/wp\/v2\/pages\/4221","targetHints":{"allow":["GET"]}}],"collection":[{"href":"https:\/\/irmo.org.uk\/es\/wp-json\/wp\/v2\/pages"}],"about":[{"href":"https:\/\/irmo.org.uk\/es\/wp-json\/wp\/v2\/types\/page"}],"author":[{"embeddable":true,"href":"https:\/\/irmo.org.uk\/es\/wp-json\/wp\/v2\/users\/1"}],"replies":[{"embeddable":true,"href":"https:\/\/irmo.org.uk\/es\/wp-json\/wp\/v2\/comments?post=4221"}],"version-history":[{"count":10,"href":"https:\/\/irmo.org.uk\/es\/wp-json\/wp\/v2\/pages\/4221\/revisions"}],"predecessor-version":[{"id":7367,"href":"https:\/\/irmo.org.uk\/es\/wp-json\/wp\/v2\/pages\/4221\/revisions\/7367"}],"wp:attachment":[{"href":"https:\/\/irmo.org.uk\/es\/wp-json\/wp\/v2\/media?parent=4221"}],"curies":[{"name":"wp","href":"https:\/\/api.w.org\/{rel}","templated":true}]}}