{"id":4231,"date":"2023-11-03T14:44:38","date_gmt":"2023-11-03T14:44:38","guid":{"rendered":"https:\/\/irmo.creative.coop\/nuestros-servicios\/advice\/asesoramiento-sobre-inmigracion\/"},"modified":"2025-06-23T14:25:15","modified_gmt":"2025-06-23T13:25:15","slug":"asesoramiento-sobre-inmigracion","status":"publish","type":"page","link":"https:\/\/irmo.org.uk\/es\/nuestros-servicios\/advice\/asesoramiento-sobre-inmigracion\/","title":{"rendered":"Asesoramiento sobre inmigraci\u00f3n"},"content":{"rendered":"\t\t<div data-elementor-type=\"wp-page\" data-elementor-id=\"4231\" class=\"elementor elementor-4231 elementor-547\" data-elementor-post-type=\"page\">\n\t\t\t\t<div class=\"elementor-element elementor-element-260eac3f e-flex e-con-boxed e-con e-parent\" data-id=\"260eac3f\" data-element_type=\"container\" data-e-type=\"container\" data-settings=\"{&quot;background_background&quot;:&quot;classic&quot;}\">\n\t\t\t\t\t<div class=\"e-con-inner\">\n\t\t\t\t<div class=\"elementor-element elementor-element-2c66eee9 elementor-widget__width-inherit elementor-absolute top-wave elementor-widget elementor-widget-image\" data-id=\"2c66eee9\" data-element_type=\"widget\" data-e-type=\"widget\" data-settings=\"{&quot;_position&quot;:&quot;absolute&quot;}\" data-widget_type=\"image.default\">\n\t\t\t\t<div class=\"elementor-widget-container\">\n\t\t\t\t\t\t\t\t\t\t\t\t\t\t\t<img fetchpriority=\"high\" decoding=\"async\" width=\"1440\" height=\"78\" src=\"https:\/\/irmo.org.uk\/wp-content\/uploads\/2023\/11\/purple-top-curve.svg\" class=\"attachment-full size-full wp-image-967\" alt=\"\" \/>\t\t\t\t\t\t\t\t\t\t\t\t\t\t\t<\/div>\n\t\t\t\t<\/div>\n\t\t<div class=\"elementor-element elementor-element-632dad5 e-con-full e-flex e-con e-child\" data-id=\"632dad5\" data-element_type=\"container\" data-e-type=\"container\">\n\t\t\t\t<\/div>\n\t\t\t\t\t<\/div>\n\t\t\t\t<\/div>\n\t\t<div class=\"elementor-element elementor-element-3e7db42 e-flex e-con-boxed e-con e-parent\" data-id=\"3e7db42\" data-element_type=\"container\" data-e-type=\"container\" data-settings=\"{&quot;background_background&quot;:&quot;classic&quot;}\">\n\t\t\t\t\t<div class=\"e-con-inner\">\n\t\t<div class=\"elementor-element elementor-element-5cdc65d5 e-con-full e-flex e-con e-child\" data-id=\"5cdc65d5\" data-element_type=\"container\" data-e-type=\"container\">\n\t\t<div class=\"elementor-element elementor-element-56539ef3 e-con-full e-flex e-con e-child\" data-id=\"56539ef3\" data-element_type=\"container\" data-e-type=\"container\">\n\t\t\t\t<div class=\"elementor-element elementor-element-1f7cfb8e elementor-widget elementor-widget-text-editor\" data-id=\"1f7cfb8e\" data-element_type=\"widget\" data-e-type=\"widget\" data-widget_type=\"text-editor.default\">\n\t\t\t\t<div class=\"elementor-widget-container\">\n\t\t\t\t\t\t\t\t\t<p><span style=\"font-weight: 400;\">Nuestros asesores <a href=\"https:\/\/www.gov.uk\/government\/organisations\/immigration-advice-authority\">, regulados por la IAA<\/a>, ofrecen asesoramiento completo, trabajo de casos y representaci\u00f3n legal en temas como el R\u00e9gimen de Asentamiento de la UE, los visados brit\u00e1nicos y la ciudadan\u00eda.  <\/span><span style=\"text-align: var(--text-align); color: var( --e-global-color-secondary ); font-family: var( --e-global-typography-text-font-family ), Sans-serif; font-size: var( --e-global-typography-text-font-size );\">Tambi\u00e9n apoyamos la reagrupaci\u00f3n familiar, ayudando con las solicitudes para que parejas, hijos y padres dependientes se re\u00fanan con sus seres queridos en el Reino Unido. Impugnamos decisiones tomadas por organismos p\u00fablicos mediante revisiones administrativas y ofrecemos asesoramiento inicial sobre recursos, remitiendo los casos a nuestros socios de confianza cuando es necesario. <\/span><\/p>\t\t\t\t\t\t\t\t<\/div>\n\t\t\t\t<\/div>\n\t\t\t\t<div class=\"elementor-element elementor-element-2e58e5d0 elementor-widget__width-inherit elementor-widget elementor-widget-image\" data-id=\"2e58e5d0\" data-element_type=\"widget\" data-e-type=\"widget\" data-widget_type=\"image.default\">\n\t\t\t\t<div class=\"elementor-widget-container\">\n\t\t\t\t\t\t\t\t\t\t\t\t\t\t\t<img decoding=\"async\" width=\"634\" height=\"339\" src=\"https:\/\/irmo.org.uk\/wp-content\/uploads\/2023\/11\/tmp-service-page-image.jpg\" class=\"attachment-large size-large wp-image-997\" alt=\"\" srcset=\"https:\/\/irmo.org.uk\/wp-content\/uploads\/2023\/11\/tmp-service-page-image.jpg 634w, https:\/\/irmo.org.uk\/wp-content\/uploads\/2023\/11\/tmp-service-page-image-300x160.jpg 300w\" sizes=\"(max-width: 634px) 100vw, 634px\" \/>\t\t\t\t\t\t\t\t\t\t\t\t\t\t\t<\/div>\n\t\t\t\t<\/div>\n\t\t\t\t<\/div>\n\t\t<div class=\"elementor-element elementor-element-1d9f354f e-con-full e-flex e-con e-child\" data-id=\"1d9f354f\" data-element_type=\"container\" data-e-type=\"container\">\n\t\t\t\t<div class=\"elementor-element elementor-element-3757a502 elementor-widget elementor-widget-text-editor\" data-id=\"3757a502\" data-element_type=\"widget\" data-e-type=\"widget\" data-widget_type=\"text-editor.default\">\n\t\t\t\t<div class=\"elementor-widget-container\">\n\t\t\t\t\t\t\t\t\t<p><span style=\"font-weight: 400;\">Con m\u00e1s de 40 a\u00f1os de experiencia prestando asesoramiento jur\u00eddico en materia de inmigraci\u00f3n, contamos con un s\u00f3lido historial de prestaci\u00f3n de apoyo personalizado y accesible, dise\u00f1ado espec\u00edficamente para la comunidad inmigrante y refugiada latinoamericana.  <\/span><\/p><p><span style=\"font-weight: 400;\">Nos comprometemos a defender los derechos de nuestra comunidad, vigilando activamente y respondiendo a la evoluci\u00f3n de los cambios legislativos que les afectan.  <\/span><\/p>\t\t\t\t\t\t\t\t<\/div>\n\t\t\t\t<\/div>\n\t\t\t\t<\/div>\n\t\t\t\t<div class=\"elementor-element elementor-element-87f1d81 elementor-widget elementor-widget-counter\" data-id=\"87f1d81\" data-element_type=\"widget\" data-e-type=\"widget\" data-widget_type=\"counter.default\">\n\t\t\t\t<div class=\"elementor-widget-container\">\n\t\t\t\t\t\t\t<div class=\"elementor-counter\">\n\t\t\t<div class=\"elementor-counter-title\">personas apoyadas para garantizar sus derechos en los \u00faltimos cinco a\u00f1os<\/div>\t\t\t<div class=\"elementor-counter-number-wrapper\">\n\t\t\t\t<span class=\"elementor-counter-number-prefix\"><\/span>\n\t\t\t\t<span class=\"elementor-counter-number\" data-duration=\"2000\" data-to-value=\"2516\" data-from-value=\"0\" data-delimiter=\",\">0<\/span>\n\t\t\t\t<span class=\"elementor-counter-number-suffix\"><\/span>\n\t\t\t<\/div>\n\t\t<\/div>\n\t\t\t\t\t\t<\/div>\n\t\t\t\t<\/div>\n\t\t<div class=\"elementor-element elementor-element-3ed95a9 e-con-full e-flex e-con e-child\" data-id=\"3ed95a9\" data-element_type=\"container\" data-e-type=\"container\">\n\t\t\t\t<div class=\"elementor-element elementor-element-a22bacb elementor-widget elementor-widget-heading\" data-id=\"a22bacb\" data-element_type=\"widget\" data-e-type=\"widget\" data-widget_type=\"heading.default\">\n\t\t\t\t<div class=\"elementor-widget-container\">\n\t\t\t\t\t<h2 class=\"elementor-heading-title elementor-size-default\">Talleres de Acceso a los Derechos\n<\/h2>\t\t\t\t<\/div>\n\t\t\t\t<\/div>\n\t\t\t\t<div class=\"elementor-element elementor-element-625a5bf elementor-widget elementor-widget-text-editor\" data-id=\"625a5bf\" data-element_type=\"widget\" data-e-type=\"widget\" data-widget_type=\"text-editor.default\">\n\t\t\t\t<div class=\"elementor-widget-container\">\n\t\t\t\t\t\t\t\t\t<p><span style=\"font-weight: 400;\">Celebramos peri\u00f3dicamente talleres y actos sobre temas importantes de inmigraci\u00f3n para mantener informada a la comunidad sobre los principales cambios legales. Las sesiones anteriores trataron sobre la transici\u00f3n a los visados electr\u00f3nicos, el Plan de Asentamiento de la UE, el sistema de asilo y la ciudadan\u00eda brit\u00e1nica para menores. <br><br><\/span>Consulta nuestro calendario de eventos para ver las pr\u00f3ximas sesiones.<span style=\"font-weight: 400;\"><br><\/span><\/p>\t\t\t\t\t\t\t\t<\/div>\n\t\t\t\t<\/div>\n\t\t<div class=\"elementor-element elementor-element-59d21b3 e-flex e-con-boxed e-con e-child\" data-id=\"59d21b3\" data-element_type=\"container\" data-e-type=\"container\">\n\t\t\t\t\t<div class=\"e-con-inner\">\n\t\t\t\t<div class=\"elementor-element elementor-element-0716447 elementor-widget elementor-widget-button\" data-id=\"0716447\" data-element_type=\"widget\" data-e-type=\"widget\" data-widget_type=\"button.default\">\n\t\t\t\t<div class=\"elementor-widget-container\">\n\t\t\t\t\t\t\t\t\t<div class=\"elementor-button-wrapper\">\n\t\t\t\t\t<a class=\"elementor-button elementor-button-link elementor-size-sm\" href=\"https:\/\/irmo.org.uk\/es\/eventos\/\">\n\t\t\t\t\t\t<span class=\"elementor-button-content-wrapper\">\n\t\t\t\t\t\t\t\t\t<span class=\"elementor-button-text\">Calendario<\/span>\n\t\t\t\t\t<\/span>\n\t\t\t\t\t<\/a>\n\t\t\t\t<\/div>\n\t\t\t\t\t\t\t\t<\/div>\n\t\t\t\t<\/div>\n\t\t\t\t\t<\/div>\n\t\t\t\t<\/div>\n\t\t\t\t<\/div>\n\t\t<div class=\"elementor-element elementor-element-7c28f56f e-con-full e-flex e-con e-child\" data-id=\"7c28f56f\" data-element_type=\"container\" data-e-type=\"container\">\n\t\t\t\t<div class=\"elementor-element elementor-element-b8b487e elementor-widget elementor-widget-heading\" data-id=\"b8b487e\" data-element_type=\"widget\" data-e-type=\"widget\" data-widget_type=\"heading.default\">\n\t\t\t\t<div class=\"elementor-widget-container\">\n\t\t\t\t\t<h2 class=\"elementor-heading-title elementor-size-default\">M\u00e1s informaci\u00f3n<\/h2>\t\t\t\t<\/div>\n\t\t\t\t<\/div>\n\t\t\t\t<div class=\"elementor-element elementor-element-433977f3 elementor-widget elementor-widget-text-editor\" data-id=\"433977f3\" data-element_type=\"widget\" data-e-type=\"widget\" data-widget_type=\"text-editor.default\">\n\t\t\t\t<div class=\"elementor-widget-container\">\n\t\t\t\t\t\t\t\t\t<p><span style=\"font-weight: 400;\">Nuestras sesiones de asesoramiento<\/span><span style=\"font-weight: 400;\">  est\u00e1n disponibles en persona en nuestro centro de Lambeth, en varios lugares de divulgaci\u00f3n y en l\u00ednea. Ofrecemos apoyo en espa\u00f1ol, portugu\u00e9s e ingl\u00e9s. <\/span><\/p><p><span style=\"font-weight: 400;\">Para m\u00e1s informaci\u00f3n, ponte en contacto con nosotros en <\/span><a href=\"mailto:info@irmo.org.uk\"><span style=\"font-weight: 400;\">info@irmo.org.uk<\/span><\/a><span style=\"font-weight: 400;\"> o utiliza el bot\u00f3n de abajo.<\/span><\/p>\t\t\t\t\t\t\t\t<\/div>\n\t\t\t\t<\/div>\n\t\t\t\t<div class=\"elementor-element elementor-element-5109eae elementor-widget elementor-widget-button\" data-id=\"5109eae\" data-element_type=\"widget\" data-e-type=\"widget\" data-widget_type=\"button.default\">\n\t\t\t\t<div class=\"elementor-widget-container\">\n\t\t\t\t\t\t\t\t\t<div class=\"elementor-button-wrapper\">\n\t\t\t\t\t<a class=\"elementor-button elementor-button-link elementor-size-sm\" href=\"https:\/\/irmo.org.uk\/es\/pongase-en-contacto-con-nosotros\/\">\n\t\t\t\t\t\t<span class=\"elementor-button-content-wrapper\">\n\t\t\t\t\t\t\t\t\t<span class=\"elementor-button-text\">Cont\u00e1ctanos<\/span>\n\t\t\t\t\t<\/span>\n\t\t\t\t\t<\/a>\n\t\t\t\t<\/div>\n\t\t\t\t\t\t\t\t<\/div>\n\t\t\t\t<\/div>\n\t\t\t\t<\/div>\n\t\t\t\t<\/div>\n\t\t<div class=\"elementor-element elementor-element-4ddbf e-con-full elementor-hidden-tablet elementor-hidden-mobile e-flex e-con e-child\" data-id=\"4ddbf\" data-element_type=\"container\" data-e-type=\"container\">\n\t\t<div class=\"elementor-element elementor-element-77daf844 e-flex e-con-boxed e-con e-child\" data-id=\"77daf844\" data-element_type=\"container\" data-e-type=\"container\">\n\t\t\t\t\t<div class=\"e-con-inner\">\n\t\t<div class=\"elementor-element elementor-element-7eaebc68 e-flex e-con-boxed e-con e-child\" data-id=\"7eaebc68\" data-element_type=\"container\" data-e-type=\"container\" data-settings=\"{&quot;background_background&quot;:&quot;classic&quot;}\">\n\t\t\t\t\t<div class=\"e-con-inner\">\n\t\t\t\t\t<\/div>\n\t\t\t\t<\/div>\n\t\t<div class=\"elementor-element elementor-element-699bd816 e-flex e-con-boxed e-con e-child\" data-id=\"699bd816\" data-element_type=\"container\" data-e-type=\"container\" data-settings=\"{&quot;background_background&quot;:&quot;classic&quot;}\">\n\t\t\t\t\t<div class=\"e-con-inner\">\n\t\t\t\t<div class=\"elementor-element elementor-element-2e332825 elementor-widget elementor-widget-heading\" data-id=\"2e332825\" data-element_type=\"widget\" data-e-type=\"widget\" data-widget_type=\"heading.default\">\n\t\t\t\t<div class=\"elementor-widget-container\">\n\t\t\t\t\t<h2 class=\"elementor-heading-title elementor-size-default\">\u00bfQu\u00e9 hacemos?<\/h2>\t\t\t\t<\/div>\n\t\t\t\t<\/div>\n\t\t\t\t<div class=\"elementor-element elementor-element-3260d728 elementor-widget elementor-widget-shortcode\" data-id=\"3260d728\" data-element_type=\"widget\" data-e-type=\"widget\" data-widget_type=\"shortcode.default\">\n\t\t\t\t<div class=\"elementor-widget-container\">\n\t\t\t\t\t\t\t<div class=\"elementor-shortcode\"><div class=\"menu-services-lang-es-container\"><ul id=\"menu-services-lang-es\" class=\"menu list-menu\"><li id=\"menu-item-4331\" class=\"menu-item menu-item-type-post_type menu-item-object-page menu-item-has-children menu-item-4331\"><a href=\"https:\/\/irmo.org.uk\/es\/nuestros-servicios\/advice\/\">Asesor\u00eda<\/a>\n<ul class=\"sub-menu\">\n\t<li id=\"menu-item-4332\" class=\"menu-item menu-item-type-post_type menu-item-object-page menu-item-4332\"><a href=\"https:\/\/irmo.org.uk\/es\/nuestros-servicios\/advice\/apoyo-comunitario\/\">Apoyo comunitario<\/a><\/li>\n\t<li id=\"menu-item-4333\" class=\"menu-item menu-item-type-post_type menu-item-object-page menu-item-4333\"><a href=\"https:\/\/irmo.org.uk\/es\/nuestros-servicios\/advice\/prestaciones-sociales-y-de-vivienda\/\">Prestaciones sociales y vivienda<\/a><\/li>\n\t<li id=\"menu-item-4334\" class=\"menu-item menu-item-type-post_type menu-item-object-page menu-item-4334\"><a href=\"https:\/\/irmo.org.uk\/es\/nuestros-servicios\/advice\/asesoramiento-sobre-inmigracion\/\">Asesoramiento sobre inmigraci\u00f3n<\/a><\/li>\n\t<li id=\"menu-item-4335\" class=\"menu-item menu-item-type-post_type menu-item-object-page menu-item-4335\"><a href=\"https:\/\/irmo.org.uk\/es\/nuestros-servicios\/advice\/acceso-a-la-asistencia-sanitaria\/\">Acceso a salud<\/a><\/li>\n<\/ul>\n<\/li>\n<li id=\"menu-item-4336\" class=\"menu-item menu-item-type-post_type menu-item-object-page menu-item-has-children menu-item-4336\"><a href=\"https:\/\/irmo.org.uk\/es\/nuestros-servicios\/educacion-formacion-y-empleo\/\">Educaci\u00f3n, capacitaci\u00f3n y empleo<\/a>\n<ul class=\"sub-menu\">\n\t<li id=\"menu-item-4337\" class=\"menu-item menu-item-type-post_type menu-item-object-page menu-item-4337\"><a href=\"https:\/\/irmo.org.uk\/es\/nuestros-servicios\/educacion-formacion-y-empleo\/clases-de-ingles\/\">Clases de ingl\u00e9s<\/a><\/li>\n\t<li id=\"menu-item-4338\" class=\"menu-item menu-item-type-post_type menu-item-object-page menu-item-4338\"><a href=\"https:\/\/irmo.org.uk\/es\/nuestros-servicios\/educacion-formacion-y-empleo\/apoyo-al-empleo\/\">Apoyo al empleo<\/a><\/li>\n\t<li id=\"menu-item-4339\" class=\"menu-item menu-item-type-post_type menu-item-object-page menu-item-4339\"><a href=\"https:\/\/irmo.org.uk\/es\/nuestros-servicios\/educacion-formacion-y-empleo\/programa-de-voluntariado\/\">Programa de voluntariado<\/a><\/li>\n<\/ul>\n<\/li>\n<li id=\"menu-item-4340\" class=\"menu-item menu-item-type-post_type menu-item-object-page menu-item-has-children menu-item-4340\"><a href=\"https:\/\/irmo.org.uk\/es\/nuestros-servicios\/ninos-y-jovenes\/\">Infancias y juventudes<\/a>\n<ul class=\"sub-menu\">\n\t<li id=\"menu-item-4341\" class=\"menu-item menu-item-type-post_type menu-item-object-page menu-item-4341\"><a href=\"https:\/\/irmo.org.uk\/es\/nuestros-servicios\/ninos-y-jovenes\/proyecto-familiar\/\">Proyecto familiar<\/a><\/li>\n\t<li id=\"menu-item-4342\" class=\"menu-item menu-item-type-post_type menu-item-object-page menu-item-4342\"><a href=\"https:\/\/irmo.org.uk\/es\/nuestros-servicios\/ninos-y-jovenes\/foro-latinoamericano-de-la-juventud\/\">Foro Juvenil Latinoamericano<\/a><\/li>\n\t<li id=\"menu-item-4345\" class=\"menu-item menu-item-type-post_type menu-item-object-page menu-item-4345\"><a href=\"https:\/\/irmo.org.uk\/es\/nuestros-servicios\/ninos-y-jovenes\/acceso-a-la-educacion\/\">Campa\u00f1a de Acceso a la Educaci\u00f3n<\/a><\/li>\n<\/ul>\n<\/li>\n<li id=\"menu-item-4346\" class=\"menu-item menu-item-type-post_type menu-item-object-page menu-item-4346\"><a href=\"https:\/\/irmo.org.uk\/es\/nuestros-servicios\/defensa-investigacion-y-campanas\/\">Incidencia, Investigaci\u00f3n y Campa\u00f1as Sociales<\/a><\/li>\n<\/ul><\/div><\/div>\n\t\t\t\t\t\t<\/div>\n\t\t\t\t<\/div>\n\t\t\t\t\t<\/div>\n\t\t\t\t<\/div>\n\t\t\t\t\t<\/div>\n\t\t\t\t<\/div>\n\t\t\t\t<\/div>\n\t\t\t\t\t<\/div>\n\t\t\t\t<\/div>\n\t\t\t\t<\/div>\n\t\t","protected":false},"excerpt":{"rendered":"<p>Nuestros asesores , regulados por la IAA, ofrecen asesoramiento completo, trabajo de casos y representaci\u00f3n legal en temas como el R\u00e9gimen de Asentamiento de la UE, los visados brit\u00e1nicos y la ciudadan\u00eda. Tambi\u00e9n apoyamos la reagrupaci\u00f3n familiar, ayudando con las solicitudes para que parejas, hijos y padres dependientes se re\u00fanan con sus seres queridos en [&hellip;]<\/p>\n","protected":false},"author":1,"featured_media":0,"parent":2676,"menu_order":0,"comment_status":"closed","ping_status":"closed","template":"","meta":{"_acf_changed":false,"inline_featured_image":false,"_monsterinsights_skip_tracking":false,"_monsterinsights_sitenote_active":false,"_monsterinsights_sitenote_note":"","_monsterinsights_sitenote_category":0,"footnotes":""},"class_list":["post-4231","page","type-page","status-publish","hentry"],"acf":[],"_links":{"self":[{"href":"https:\/\/irmo.org.uk\/es\/wp-json\/wp\/v2\/pages\/4231","targetHints":{"allow":["GET"]}}],"collection":[{"href":"https:\/\/irmo.org.uk\/es\/wp-json\/wp\/v2\/pages"}],"about":[{"href":"https:\/\/irmo.org.uk\/es\/wp-json\/wp\/v2\/types\/page"}],"author":[{"embeddable":true,"href":"https:\/\/irmo.org.uk\/es\/wp-json\/wp\/v2\/users\/1"}],"replies":[{"embeddable":true,"href":"https:\/\/irmo.org.uk\/es\/wp-json\/wp\/v2\/comments?post=4231"}],"version-history":[{"count":15,"href":"https:\/\/irmo.org.uk\/es\/wp-json\/wp\/v2\/pages\/4231\/revisions"}],"predecessor-version":[{"id":6665,"href":"https:\/\/irmo.org.uk\/es\/wp-json\/wp\/v2\/pages\/4231\/revisions\/6665"}],"up":[{"embeddable":true,"href":"https:\/\/irmo.org.uk\/es\/wp-json\/wp\/v2\/pages\/2676"}],"wp:attachment":[{"href":"https:\/\/irmo.org.uk\/es\/wp-json\/wp\/v2\/media?parent=4231"}],"curies":[{"name":"wp","href":"https:\/\/api.w.org\/{rel}","templated":true}]}}