{"id":4235,"date":"2024-10-05T18:29:02","date_gmt":"2024-10-05T17:29:02","guid":{"rendered":"https:\/\/irmo.creative.coop\/nuestros-servicios\/advice\/apoyo-comunitario\/"},"modified":"2025-06-04T11:09:51","modified_gmt":"2025-06-04T10:09:51","slug":"apoyo-comunitario","status":"publish","type":"page","link":"https:\/\/irmo.org.uk\/es\/nuestros-servicios\/advice\/apoyo-comunitario\/","title":{"rendered":"Apoyo comunitario"},"content":{"rendered":"\t\t<div data-elementor-type=\"wp-page\" data-elementor-id=\"4235\" class=\"elementor elementor-4235 elementor-3723\" data-elementor-post-type=\"page\">\n\t\t\t\t<div class=\"elementor-element elementor-element-260eac3f e-flex e-con-boxed e-con e-parent\" data-id=\"260eac3f\" data-element_type=\"container\" data-e-type=\"container\" data-settings=\"{&quot;background_background&quot;:&quot;classic&quot;}\">\n\t\t\t\t\t<div class=\"e-con-inner\">\n\t\t\t\t<div class=\"elementor-element elementor-element-2c66eee9 elementor-widget__width-inherit elementor-absolute top-wave elementor-widget elementor-widget-image\" data-id=\"2c66eee9\" data-element_type=\"widget\" data-e-type=\"widget\" data-settings=\"{&quot;_position&quot;:&quot;absolute&quot;}\" data-widget_type=\"image.default\">\n\t\t\t\t<div class=\"elementor-widget-container\">\n\t\t\t\t\t\t\t\t\t\t\t\t\t\t\t<img fetchpriority=\"high\" decoding=\"async\" width=\"1440\" height=\"78\" src=\"https:\/\/irmo.org.uk\/wp-content\/uploads\/2023\/11\/purple-top-curve.svg\" class=\"attachment-full size-full wp-image-967\" alt=\"\" \/>\t\t\t\t\t\t\t\t\t\t\t\t\t\t\t<\/div>\n\t\t\t\t<\/div>\n\t\t<div class=\"elementor-element elementor-element-632dad5 e-con-full e-flex e-con e-child\" data-id=\"632dad5\" data-element_type=\"container\" data-e-type=\"container\">\n\t\t\t\t<\/div>\n\t\t\t\t\t<\/div>\n\t\t\t\t<\/div>\n\t\t<div class=\"elementor-element elementor-element-3e7db42 e-flex e-con-boxed e-con e-parent\" data-id=\"3e7db42\" data-element_type=\"container\" data-e-type=\"container\" data-settings=\"{&quot;background_background&quot;:&quot;classic&quot;}\">\n\t\t\t\t\t<div class=\"e-con-inner\">\n\t\t<div class=\"elementor-element elementor-element-5cdc65d5 e-con-full e-flex e-con e-child\" data-id=\"5cdc65d5\" data-element_type=\"container\" data-e-type=\"container\">\n\t\t<div class=\"elementor-element elementor-element-57701f5 e-con-full e-flex e-con e-child\" data-id=\"57701f5\" data-element_type=\"container\" data-e-type=\"container\">\n\t\t\t\t<div class=\"elementor-element elementor-element-a8fffbd elementor-widget elementor-widget-text-editor\" data-id=\"a8fffbd\" data-element_type=\"widget\" data-e-type=\"widget\" data-widget_type=\"text-editor.default\">\n\t\t\t\t<div class=\"elementor-widget-container\">\n\t\t\t\t\t\t\t\t\t<p><span style=\"font-weight: 400;\">Nuestro equipo de apoyo comunitario ofrece informaci\u00f3n y conexiones esenciales con recursos y servicios clave. Brindamos asistencia a personas en situaciones de crisis, ayud\u00e1ndolas a acceder a bancos de alimentos y ayudas por dificultades econ\u00f3micas. Adem\u00e1s, apoyamos a quienes se encuentran excluidos digitalmente, facilit\u00e1ndoles dispositivos inform\u00e1ticos y tarjetas SIM. <br><br>Nuestro equipo realiza evaluaciones iniciales y conecta a las personas con nuestros servicios de apoyo internos, adem\u00e1s de derivarlas a organizaciones aliadas de confianza cuando es necesario. Personas voluntarias capacitadas tambi\u00e9n brindan asistencia traduciendo documentos y ayudan a acceder a recursos esenciales, como pases de transporte gratuito y vales de Healthy Start. <br><\/span><\/p>\t\t\t\t\t\t\t\t<\/div>\n\t\t\t\t<\/div>\n\t\t\t\t<\/div>\n\t\t<div class=\"elementor-element elementor-element-b807b07 e-con-full e-flex e-con e-child\" data-id=\"b807b07\" data-element_type=\"container\" data-e-type=\"container\">\n\t\t\t\t<div class=\"elementor-element elementor-element-7974f35 elementor-widget elementor-widget-counter\" data-id=\"7974f35\" data-element_type=\"widget\" data-e-type=\"widget\" data-widget_type=\"counter.default\">\n\t\t\t\t<div class=\"elementor-widget-container\">\n\t\t\t\t\t\t\t<div class=\"elementor-counter\">\n\t\t\t<div class=\"elementor-counter-title\">Personas recibieron ayuda clave en los \u00faltimos tres a\u00f1os<\/div>\t\t\t<div class=\"elementor-counter-number-wrapper\">\n\t\t\t\t<span class=\"elementor-counter-number-prefix\"><\/span>\n\t\t\t\t<span class=\"elementor-counter-number\" data-duration=\"2000\" data-to-value=\"3891\" data-from-value=\"0\" data-delimiter=\",\">0<\/span>\n\t\t\t\t<span class=\"elementor-counter-number-suffix\"><\/span>\n\t\t\t<\/div>\n\t\t<\/div>\n\t\t\t\t\t\t<\/div>\n\t\t\t\t<\/div>\n\t\t\t\t<\/div>\n\t\t<div class=\"elementor-element elementor-element-56539ef3 e-con-full e-flex e-con e-child\" data-id=\"56539ef3\" data-element_type=\"container\" data-e-type=\"container\">\n\t\t\t\t<div class=\"elementor-element elementor-element-2e58e5d0 elementor-widget elementor-widget-image\" data-id=\"2e58e5d0\" data-element_type=\"widget\" data-e-type=\"widget\" data-widget_type=\"image.default\">\n\t\t\t\t<div class=\"elementor-widget-container\">\n\t\t\t\t\t\t\t\t\t\t\t\t\t\t\t<img decoding=\"async\" width=\"4032\" height=\"3024\" src=\"https:\/\/irmo.org.uk\/wp-content\/uploads\/2024\/10\/Community-Support-e1728933672264.jpeg\" class=\"attachment-full size-full wp-image-3882\" alt=\"\" \/>\t\t\t\t\t\t\t\t\t\t\t\t\t\t\t<\/div>\n\t\t\t\t<\/div>\n\t\t\t\t<\/div>\n\t\t<div class=\"elementor-element elementor-element-7ee98cc e-con-full e-flex e-con e-child\" data-id=\"7ee98cc\" data-element_type=\"container\" data-e-type=\"container\">\n\t\t\t\t<div class=\"elementor-element elementor-element-66411be elementor-blockquote--skin-boxed elementor-blockquote--align-center elementor-widget__width-inherit quote-grey elementor-widget elementor-widget-blockquote\" data-id=\"66411be\" data-element_type=\"widget\" data-e-type=\"widget\" data-widget_type=\"blockquote.default\">\n\t\t\t\t<div class=\"elementor-widget-container\">\n\t\t\t\t\t\t\t<blockquote class=\"elementor-blockquote\">\n\t\t\t<p class=\"elementor-blockquote__content\">\n\t\t\t\tMe has ayudado mucho en estos momentos dif\u00edciles y, despu\u00e9s de hablar contigo, el estr\u00e9s y la tensi\u00f3n desaparecen porque tienes muy claro qu\u00e9 pasos hay que dar a continuaci\u00f3n. \t\t\t<\/p>\n\t\t\t\t\t<\/blockquote>\n\t\t\t\t\t\t<\/div>\n\t\t\t\t<\/div>\n\t\t\t\t<\/div>\n\t\t<div class=\"elementor-element elementor-element-5d93e10 e-con-full e-flex e-con e-child\" data-id=\"5d93e10\" data-element_type=\"container\" data-e-type=\"container\">\n\t\t\t\t<div class=\"elementor-element elementor-element-a5cb690 elementor-widget elementor-widget-heading\" data-id=\"a5cb690\" data-element_type=\"widget\" data-e-type=\"widget\" data-widget_type=\"heading.default\">\n\t\t\t\t<div class=\"elementor-widget-container\">\n\t\t\t\t\t<h2 class=\"elementor-heading-title elementor-size-default\">M\u00e1s informaci\u00f3n<\/h2>\t\t\t\t<\/div>\n\t\t\t\t<\/div>\n\t\t\t\t<div class=\"elementor-element elementor-element-ba07b08 elementor-widget elementor-widget-text-editor\" data-id=\"ba07b08\" data-element_type=\"widget\" data-e-type=\"widget\" data-widget_type=\"text-editor.default\">\n\t\t\t\t<div class=\"elementor-widget-container\">\n\t\t\t\t\t\t\t\t\t<p><span style=\"text-align: var(--text-align); color: var( --e-global-color-secondary ); font-family: var( --e-global-typography-text-font-family ), Sans-serif; font-size: var( --e-global-typography-text-font-size );\">Para m\u00e1s informaci\u00f3n, ponte en contacto en <\/span><a style=\"text-align: var(--text-align); background-color: #ffffff; font-family: var( --e-global-typography-text-font-family ), Sans-serif; font-size: var( --e-global-typography-text-font-size ); font-weight: var( --e-global-typography-text-font-weight );\" href=\"mailto:info@irmo.org.uk\" target=\"_blank\" rel=\"noopener\">info@irmo.org.uk<\/a><span style=\"text-align: var(--text-align); color: var( --e-global-color-secondary ); font-family: var( --e-global-typography-text-font-family ), Sans-serif; font-size: var( --e-global-typography-text-font-size );\"> o utiliza el bot\u00f3n de abajo.<\/span><\/p>\t\t\t\t\t\t\t\t<\/div>\n\t\t\t\t<\/div>\n\t\t\t\t<div class=\"elementor-element elementor-element-b2d9095 elementor-widget elementor-widget-button\" data-id=\"b2d9095\" data-element_type=\"widget\" data-e-type=\"widget\" data-widget_type=\"button.default\">\n\t\t\t\t<div class=\"elementor-widget-container\">\n\t\t\t\t\t\t\t\t\t<div class=\"elementor-button-wrapper\">\n\t\t\t\t\t<a class=\"elementor-button elementor-button-link elementor-size-sm\" href=\"https:\/\/irmo.org.uk\/es\/pongase-en-contacto-con-nosotros\/\">\n\t\t\t\t\t\t<span class=\"elementor-button-content-wrapper\">\n\t\t\t\t\t\t\t\t\t<span class=\"elementor-button-text\">Cont\u00e1ctanos<\/span>\n\t\t\t\t\t<\/span>\n\t\t\t\t\t<\/a>\n\t\t\t\t<\/div>\n\t\t\t\t\t\t\t\t<\/div>\n\t\t\t\t<\/div>\n\t\t\t\t<\/div>\n\t\t\t\t<\/div>\n\t\t<div class=\"elementor-element elementor-element-4ddbf e-con-full elementor-hidden-tablet elementor-hidden-mobile e-flex e-con e-child\" data-id=\"4ddbf\" data-element_type=\"container\" data-e-type=\"container\">\n\t\t<div class=\"elementor-element elementor-element-77daf844 e-flex e-con-boxed e-con e-child\" data-id=\"77daf844\" data-element_type=\"container\" data-e-type=\"container\">\n\t\t\t\t\t<div class=\"e-con-inner\">\n\t\t<div class=\"elementor-element elementor-element-7eaebc68 e-flex e-con-boxed e-con e-child\" data-id=\"7eaebc68\" data-element_type=\"container\" data-e-type=\"container\" data-settings=\"{&quot;background_background&quot;:&quot;classic&quot;}\">\n\t\t\t\t\t<div class=\"e-con-inner\">\n\t\t\t\t\t<\/div>\n\t\t\t\t<\/div>\n\t\t<div class=\"elementor-element elementor-element-699bd816 e-flex e-con-boxed e-con e-child\" data-id=\"699bd816\" data-element_type=\"container\" data-e-type=\"container\" data-settings=\"{&quot;background_background&quot;:&quot;classic&quot;}\">\n\t\t\t\t\t<div class=\"e-con-inner\">\n\t\t\t\t<div class=\"elementor-element elementor-element-2e332825 elementor-widget elementor-widget-heading\" data-id=\"2e332825\" data-element_type=\"widget\" data-e-type=\"widget\" data-widget_type=\"heading.default\">\n\t\t\t\t<div class=\"elementor-widget-container\">\n\t\t\t\t\t<h2 class=\"elementor-heading-title elementor-size-default\">\u00bfQu\u00e9 hacemos?<\/h2>\t\t\t\t<\/div>\n\t\t\t\t<\/div>\n\t\t\t\t<div class=\"elementor-element elementor-element-3260d728 elementor-widget elementor-widget-shortcode\" data-id=\"3260d728\" data-element_type=\"widget\" data-e-type=\"widget\" data-widget_type=\"shortcode.default\">\n\t\t\t\t<div class=\"elementor-widget-container\">\n\t\t\t\t\t\t\t<div class=\"elementor-shortcode\"><div class=\"menu-services-lang-es-container\"><ul id=\"menu-services-lang-es\" class=\"menu list-menu\"><li id=\"menu-item-4331\" class=\"menu-item menu-item-type-post_type menu-item-object-page menu-item-has-children menu-item-4331\"><a href=\"https:\/\/irmo.org.uk\/es\/nuestros-servicios\/advice\/\">Asesor\u00eda<\/a>\n<ul class=\"sub-menu\">\n\t<li id=\"menu-item-4332\" class=\"menu-item menu-item-type-post_type menu-item-object-page menu-item-4332\"><a href=\"https:\/\/irmo.org.uk\/es\/nuestros-servicios\/advice\/apoyo-comunitario\/\">Apoyo comunitario<\/a><\/li>\n\t<li id=\"menu-item-4333\" class=\"menu-item menu-item-type-post_type menu-item-object-page menu-item-4333\"><a href=\"https:\/\/irmo.org.uk\/es\/nuestros-servicios\/advice\/prestaciones-sociales-y-de-vivienda\/\">Prestaciones sociales y vivienda<\/a><\/li>\n\t<li id=\"menu-item-4334\" class=\"menu-item menu-item-type-post_type menu-item-object-page menu-item-4334\"><a href=\"https:\/\/irmo.org.uk\/es\/nuestros-servicios\/advice\/asesoramiento-sobre-inmigracion\/\">Asesoramiento sobre inmigraci\u00f3n<\/a><\/li>\n\t<li id=\"menu-item-4335\" class=\"menu-item menu-item-type-post_type menu-item-object-page menu-item-4335\"><a href=\"https:\/\/irmo.org.uk\/es\/nuestros-servicios\/advice\/acceso-a-la-asistencia-sanitaria\/\">Acceso a salud<\/a><\/li>\n<\/ul>\n<\/li>\n<li id=\"menu-item-4336\" class=\"menu-item menu-item-type-post_type menu-item-object-page menu-item-has-children menu-item-4336\"><a href=\"https:\/\/irmo.org.uk\/es\/nuestros-servicios\/educacion-formacion-y-empleo\/\">Educaci\u00f3n, capacitaci\u00f3n y empleo<\/a>\n<ul class=\"sub-menu\">\n\t<li id=\"menu-item-4337\" class=\"menu-item menu-item-type-post_type menu-item-object-page menu-item-4337\"><a href=\"https:\/\/irmo.org.uk\/es\/nuestros-servicios\/educacion-formacion-y-empleo\/clases-de-ingles\/\">Clases de ingl\u00e9s<\/a><\/li>\n\t<li id=\"menu-item-4338\" class=\"menu-item menu-item-type-post_type menu-item-object-page menu-item-4338\"><a href=\"https:\/\/irmo.org.uk\/es\/nuestros-servicios\/educacion-formacion-y-empleo\/apoyo-al-empleo\/\">Apoyo al empleo<\/a><\/li>\n\t<li id=\"menu-item-4339\" class=\"menu-item menu-item-type-post_type menu-item-object-page menu-item-4339\"><a href=\"https:\/\/irmo.org.uk\/es\/nuestros-servicios\/educacion-formacion-y-empleo\/programa-de-voluntariado\/\">Programa de voluntariado<\/a><\/li>\n<\/ul>\n<\/li>\n<li id=\"menu-item-4340\" class=\"menu-item menu-item-type-post_type menu-item-object-page menu-item-has-children menu-item-4340\"><a href=\"https:\/\/irmo.org.uk\/es\/nuestros-servicios\/ninos-y-jovenes\/\">Infancias y juventudes<\/a>\n<ul class=\"sub-menu\">\n\t<li id=\"menu-item-4341\" class=\"menu-item menu-item-type-post_type menu-item-object-page menu-item-4341\"><a href=\"https:\/\/irmo.org.uk\/es\/nuestros-servicios\/ninos-y-jovenes\/proyecto-familiar\/\">Proyecto familiar<\/a><\/li>\n\t<li id=\"menu-item-4342\" class=\"menu-item menu-item-type-post_type menu-item-object-page menu-item-4342\"><a href=\"https:\/\/irmo.org.uk\/es\/nuestros-servicios\/ninos-y-jovenes\/foro-latinoamericano-de-la-juventud\/\">Foro Juvenil Latinoamericano<\/a><\/li>\n\t<li id=\"menu-item-4345\" class=\"menu-item menu-item-type-post_type menu-item-object-page menu-item-4345\"><a href=\"https:\/\/irmo.org.uk\/es\/nuestros-servicios\/ninos-y-jovenes\/acceso-a-la-educacion\/\">Campa\u00f1a de Acceso a la Educaci\u00f3n<\/a><\/li>\n<\/ul>\n<\/li>\n<li id=\"menu-item-4346\" class=\"menu-item menu-item-type-post_type menu-item-object-page menu-item-4346\"><a href=\"https:\/\/irmo.org.uk\/es\/nuestros-servicios\/defensa-investigacion-y-campanas\/\">Incidencia, Investigaci\u00f3n y Campa\u00f1as Sociales<\/a><\/li>\n<\/ul><\/div><\/div>\n\t\t\t\t\t\t<\/div>\n\t\t\t\t<\/div>\n\t\t\t\t\t<\/div>\n\t\t\t\t<\/div>\n\t\t\t\t\t<\/div>\n\t\t\t\t<\/div>\n\t\t\t\t<\/div>\n\t\t\t\t\t<\/div>\n\t\t\t\t<\/div>\n\t\t\t\t<\/div>\n\t\t","protected":false},"excerpt":{"rendered":"<p>Nuestro equipo de apoyo comunitario ofrece informaci\u00f3n y conexiones esenciales con recursos y servicios clave. Brindamos asistencia a personas en situaciones de crisis, ayud\u00e1ndolas a acceder a bancos de alimentos y ayudas por dificultades econ\u00f3micas. Adem\u00e1s, apoyamos a quienes se encuentran excluidos digitalmente, facilit\u00e1ndoles dispositivos inform\u00e1ticos y tarjetas SIM. Nuestro equipo realiza evaluaciones iniciales y [&hellip;]<\/p>\n","protected":false},"author":5,"featured_media":0,"parent":2676,"menu_order":0,"comment_status":"closed","ping_status":"closed","template":"","meta":{"_acf_changed":false,"inline_featured_image":false,"_monsterinsights_skip_tracking":false,"_monsterinsights_sitenote_active":false,"_monsterinsights_sitenote_note":"","_monsterinsights_sitenote_category":0,"footnotes":""},"class_list":["post-4235","page","type-page","status-publish","hentry"],"acf":[],"_links":{"self":[{"href":"https:\/\/irmo.org.uk\/es\/wp-json\/wp\/v2\/pages\/4235","targetHints":{"allow":["GET"]}}],"collection":[{"href":"https:\/\/irmo.org.uk\/es\/wp-json\/wp\/v2\/pages"}],"about":[{"href":"https:\/\/irmo.org.uk\/es\/wp-json\/wp\/v2\/types\/page"}],"author":[{"embeddable":true,"href":"https:\/\/irmo.org.uk\/es\/wp-json\/wp\/v2\/users\/5"}],"replies":[{"embeddable":true,"href":"https:\/\/irmo.org.uk\/es\/wp-json\/wp\/v2\/comments?post=4235"}],"version-history":[{"count":8,"href":"https:\/\/irmo.org.uk\/es\/wp-json\/wp\/v2\/pages\/4235\/revisions"}],"predecessor-version":[{"id":6575,"href":"https:\/\/irmo.org.uk\/es\/wp-json\/wp\/v2\/pages\/4235\/revisions\/6575"}],"up":[{"embeddable":true,"href":"https:\/\/irmo.org.uk\/es\/wp-json\/wp\/v2\/pages\/2676"}],"wp:attachment":[{"href":"https:\/\/irmo.org.uk\/es\/wp-json\/wp\/v2\/media?parent=4235"}],"curies":[{"name":"wp","href":"https:\/\/api.w.org\/{rel}","templated":true}]}}