{"id":4237,"date":"2023-11-02T14:25:37","date_gmt":"2023-11-02T14:25:37","guid":{"rendered":"https:\/\/irmo.creative.coop\/programa-de-voluntariado\/"},"modified":"2025-01-13T13:57:25","modified_gmt":"2025-01-13T13:57:25","slug":"programa-de-voluntariado","status":"publish","type":"page","link":"https:\/\/irmo.org.uk\/es\/nuestros-servicios\/educacion-formacion-y-empleo\/programa-de-voluntariado\/","title":{"rendered":"Programa de voluntariado"},"content":{"rendered":"\t\t<div data-elementor-type=\"wp-page\" data-elementor-id=\"4237\" class=\"elementor elementor-4237 elementor-513\" data-elementor-post-type=\"page\">\n\t\t\t\t<div class=\"elementor-element elementor-element-3e126c5a e-flex e-con-boxed e-con e-parent\" data-id=\"3e126c5a\" data-element_type=\"container\" data-e-type=\"container\" data-settings=\"{&quot;background_background&quot;:&quot;classic&quot;}\">\n\t\t\t\t\t<div class=\"e-con-inner\">\n\t\t\t\t<div class=\"elementor-element elementor-element-1fefec67 elementor-widget__width-inherit elementor-absolute top-wave elementor-widget elementor-widget-image\" data-id=\"1fefec67\" data-element_type=\"widget\" data-e-type=\"widget\" data-settings=\"{&quot;_position&quot;:&quot;absolute&quot;}\" data-widget_type=\"image.default\">\n\t\t\t\t<div class=\"elementor-widget-container\">\n\t\t\t\t\t\t\t\t\t\t\t\t\t\t\t<img fetchpriority=\"high\" decoding=\"async\" width=\"1440\" height=\"78\" src=\"https:\/\/irmo.org.uk\/wp-content\/uploads\/2023\/11\/green-top-curve.svg\" class=\"attachment-full size-full wp-image-963\" alt=\"\" \/>\t\t\t\t\t\t\t\t\t\t\t\t\t\t\t<\/div>\n\t\t\t\t<\/div>\n\t\t<div class=\"elementor-element elementor-element-4bcd90dd e-con-full e-flex e-con e-child\" data-id=\"4bcd90dd\" data-element_type=\"container\" data-e-type=\"container\">\n\t\t\t\t<\/div>\n\t\t\t\t\t<\/div>\n\t\t\t\t<\/div>\n\t\t<div class=\"elementor-element elementor-element-165aa935 e-flex e-con-boxed e-con e-parent\" data-id=\"165aa935\" data-element_type=\"container\" data-e-type=\"container\" data-settings=\"{&quot;background_background&quot;:&quot;classic&quot;}\">\n\t\t\t\t\t<div class=\"e-con-inner\">\n\t\t<div class=\"elementor-element elementor-element-4ff91ba8 e-con-full e-flex e-con e-child\" data-id=\"4ff91ba8\" data-element_type=\"container\" data-e-type=\"container\">\n\t\t<div class=\"elementor-element elementor-element-268e93b5 e-con-full e-flex e-con e-child\" data-id=\"268e93b5\" data-element_type=\"container\" data-e-type=\"container\">\n\t\t\t\t<div class=\"elementor-element elementor-element-48011543 elementor-widget elementor-widget-text-editor\" data-id=\"48011543\" data-element_type=\"widget\" data-e-type=\"widget\" data-widget_type=\"text-editor.default\">\n\t\t\t\t<div class=\"elementor-widget-container\">\n\t\t\t\t\t\t\t\t\t<p><span style=\"font-weight: 400;\">IRMO cuenta con un equipo de m\u00e1s de 50 voluntarios y voluntarias en todo momento. Su tiempo, habilidades y entusiasmo hacen posible que funcionen los servicios y proyectos de los que depende nuestra comunidad. <\/span><\/p>\n\t\t\t\t\t\t\t\t<\/div>\n\t\t\t\t<\/div>\n\t\t\t\t<div class=\"elementor-element elementor-element-4cd6a385 elementor-widget__width-inherit elementor-widget elementor-widget-image\" data-id=\"4cd6a385\" data-element_type=\"widget\" data-e-type=\"widget\" data-widget_type=\"image.default\">\n\t\t\t\t<div class=\"elementor-widget-container\">\n\t\t\t\t\t\t\t\t\t\t\t\t<figure class=\"wp-caption\">\n\t\t\t\t\t\t\t\t\t\t<img decoding=\"async\" width=\"4032\" height=\"3024\" src=\"https:\/\/irmo.org.uk\/wp-content\/uploads\/2024\/02\/IRMO-volunteers-Welcome-Area-e1728943269169.jpeg\" class=\"attachment-full size-full wp-image-2424\" alt=\"\" \/>\t\t\t\t\t\t\t\t\t\t\t<figcaption class=\"widget-image-caption wp-caption-text\"><\/figcaption>\n\t\t\t\t\t\t\t\t\t\t<\/figure>\n\t\t\t\t\t\t\t\t\t<\/div>\n\t\t\t\t<\/div>\n\t\t\t\t<\/div>\n\t\t<div class=\"elementor-element elementor-element-36d561a0 e-con-full e-flex e-con e-child\" data-id=\"36d561a0\" data-element_type=\"container\" data-e-type=\"container\">\n\t\t\t\t<div class=\"elementor-element elementor-element-66e3ff8 elementor-blockquote--skin-boxed elementor-blockquote--align-center elementor-widget__width-inherit quote-grey elementor-widget elementor-widget-blockquote\" data-id=\"66e3ff8\" data-element_type=\"widget\" data-e-type=\"widget\" data-widget_type=\"blockquote.default\">\n\t\t\t\t<div class=\"elementor-widget-container\">\n\t\t\t\t\t\t\t<blockquote class=\"elementor-blockquote\">\n\t\t\t<p class=\"elementor-blockquote__content\">\n\t\t\t\tDurante el tiempo que pas\u00e9 como voluntaria en IRMO, encontr\u00e9 la experiencia incre\u00edblemente satisfactoria y agradable. Trabajar junto a otros voluntarios y miembros del personal me proporcion\u00f3 una sensaci\u00f3n de camarader\u00eda y prop\u00f3sito. Pude contribuir a varias iniciativas que coincid\u00edan con mis intereses y habilidades, lo que hizo que la experiencia fuera a\u00fan m\u00e1s gratificante (...) Disfrut\u00e9 de cada momento de ense\u00f1anza en IRMO. Ya ten\u00eda un empleo remunerado, pero IRMO segu\u00eda apoy\u00e1ndome con mi formaci\u00f3n como profesora. No puedo agradecer lo suficiente a IRMO.    \t\t\t<\/p>\n\t\t\t\t\t<\/blockquote>\n\t\t\t\t\t\t<\/div>\n\t\t\t\t<\/div>\n\t\t\t\t<div class=\"elementor-element elementor-element-778c7578 elementor-widget elementor-widget-text-editor\" data-id=\"778c7578\" data-element_type=\"widget\" data-e-type=\"widget\" data-widget_type=\"text-editor.default\">\n\t\t\t\t<div class=\"elementor-widget-container\">\n\t\t\t\t\t\t\t\t\t<p><span style=\"font-weight: 400;\">Adem\u00e1s de ser la columna vertebral de nuestra organizaci\u00f3n, el programa de voluntariado se cre\u00f3 para brindar a las personas voluntarias una valiosa experiencia laboral que les permita introducirse en el competitivo mercado de trabajo londinense, ofreciendo un entorno multicultural e inspirador para desarrollar nuevas habilidades y conexiones.<\/span><\/p>\n<p><span style=\"font-weight: 400;\">El programa ofrece la oportunidad de trabajar en una amplia variedad de equipos y funciones, como el trabajo con j\u00f3venes, la recaudaci\u00f3n de fondos, la asistencia a personas asesoras, la ense\u00f1anza de ingl\u00e9s, la traducci\u00f3n e interpretaci\u00f3n, y el apoyo comunitario.<\/span><\/p>\n<p><span style=\"font-weight: 400;\">Puedes encontrar las oportunidades actuales de voluntariado en el bot\u00f3n de abajo. Tambi\u00e9n puedes ponerte en contacto con nosotros para expresar tu inter\u00e9s, y nos comunicaremos contigo cuando surjan nuevas oportunidades.  <\/span><\/p>\n\t\t\t\t\t\t\t\t<\/div>\n\t\t\t\t<\/div>\n\t\t<div class=\"elementor-element elementor-element-a466bce e-flex e-con-boxed e-con e-child\" data-id=\"a466bce\" data-element_type=\"container\" data-e-type=\"container\">\n\t\t\t\t\t<div class=\"e-con-inner\">\n\t\t\t\t<div class=\"elementor-element elementor-element-19af0d04 elementor-widget elementor-widget-button\" data-id=\"19af0d04\" data-element_type=\"widget\" data-e-type=\"widget\" data-widget_type=\"button.default\">\n\t\t\t\t<div class=\"elementor-widget-container\">\n\t\t\t\t\t\t\t\t\t<div class=\"elementor-button-wrapper\">\n\t\t\t\t\t<a class=\"elementor-button elementor-button-link elementor-size-sm\" href=\"https:\/\/irmo.org.uk\/es\/bienvenido-a-irmo\/participa\/\">\n\t\t\t\t\t\t<span class=\"elementor-button-content-wrapper\">\n\t\t\t\t\t\t\t\t\t<span class=\"elementor-button-text\">Ver oportunidades<\/span>\n\t\t\t\t\t<\/span>\n\t\t\t\t\t<\/a>\n\t\t\t\t<\/div>\n\t\t\t\t\t\t\t\t<\/div>\n\t\t\t\t<\/div>\n\t\t\t\t<div class=\"elementor-element elementor-element-1cec80a3 elementor-widget elementor-widget-button\" data-id=\"1cec80a3\" data-element_type=\"widget\" data-e-type=\"widget\" data-widget_type=\"button.default\">\n\t\t\t\t<div class=\"elementor-widget-container\">\n\t\t\t\t\t\t\t\t\t<div class=\"elementor-button-wrapper\">\n\t\t\t\t\t<a class=\"elementor-button elementor-button-link elementor-size-sm\" href=\"https:\/\/irmo.org.uk\/es\/pongase-en-contacto-con-nosotros\/\">\n\t\t\t\t\t\t<span class=\"elementor-button-content-wrapper\">\n\t\t\t\t\t\t\t\t\t<span class=\"elementor-button-text\">Cont\u00e1ctanos<\/span>\n\t\t\t\t\t<\/span>\n\t\t\t\t\t<\/a>\n\t\t\t\t<\/div>\n\t\t\t\t\t\t\t\t<\/div>\n\t\t\t\t<\/div>\n\t\t\t\t\t<\/div>\n\t\t\t\t<\/div>\n\t\t\t\t<\/div>\n\t\t<div class=\"elementor-element elementor-element-3118c41f e-con-full e-flex e-con e-child\" data-id=\"3118c41f\" data-element_type=\"container\" data-e-type=\"container\">\n\t\t\t\t<\/div>\n\t\t\t\t<\/div>\n\t\t<div class=\"elementor-element elementor-element-6384dc12 e-con-full elementor-hidden-tablet elementor-hidden-mobile e-flex e-con e-child\" data-id=\"6384dc12\" data-element_type=\"container\" data-e-type=\"container\">\n\t\t<div class=\"elementor-element elementor-element-26e97d30 e-flex e-con-boxed e-con e-child\" data-id=\"26e97d30\" data-element_type=\"container\" data-e-type=\"container\">\n\t\t\t\t\t<div class=\"e-con-inner\">\n\t\t<div class=\"elementor-element elementor-element-5a692a2c e-flex e-con-boxed e-con e-child\" data-id=\"5a692a2c\" data-element_type=\"container\" data-e-type=\"container\" data-settings=\"{&quot;background_background&quot;:&quot;classic&quot;}\">\n\t\t\t\t\t<div class=\"e-con-inner\">\n\t\t\t\t\t<\/div>\n\t\t\t\t<\/div>\n\t\t<div class=\"elementor-element elementor-element-2dd6659d e-flex e-con-boxed e-con e-child\" data-id=\"2dd6659d\" data-element_type=\"container\" data-e-type=\"container\" data-settings=\"{&quot;background_background&quot;:&quot;classic&quot;}\">\n\t\t\t\t\t<div class=\"e-con-inner\">\n\t\t\t\t<div class=\"elementor-element elementor-element-1e671a0a elementor-widget elementor-widget-heading\" data-id=\"1e671a0a\" data-element_type=\"widget\" data-e-type=\"widget\" data-widget_type=\"heading.default\">\n\t\t\t\t<div class=\"elementor-widget-container\">\n\t\t\t\t\t<h2 class=\"elementor-heading-title elementor-size-default\">\u00bfQu\u00e9 hacemos?<\/h2>\t\t\t\t<\/div>\n\t\t\t\t<\/div>\n\t\t\t\t<div class=\"elementor-element elementor-element-6aeddce5 elementor-widget elementor-widget-shortcode\" data-id=\"6aeddce5\" data-element_type=\"widget\" data-e-type=\"widget\" data-widget_type=\"shortcode.default\">\n\t\t\t\t<div class=\"elementor-widget-container\">\n\t\t\t\t\t\t\t<div class=\"elementor-shortcode\"><div class=\"menu-services-lang-es-container\"><ul id=\"menu-services-lang-es\" class=\"menu list-menu\"><li id=\"menu-item-4331\" class=\"menu-item menu-item-type-post_type menu-item-object-page menu-item-has-children menu-item-4331\"><a href=\"https:\/\/irmo.org.uk\/es\/nuestros-servicios\/advice\/\">Asesor\u00eda<\/a>\n<ul class=\"sub-menu\">\n\t<li id=\"menu-item-4332\" class=\"menu-item menu-item-type-post_type menu-item-object-page menu-item-4332\"><a href=\"https:\/\/irmo.org.uk\/es\/nuestros-servicios\/advice\/apoyo-comunitario\/\">Apoyo comunitario<\/a><\/li>\n\t<li id=\"menu-item-4333\" class=\"menu-item menu-item-type-post_type menu-item-object-page menu-item-4333\"><a href=\"https:\/\/irmo.org.uk\/es\/nuestros-servicios\/advice\/prestaciones-sociales-y-de-vivienda\/\">Prestaciones sociales y vivienda<\/a><\/li>\n\t<li id=\"menu-item-4334\" class=\"menu-item menu-item-type-post_type menu-item-object-page menu-item-4334\"><a href=\"https:\/\/irmo.org.uk\/es\/nuestros-servicios\/advice\/asesoramiento-sobre-inmigracion\/\">Asesoramiento sobre inmigraci\u00f3n<\/a><\/li>\n\t<li id=\"menu-item-4335\" class=\"menu-item menu-item-type-post_type menu-item-object-page menu-item-4335\"><a href=\"https:\/\/irmo.org.uk\/es\/nuestros-servicios\/advice\/acceso-a-la-asistencia-sanitaria\/\">Acceso a salud<\/a><\/li>\n<\/ul>\n<\/li>\n<li id=\"menu-item-4336\" class=\"menu-item menu-item-type-post_type menu-item-object-page menu-item-has-children menu-item-4336\"><a href=\"https:\/\/irmo.org.uk\/es\/nuestros-servicios\/educacion-formacion-y-empleo\/\">Educaci\u00f3n, capacitaci\u00f3n y empleo<\/a>\n<ul class=\"sub-menu\">\n\t<li id=\"menu-item-4337\" class=\"menu-item menu-item-type-post_type menu-item-object-page menu-item-4337\"><a href=\"https:\/\/irmo.org.uk\/es\/nuestros-servicios\/educacion-formacion-y-empleo\/clases-de-ingles\/\">Clases de ingl\u00e9s<\/a><\/li>\n\t<li id=\"menu-item-4338\" class=\"menu-item menu-item-type-post_type menu-item-object-page menu-item-4338\"><a href=\"https:\/\/irmo.org.uk\/es\/nuestros-servicios\/educacion-formacion-y-empleo\/apoyo-al-empleo\/\">Apoyo al empleo<\/a><\/li>\n\t<li id=\"menu-item-4339\" class=\"menu-item menu-item-type-post_type menu-item-object-page menu-item-4339\"><a href=\"https:\/\/irmo.org.uk\/es\/nuestros-servicios\/educacion-formacion-y-empleo\/programa-de-voluntariado\/\">Programa de voluntariado<\/a><\/li>\n<\/ul>\n<\/li>\n<li id=\"menu-item-4340\" class=\"menu-item menu-item-type-post_type menu-item-object-page menu-item-has-children menu-item-4340\"><a href=\"https:\/\/irmo.org.uk\/es\/nuestros-servicios\/ninos-y-jovenes\/\">Infancias y juventudes<\/a>\n<ul class=\"sub-menu\">\n\t<li id=\"menu-item-4341\" class=\"menu-item menu-item-type-post_type menu-item-object-page menu-item-4341\"><a href=\"https:\/\/irmo.org.uk\/es\/nuestros-servicios\/ninos-y-jovenes\/proyecto-familiar\/\">Proyecto familiar<\/a><\/li>\n\t<li id=\"menu-item-4342\" class=\"menu-item menu-item-type-post_type menu-item-object-page menu-item-4342\"><a href=\"https:\/\/irmo.org.uk\/es\/nuestros-servicios\/ninos-y-jovenes\/foro-latinoamericano-de-la-juventud\/\">Foro Juvenil Latinoamericano<\/a><\/li>\n\t<li id=\"menu-item-4345\" class=\"menu-item menu-item-type-post_type menu-item-object-page menu-item-4345\"><a href=\"https:\/\/irmo.org.uk\/es\/nuestros-servicios\/ninos-y-jovenes\/acceso-a-la-educacion\/\">Campa\u00f1a de Acceso a la Educaci\u00f3n<\/a><\/li>\n<\/ul>\n<\/li>\n<li id=\"menu-item-4346\" class=\"menu-item menu-item-type-post_type menu-item-object-page menu-item-4346\"><a href=\"https:\/\/irmo.org.uk\/es\/nuestros-servicios\/defensa-investigacion-y-campanas\/\">Incidencia, Investigaci\u00f3n y Campa\u00f1as Sociales<\/a><\/li>\n<\/ul><\/div><\/div>\n\t\t\t\t\t\t<\/div>\n\t\t\t\t<\/div>\n\t\t\t\t\t<\/div>\n\t\t\t\t<\/div>\n\t\t\t\t\t<\/div>\n\t\t\t\t<\/div>\n\t\t\t\t<\/div>\n\t\t\t\t\t<\/div>\n\t\t\t\t<\/div>\n\t\t\t\t<\/div>\n\t\t","protected":false},"excerpt":{"rendered":"<p>IRMO cuenta con un equipo de m\u00e1s de 50 voluntarios y voluntarias en todo momento. Su tiempo, habilidades y entusiasmo hacen posible que funcionen los servicios y proyectos de los que depende nuestra comunidad. Durante el tiempo que pas\u00e9 como voluntaria en IRMO, encontr\u00e9 la experiencia incre\u00edblemente satisfactoria y agradable. Trabajar junto a otros voluntarios [&hellip;]<\/p>\n","protected":false},"author":1,"featured_media":0,"parent":4252,"menu_order":0,"comment_status":"closed","ping_status":"closed","template":"","meta":{"_acf_changed":false,"inline_featured_image":false,"_monsterinsights_skip_tracking":false,"_monsterinsights_sitenote_active":false,"_monsterinsights_sitenote_note":"","_monsterinsights_sitenote_category":0,"footnotes":""},"class_list":["post-4237","page","type-page","status-publish","hentry"],"acf":[],"_links":{"self":[{"href":"https:\/\/irmo.org.uk\/es\/wp-json\/wp\/v2\/pages\/4237","targetHints":{"allow":["GET"]}}],"collection":[{"href":"https:\/\/irmo.org.uk\/es\/wp-json\/wp\/v2\/pages"}],"about":[{"href":"https:\/\/irmo.org.uk\/es\/wp-json\/wp\/v2\/types\/page"}],"author":[{"embeddable":true,"href":"https:\/\/irmo.org.uk\/es\/wp-json\/wp\/v2\/users\/1"}],"replies":[{"embeddable":true,"href":"https:\/\/irmo.org.uk\/es\/wp-json\/wp\/v2\/comments?post=4237"}],"version-history":[{"count":9,"href":"https:\/\/irmo.org.uk\/es\/wp-json\/wp\/v2\/pages\/4237\/revisions"}],"predecessor-version":[{"id":5832,"href":"https:\/\/irmo.org.uk\/es\/wp-json\/wp\/v2\/pages\/4237\/revisions\/5832"}],"up":[{"embeddable":true,"href":"https:\/\/irmo.org.uk\/es\/wp-json\/wp\/v2\/pages\/4252"}],"wp:attachment":[{"href":"https:\/\/irmo.org.uk\/es\/wp-json\/wp\/v2\/media?parent=4237"}],"curies":[{"name":"wp","href":"https:\/\/api.w.org\/{rel}","templated":true}]}}