{"id":4247,"date":"2023-10-31T12:03:46","date_gmt":"2023-10-31T12:03:46","guid":{"rendered":"https:\/\/irmo.creative.coop\/proyecto-familiar\/"},"modified":"2026-03-25T15:58:30","modified_gmt":"2026-03-25T15:58:30","slug":"proyecto-familiar","status":"publish","type":"page","link":"https:\/\/irmo.org.uk\/es\/nuestros-servicios\/ninos-y-jovenes\/proyecto-familiar\/","title":{"rendered":"Proyecto familiar"},"content":{"rendered":"\t\t<div data-elementor-type=\"wp-page\" data-elementor-id=\"4247\" class=\"elementor elementor-4247 elementor-66\" data-elementor-post-type=\"page\">\n\t\t\t\t<div class=\"elementor-element elementor-element-bfce6bf e-flex e-con-boxed e-con e-parent\" data-id=\"bfce6bf\" data-element_type=\"container\" data-e-type=\"container\" data-settings=\"{&quot;background_background&quot;:&quot;classic&quot;}\">\n\t\t\t\t\t<div class=\"e-con-inner\">\n\t\t\t\t<div class=\"elementor-element elementor-element-62211a3f elementor-widget__width-inherit elementor-absolute top-wave elementor-widget elementor-widget-image\" data-id=\"62211a3f\" data-element_type=\"widget\" data-e-type=\"widget\" data-settings=\"{&quot;_position&quot;:&quot;absolute&quot;}\" data-widget_type=\"image.default\">\n\t\t\t\t<div class=\"elementor-widget-container\">\n\t\t\t\t\t\t\t\t\t\t\t\t\t\t\t<img fetchpriority=\"high\" decoding=\"async\" width=\"1440\" height=\"78\" src=\"https:\/\/irmo.org.uk\/wp-content\/uploads\/2023\/11\/orange-top-curve.svg\" class=\"attachment-full size-full wp-image-965\" alt=\"\" \/>\t\t\t\t\t\t\t\t\t\t\t\t\t\t\t<\/div>\n\t\t\t\t<\/div>\n\t\t<div class=\"elementor-element elementor-element-102e9124 e-con-full e-flex e-con e-child\" data-id=\"102e9124\" data-element_type=\"container\" data-e-type=\"container\">\n\t\t\t\t<\/div>\n\t\t\t\t\t<\/div>\n\t\t\t\t<\/div>\n\t\t<div class=\"elementor-element elementor-element-1d21f31c e-flex e-con-boxed e-con e-parent\" data-id=\"1d21f31c\" data-element_type=\"container\" data-e-type=\"container\" data-settings=\"{&quot;background_background&quot;:&quot;classic&quot;}\">\n\t\t\t\t\t<div class=\"e-con-inner\">\n\t\t<div class=\"elementor-element elementor-element-74f673b2 e-con-full e-flex e-con e-child\" data-id=\"74f673b2\" data-element_type=\"container\" data-e-type=\"container\">\n\t\t<div class=\"elementor-element elementor-element-718bd458 e-con-full e-flex e-con e-child\" data-id=\"718bd458\" data-element_type=\"container\" data-e-type=\"container\">\n\t\t\t\t<div class=\"elementor-element elementor-element-7ca2dd1d elementor-widget elementor-widget-text-editor\" data-id=\"7ca2dd1d\" data-element_type=\"widget\" data-e-type=\"widget\" data-widget_type=\"text-editor.default\">\n\t\t\t\t<div class=\"elementor-widget-container\">\n\t\t\t\t\t\t\t\t\t<p><span style=\"font-weight: 400;\">Apoyando a ni\u00f1as y ni\u00f1os de 5 a 12 a\u00f1os y a sus familias, nuestro proyecto les ayuda a acceder a la educaci\u00f3n y al apoyo para necesidades especiales, mejorar su aprendizaje y ampliar sus horizontes. Tambi\u00e9n brindamos asistencia a las familias para que accedan a recursos clave  <\/span><span style=\"font-weight: 400;\">, servicios y actividades que fomenten el bienestar.<\/span><\/p>\t\t\t\t\t\t\t\t<\/div>\n\t\t\t\t<\/div>\n\t\t<div class=\"elementor-element elementor-element-c003e78 e-con-full e-flex e-con e-child\" data-id=\"c003e78\" data-element_type=\"container\" data-e-type=\"container\">\n\t\t\t\t<div class=\"elementor-element elementor-element-3e0380f elementor-widget elementor-widget-counter\" data-id=\"3e0380f\" data-element_type=\"widget\" data-e-type=\"widget\" data-widget_type=\"counter.default\">\n\t\t\t\t<div class=\"elementor-widget-container\">\n\t\t\t\t\t\t\t<div class=\"elementor-counter\">\n\t\t\t<div class=\"elementor-counter-title\">Ni\u00f1as, ni\u00f1os y j\u00f3venes se beneficiaron de nuestras actividades educativas en los \u00faltimos cinco a\u00f1os.<\/div>\t\t\t<div class=\"elementor-counter-number-wrapper\">\n\t\t\t\t<span class=\"elementor-counter-number-prefix\"><\/span>\n\t\t\t\t<span class=\"elementor-counter-number\" data-duration=\"2000\" data-to-value=\"3891\" data-from-value=\"0\" data-delimiter=\",\">0<\/span>\n\t\t\t\t<span class=\"elementor-counter-number-suffix\"><\/span>\n\t\t\t<\/div>\n\t\t<\/div>\n\t\t\t\t\t\t<\/div>\n\t\t\t\t<\/div>\n\t\t\t\t<\/div>\n\t\t\t\t<div class=\"elementor-element elementor-element-2217e75b elementor-widget__width-inherit elementor-widget elementor-widget-image\" data-id=\"2217e75b\" data-element_type=\"widget\" data-e-type=\"widget\" data-widget_type=\"image.default\">\n\t\t\t\t<div class=\"elementor-widget-container\">\n\t\t\t\t\t\t\t\t\t\t\t\t<figure class=\"wp-caption\">\n\t\t\t\t\t\t\t\t\t\t<img decoding=\"async\" width=\"1024\" height=\"768\" src=\"https:\/\/irmo.org.uk\/wp-content\/uploads\/2024\/02\/Consent-\u2714\ufe0f-1024x768.jpeg\" class=\"attachment-large size-large wp-image-2432\" alt=\"\" srcset=\"https:\/\/irmo.org.uk\/wp-content\/uploads\/2024\/02\/Consent-\u2714\ufe0f-1024x768.jpeg 1024w, https:\/\/irmo.org.uk\/wp-content\/uploads\/2024\/02\/Consent-\u2714\ufe0f-300x225.jpeg 300w, https:\/\/irmo.org.uk\/wp-content\/uploads\/2024\/02\/Consent-\u2714\ufe0f-768x576.jpeg 768w, https:\/\/irmo.org.uk\/wp-content\/uploads\/2024\/02\/Consent-\u2714\ufe0f-1536x1152.jpeg 1536w, https:\/\/irmo.org.uk\/wp-content\/uploads\/2024\/02\/Consent-\u2714\ufe0f-2048x1536.jpeg 2048w\" sizes=\"(max-width: 1024px) 100vw, 1024px\" \/>\t\t\t\t\t\t\t\t\t\t\t<figcaption class=\"widget-image-caption wp-caption-text\"><\/figcaption>\n\t\t\t\t\t\t\t\t\t\t<\/figure>\n\t\t\t\t\t\t\t\t\t<\/div>\n\t\t\t\t<\/div>\n\t\t\t\t<\/div>\n\t\t<div class=\"elementor-element elementor-element-63ad7a4f e-con-full e-flex e-con e-child\" data-id=\"63ad7a4f\" data-element_type=\"container\" data-e-type=\"container\">\n\t\t\t\t<div class=\"elementor-element elementor-element-512c3807 elementor-widget elementor-widget-heading\" data-id=\"512c3807\" data-element_type=\"widget\" data-e-type=\"widget\" data-widget_type=\"heading.default\">\n\t\t\t\t<div class=\"elementor-widget-container\">\n\t\t\t\t\t<h2 class=\"elementor-heading-title elementor-size-default\">Clases de ingl\u00e9s y actividades educativas<\/h2>\t\t\t\t<\/div>\n\t\t\t\t<\/div>\n\t\t\t\t<div class=\"elementor-element elementor-element-fcfbfb4 elementor-widget elementor-widget-text-editor\" data-id=\"fcfbfb4\" data-element_type=\"widget\" data-e-type=\"widget\" data-widget_type=\"text-editor.default\">\n\t\t\t\t<div class=\"elementor-widget-container\">\n\t\t\t\t\t\t\t\t\t<p><span style=\"font-weight: 400;\">Ofrecemos cursos de ingl\u00e9s divertidos y de apoyo, que ayudan a ni\u00f1as y ni\u00f1os a mejorar sus habilidades ling\u00fc\u00edsticas y a ganar confianza en s\u00ed mismos. Nuestras profesoras y profesores, que dominan el espa\u00f1ol y el portugu\u00e9s, crean un espacio inclusivo en el que las ni\u00f1as y ni\u00f1os reci\u00e9n llegados o fuera del sistema educativo regular pueden prosperar  <\/span><\/p><p><span style=\"font-weight: 400;\">Nuestros cursos est\u00e1n basados en el Curr\u00edculo Nacional y se adaptan a las necesidades de cada ni\u00f1a y ni\u00f1o, ayud\u00e1ndoles a ponerse al d\u00eda o a mejorar en sus tareas escolares. Adem\u00e1s, organizamos emocionantes paseos para que las familias exploren Londres y sus alrededores. <\/span><\/p>\t\t\t\t\t\t\t\t<\/div>\n\t\t\t\t<\/div>\n\t\t\t\t<\/div>\n\t\t\t\t<div class=\"elementor-element elementor-element-a9ac19f elementor-blockquote--skin-boxed elementor-blockquote--align-center elementor-widget__width-inherit quote-grey elementor-widget elementor-widget-blockquote\" data-id=\"a9ac19f\" data-element_type=\"widget\" data-e-type=\"widget\" data-widget_type=\"blockquote.default\">\n\t\t\t\t<div class=\"elementor-widget-container\">\n\t\t\t\t\t\t\t<blockquote class=\"elementor-blockquote\">\n\t\t\t<p class=\"elementor-blockquote__content\">\n\t\t\t\tMi hijo no quer\u00eda hablar. Le faltaba confianza y parec\u00eda triste. Como madre, me dol\u00eda el coraz\u00f3n porque no pod\u00eda ayudarle con el idioma, ya que yo estaba en la misma situaci\u00f3n. Estoy eternamente agradecida a las clases de ingl\u00e9s para ni\u00f1os. Hicieron lo que yo no pude. Con paciencia y amabilidad, le motivaron para que aprendiera, cogiera confianza y se volviera m\u00e1s sociable.     \t\t\t<\/p>\n\t\t\t\t\t<\/blockquote>\n\t\t\t\t\t\t<\/div>\n\t\t\t\t<\/div>\n\t\t<div class=\"elementor-element elementor-element-ba325c8 e-con-full e-flex e-con e-child\" data-id=\"ba325c8\" data-element_type=\"container\" data-e-type=\"container\">\n\t\t\t\t<div class=\"elementor-element elementor-element-70e499b2 elementor-widget elementor-widget-heading\" data-id=\"70e499b2\" data-element_type=\"widget\" data-e-type=\"widget\" data-widget_type=\"heading.default\">\n\t\t\t\t<div class=\"elementor-widget-container\">\n\t\t\t\t\t<h2 class=\"elementor-heading-title elementor-size-default\">Apoyo familiar <\/h2>\t\t\t\t<\/div>\n\t\t\t\t<\/div>\n\t\t\t\t<div class=\"elementor-element elementor-element-1e087246 elementor-widget elementor-widget-text-editor\" data-id=\"1e087246\" data-element_type=\"widget\" data-e-type=\"widget\" data-widget_type=\"text-editor.default\">\n\t\t\t\t<div class=\"elementor-widget-container\">\n\t\t\t\t\t\t\t\t\t<p><span style=\"font-weight: 400;\">Proporcionamos asesoramiento y apoyo integrales a las familias, incluyendo admisiones escolares, asistencia sanitaria, bienestar y acceso a otros servicios esenciales.<\/span><\/p><p><span style=\"font-weight: 400;\">Organizamos regularmente ma\u00f1anas de caf\u00e9 con la comunidad y talleres sobre temas como el apoyo a las Necesidades Educativas Especiales y la Discapacidad (SEND) y la protecci\u00f3n.<\/span><\/p>\t\t\t\t\t\t\t\t<\/div>\n\t\t\t\t<\/div>\n\t\t\t\t<\/div>\n\t\t<div class=\"elementor-element elementor-element-3a261a8 e-con-full e-flex e-con e-child\" data-id=\"3a261a8\" data-element_type=\"container\" data-e-type=\"container\">\n\t\t\t\t<div class=\"elementor-element elementor-element-b4ee0f2 elementor-widget elementor-widget-heading\" data-id=\"b4ee0f2\" data-element_type=\"widget\" data-e-type=\"widget\" data-widget_type=\"heading.default\">\n\t\t\t\t<div class=\"elementor-widget-container\">\n\t\t\t\t\t<h2 class=\"elementor-heading-title elementor-size-default\">M\u00e1s informaci\u00f3n<\/h2>\t\t\t\t<\/div>\n\t\t\t\t<\/div>\n\t\t\t\t<div class=\"elementor-element elementor-element-38293f6 elementor-widget elementor-widget-text-editor\" data-id=\"38293f6\" data-element_type=\"widget\" data-e-type=\"widget\" data-widget_type=\"text-editor.default\">\n\t\t\t\t<div class=\"elementor-widget-container\">\n\t\t\t\t\t\t\t\t\t<p><span style=\"font-weight: 400;\">Ofrecemos apoyo tanto en persona en nuestro centro de Lambeth como online, con servicios disponibles en espa\u00f1ol, portugu\u00e9s e ingl\u00e9s.<\/span><\/p><p><span style=\"font-weight: 400;\">Completa el siguiente formulario de inscripci\u00f3n para empezar, o ponte en contacto en <\/span><a href=\"mailto:familyproject@irmo.org.uk\"><span style=\"font-weight: 400;\">familyproject@irmo.org.uk<\/span><\/a><span style=\"font-weight: 400;\"> para m\u00e1s informaci\u00f3n.<\/span><\/p>\t\t\t\t\t\t\t\t<\/div>\n\t\t\t\t<\/div>\n\t\t<div class=\"elementor-element elementor-element-05a92f1 e-flex e-con-boxed e-con e-child\" data-id=\"05a92f1\" data-element_type=\"container\" data-e-type=\"container\">\n\t\t\t\t\t<div class=\"e-con-inner\">\n\t\t\t\t<div class=\"elementor-element elementor-element-06e4b07 elementor-widget elementor-widget-button\" data-id=\"06e4b07\" data-element_type=\"widget\" data-e-type=\"widget\" data-widget_type=\"button.default\">\n\t\t\t\t<div class=\"elementor-widget-container\">\n\t\t\t\t\t\t\t\t\t<div class=\"elementor-button-wrapper\">\n\t\t\t\t\t<a class=\"elementor-button elementor-button-link elementor-size-sm\" href=\"https:\/\/docs.google.com\/forms\/d\/e\/1FAIpQLSdWH2awEnPk3suzZJeIVfVGOUpi1Rjb-LgvpkWD5WsD64sHrA\/viewform\" target=\"_blank\">\n\t\t\t\t\t\t<span class=\"elementor-button-content-wrapper\">\n\t\t\t\t\t\t\t\t\t<span class=\"elementor-button-text\">Reg\u00edstrate en<\/span>\n\t\t\t\t\t<\/span>\n\t\t\t\t\t<\/a>\n\t\t\t\t<\/div>\n\t\t\t\t\t\t\t\t<\/div>\n\t\t\t\t<\/div>\n\t\t\t\t<div class=\"elementor-element elementor-element-f781dfe elementor-widget elementor-widget-button\" data-id=\"f781dfe\" data-element_type=\"widget\" data-e-type=\"widget\" data-widget_type=\"button.default\">\n\t\t\t\t<div class=\"elementor-widget-container\">\n\t\t\t\t\t\t\t\t\t<div class=\"elementor-button-wrapper\">\n\t\t\t\t\t<a class=\"elementor-button elementor-button-link elementor-size-sm\" href=\"mailto:familyproject@irmo.org.uk\" target=\"_blank\">\n\t\t\t\t\t\t<span class=\"elementor-button-content-wrapper\">\n\t\t\t\t\t\t\t\t\t<span class=\"elementor-button-text\">Cont\u00e1ctanos<\/span>\n\t\t\t\t\t<\/span>\n\t\t\t\t\t<\/a>\n\t\t\t\t<\/div>\n\t\t\t\t\t\t\t\t<\/div>\n\t\t\t\t<\/div>\n\t\t\t\t\t<\/div>\n\t\t\t\t<\/div>\n\t\t\t\t<\/div>\n\t\t\t\t<\/div>\n\t\t<div class=\"elementor-element elementor-element-bf7ca7d e-con-full elementor-hidden-tablet elementor-hidden-mobile e-flex e-con e-child\" data-id=\"bf7ca7d\" data-element_type=\"container\" data-e-type=\"container\">\n\t\t<div class=\"elementor-element elementor-element-20a95c94 e-flex e-con-boxed e-con e-child\" data-id=\"20a95c94\" data-element_type=\"container\" data-e-type=\"container\">\n\t\t\t\t\t<div class=\"e-con-inner\">\n\t\t<div class=\"elementor-element elementor-element-41862703 e-flex e-con-boxed e-con e-child\" data-id=\"41862703\" data-element_type=\"container\" data-e-type=\"container\" data-settings=\"{&quot;background_background&quot;:&quot;classic&quot;}\">\n\t\t\t\t\t<div class=\"e-con-inner\">\n\t\t\t\t\t<\/div>\n\t\t\t\t<\/div>\n\t\t<div class=\"elementor-element elementor-element-14b5400b e-flex e-con-boxed e-con e-child\" data-id=\"14b5400b\" data-element_type=\"container\" data-e-type=\"container\" data-settings=\"{&quot;background_background&quot;:&quot;classic&quot;}\">\n\t\t\t\t\t<div class=\"e-con-inner\">\n\t\t\t\t<div class=\"elementor-element elementor-element-4e787d14 elementor-widget elementor-widget-heading\" data-id=\"4e787d14\" data-element_type=\"widget\" data-e-type=\"widget\" data-widget_type=\"heading.default\">\n\t\t\t\t<div class=\"elementor-widget-container\">\n\t\t\t\t\t<h2 class=\"elementor-heading-title elementor-size-default\">\u00bfQu\u00e9 hacemos?<\/h2>\t\t\t\t<\/div>\n\t\t\t\t<\/div>\n\t\t\t\t<div class=\"elementor-element elementor-element-58f60140 elementor-widget elementor-widget-shortcode\" data-id=\"58f60140\" data-element_type=\"widget\" data-e-type=\"widget\" data-widget_type=\"shortcode.default\">\n\t\t\t\t<div class=\"elementor-widget-container\">\n\t\t\t\t\t\t\t<div class=\"elementor-shortcode\"><div class=\"menu-services-lang-es-container\"><ul id=\"menu-services-lang-es\" class=\"menu list-menu\"><li id=\"menu-item-4331\" class=\"menu-item menu-item-type-post_type menu-item-object-page menu-item-has-children menu-item-4331\"><a href=\"https:\/\/irmo.org.uk\/es\/nuestros-servicios\/advice\/\">Asesor\u00eda<\/a>\n<ul class=\"sub-menu\">\n\t<li id=\"menu-item-4332\" class=\"menu-item menu-item-type-post_type menu-item-object-page menu-item-4332\"><a href=\"https:\/\/irmo.org.uk\/es\/nuestros-servicios\/advice\/apoyo-comunitario\/\">Apoyo comunitario<\/a><\/li>\n\t<li id=\"menu-item-4333\" class=\"menu-item menu-item-type-post_type menu-item-object-page menu-item-4333\"><a href=\"https:\/\/irmo.org.uk\/es\/nuestros-servicios\/advice\/prestaciones-sociales-y-de-vivienda\/\">Prestaciones sociales y vivienda<\/a><\/li>\n\t<li id=\"menu-item-4334\" class=\"menu-item menu-item-type-post_type menu-item-object-page menu-item-4334\"><a href=\"https:\/\/irmo.org.uk\/es\/nuestros-servicios\/advice\/asesoramiento-sobre-inmigracion\/\">Asesoramiento sobre inmigraci\u00f3n<\/a><\/li>\n\t<li id=\"menu-item-4335\" class=\"menu-item menu-item-type-post_type menu-item-object-page menu-item-4335\"><a href=\"https:\/\/irmo.org.uk\/es\/nuestros-servicios\/advice\/acceso-a-la-asistencia-sanitaria\/\">Acceso a salud<\/a><\/li>\n<\/ul>\n<\/li>\n<li id=\"menu-item-4336\" class=\"menu-item menu-item-type-post_type menu-item-object-page menu-item-has-children menu-item-4336\"><a href=\"https:\/\/irmo.org.uk\/es\/nuestros-servicios\/educacion-formacion-y-empleo\/\">Educaci\u00f3n, capacitaci\u00f3n y empleo<\/a>\n<ul class=\"sub-menu\">\n\t<li id=\"menu-item-4337\" class=\"menu-item menu-item-type-post_type menu-item-object-page menu-item-4337\"><a href=\"https:\/\/irmo.org.uk\/es\/nuestros-servicios\/educacion-formacion-y-empleo\/clases-de-ingles\/\">Clases de ingl\u00e9s<\/a><\/li>\n\t<li id=\"menu-item-4338\" class=\"menu-item menu-item-type-post_type menu-item-object-page menu-item-4338\"><a href=\"https:\/\/irmo.org.uk\/es\/nuestros-servicios\/educacion-formacion-y-empleo\/apoyo-al-empleo\/\">Apoyo al empleo<\/a><\/li>\n\t<li id=\"menu-item-4339\" class=\"menu-item menu-item-type-post_type menu-item-object-page menu-item-4339\"><a href=\"https:\/\/irmo.org.uk\/es\/nuestros-servicios\/educacion-formacion-y-empleo\/programa-de-voluntariado\/\">Programa de voluntariado<\/a><\/li>\n<\/ul>\n<\/li>\n<li id=\"menu-item-4340\" class=\"menu-item menu-item-type-post_type menu-item-object-page menu-item-has-children menu-item-4340\"><a href=\"https:\/\/irmo.org.uk\/es\/nuestros-servicios\/ninos-y-jovenes\/\">Infancias y juventudes<\/a>\n<ul class=\"sub-menu\">\n\t<li id=\"menu-item-4341\" class=\"menu-item menu-item-type-post_type menu-item-object-page menu-item-4341\"><a href=\"https:\/\/irmo.org.uk\/es\/nuestros-servicios\/ninos-y-jovenes\/proyecto-familiar\/\">Proyecto familiar<\/a><\/li>\n\t<li id=\"menu-item-4342\" class=\"menu-item menu-item-type-post_type menu-item-object-page menu-item-4342\"><a href=\"https:\/\/irmo.org.uk\/es\/nuestros-servicios\/ninos-y-jovenes\/foro-latinoamericano-de-la-juventud\/\">Foro Juvenil Latinoamericano<\/a><\/li>\n\t<li id=\"menu-item-4345\" class=\"menu-item menu-item-type-post_type menu-item-object-page menu-item-4345\"><a href=\"https:\/\/irmo.org.uk\/es\/nuestros-servicios\/ninos-y-jovenes\/acceso-a-la-educacion\/\">Campa\u00f1a de Acceso a la Educaci\u00f3n<\/a><\/li>\n<\/ul>\n<\/li>\n<li id=\"menu-item-4346\" class=\"menu-item menu-item-type-post_type menu-item-object-page menu-item-4346\"><a href=\"https:\/\/irmo.org.uk\/es\/nuestros-servicios\/defensa-investigacion-y-campanas\/\">Incidencia, Investigaci\u00f3n y Campa\u00f1as Sociales<\/a><\/li>\n<\/ul><\/div><\/div>\n\t\t\t\t\t\t<\/div>\n\t\t\t\t<\/div>\n\t\t\t\t\t<\/div>\n\t\t\t\t<\/div>\n\t\t\t\t\t<\/div>\n\t\t\t\t<\/div>\n\t\t\t\t<\/div>\n\t\t\t\t\t<\/div>\n\t\t\t\t<\/div>\n\t\t\t\t<\/div>\n\t\t","protected":false},"excerpt":{"rendered":"<p>Apoyando a ni\u00f1as y ni\u00f1os de 5 a 12 a\u00f1os y a sus familias, nuestro proyecto les ayuda a acceder a la educaci\u00f3n y al apoyo para necesidades especiales, mejorar su aprendizaje y ampliar sus horizontes. Tambi\u00e9n brindamos asistencia a las familias para que accedan a recursos clave , servicios y actividades que fomenten el [&hellip;]<\/p>\n","protected":false},"author":1,"featured_media":0,"parent":4254,"menu_order":0,"comment_status":"closed","ping_status":"closed","template":"","meta":{"_acf_changed":false,"inline_featured_image":false,"_monsterinsights_skip_tracking":false,"_monsterinsights_sitenote_active":false,"_monsterinsights_sitenote_note":"","_monsterinsights_sitenote_category":0,"footnotes":""},"class_list":["post-4247","page","type-page","status-publish","hentry"],"acf":[],"_links":{"self":[{"href":"https:\/\/irmo.org.uk\/es\/wp-json\/wp\/v2\/pages\/4247","targetHints":{"allow":["GET"]}}],"collection":[{"href":"https:\/\/irmo.org.uk\/es\/wp-json\/wp\/v2\/pages"}],"about":[{"href":"https:\/\/irmo.org.uk\/es\/wp-json\/wp\/v2\/types\/page"}],"author":[{"embeddable":true,"href":"https:\/\/irmo.org.uk\/es\/wp-json\/wp\/v2\/users\/1"}],"replies":[{"embeddable":true,"href":"https:\/\/irmo.org.uk\/es\/wp-json\/wp\/v2\/comments?post=4247"}],"version-history":[{"count":7,"href":"https:\/\/irmo.org.uk\/es\/wp-json\/wp\/v2\/pages\/4247\/revisions"}],"predecessor-version":[{"id":7852,"href":"https:\/\/irmo.org.uk\/es\/wp-json\/wp\/v2\/pages\/4247\/revisions\/7852"}],"up":[{"embeddable":true,"href":"https:\/\/irmo.org.uk\/es\/wp-json\/wp\/v2\/pages\/4254"}],"wp:attachment":[{"href":"https:\/\/irmo.org.uk\/es\/wp-json\/wp\/v2\/media?parent=4247"}],"curies":[{"name":"wp","href":"https:\/\/api.w.org\/{rel}","templated":true}]}}