{"id":4252,"date":"2023-10-31T12:02:28","date_gmt":"2023-10-31T12:02:28","guid":{"rendered":"https:\/\/irmo.creative.coop\/nuestros-servicios\/educacion-formacion-y-empleo\/"},"modified":"2026-03-25T15:56:50","modified_gmt":"2026-03-25T15:56:50","slug":"educacion-formacion-y-empleo","status":"publish","type":"page","link":"https:\/\/irmo.org.uk\/es\/nuestros-servicios\/educacion-formacion-y-empleo\/","title":{"rendered":"Educaci\u00f3n, capacitaci\u00f3n y empleo"},"content":{"rendered":"\t\t<div data-elementor-type=\"wp-page\" data-elementor-id=\"4252\" class=\"elementor elementor-4252 elementor-56\" data-elementor-post-type=\"page\">\n\t\t\t\t<div class=\"elementor-element elementor-element-e58f5c1 e-flex e-con-boxed e-con e-parent\" data-id=\"e58f5c1\" data-element_type=\"container\" data-e-type=\"container\" data-settings=\"{&quot;background_background&quot;:&quot;classic&quot;}\">\n\t\t\t\t\t<div class=\"e-con-inner\">\n\t\t\t\t<div class=\"elementor-element elementor-element-fc040be elementor-widget__width-inherit elementor-absolute top-wave elementor-widget elementor-widget-image\" data-id=\"fc040be\" data-element_type=\"widget\" data-e-type=\"widget\" data-settings=\"{&quot;_position&quot;:&quot;absolute&quot;}\" data-widget_type=\"image.default\">\n\t\t\t\t<div class=\"elementor-widget-container\">\n\t\t\t\t\t\t\t\t\t\t\t\t\t\t\t<img fetchpriority=\"high\" decoding=\"async\" width=\"1440\" height=\"78\" src=\"https:\/\/irmo.org.uk\/wp-content\/uploads\/2023\/11\/green-top-curve.svg\" class=\"attachment-full size-full wp-image-963\" alt=\"\" \/>\t\t\t\t\t\t\t\t\t\t\t\t\t\t\t<\/div>\n\t\t\t\t<\/div>\n\t\t<div class=\"elementor-element elementor-element-2d31b06 e-con-full e-flex e-con e-child\" data-id=\"2d31b06\" data-element_type=\"container\" data-e-type=\"container\">\n\t\t\t\t<\/div>\n\t\t\t\t<div class=\"elementor-element elementor-element-c4f9e6d elementor-widget__width-inherit elementor-absolute bottom-wave elementor-widget elementor-widget-image\" data-id=\"c4f9e6d\" data-element_type=\"widget\" data-e-type=\"widget\" data-settings=\"{&quot;_position&quot;:&quot;absolute&quot;}\" data-widget_type=\"image.default\">\n\t\t\t\t<div class=\"elementor-widget-container\">\n\t\t\t\t\t\t\t\t\t\t\t\t\t\t\t<img decoding=\"async\" width=\"1440\" height=\"78\" src=\"https:\/\/irmo.org.uk\/wp-content\/uploads\/2023\/10\/white-bottom-curve.svg\" class=\"attachment-full size-full wp-image-883\" alt=\"\" \/>\t\t\t\t\t\t\t\t\t\t\t\t\t\t\t<\/div>\n\t\t\t\t<\/div>\n\t\t\t\t\t<\/div>\n\t\t\t\t<\/div>\n\t\t<div class=\"elementor-element elementor-element-3ae05e9 e-flex e-con-boxed e-con e-parent\" data-id=\"3ae05e9\" data-element_type=\"container\" data-e-type=\"container\" data-settings=\"{&quot;background_background&quot;:&quot;classic&quot;}\">\n\t\t\t\t\t<div class=\"e-con-inner\">\n\t\t<div class=\"elementor-element elementor-element-06163d7 e-flex e-con-boxed e-con e-child\" data-id=\"06163d7\" data-element_type=\"container\" data-e-type=\"container\">\n\t\t\t\t\t<div class=\"e-con-inner\">\n\t\t<div class=\"elementor-element elementor-element-62aadf8 e-con-full e-flex e-con e-child\" data-id=\"62aadf8\" data-element_type=\"container\" data-e-type=\"container\">\n\t\t\t\t<div class=\"elementor-element elementor-element-093b24d elementor-widget elementor-widget-text-editor\" data-id=\"093b24d\" data-element_type=\"widget\" data-e-type=\"widget\" data-widget_type=\"text-editor.default\">\n\t\t\t\t<div class=\"elementor-widget-container\">\n\t\t\t\t\t\t\t\t\t<p><span style=\"font-weight: 400;\">Nuestro programa de educaci\u00f3n, formaci\u00f3n y empleo incluye una serie de actividades destinadas a mejorar la integraci\u00f3n social y cultural de nuestras personas beneficiarias en el Reino Unido. <\/span><\/p><p><span style=\"font-weight: 400;\">Nuestras actividades incluyen clases de ingl\u00e9s para hablantes de otras lenguas (ESOL) para adultos, que se adaptan a las necesidades de nuestra comunidad en cuanto a contenido y horarios.<\/span><\/p><p><span style=\"font-weight: 400;\">Tambi\u00e9n ofrecemos asesor\u00eda individualizada y apoyo en la b\u00fasqueda de empleo, tutor\u00eda profesional, formaci\u00f3n profesional y talleres sobre aptitudes para el empleo.<\/span><\/p><p><span style=\"font-weight: 400;\">A trav\u00e9s de estas actividades, las personas beneficiarias adquieren habilidades para iniciarse y progresar en el mercado laboral brit\u00e1nico, adem\u00e1s de aumentar su participaci\u00f3n c\u00edvica, cultural y social en la comunidad en general.<\/span><\/p>\t\t\t\t\t\t\t\t<\/div>\n\t\t\t\t<\/div>\n\t\t\t\t<\/div>\n\t\t<div class=\"elementor-element elementor-element-8330ea4 e-con-full e-flex e-con e-child\" data-id=\"8330ea4\" data-element_type=\"container\" data-e-type=\"container\">\n\t\t<div class=\"elementor-element elementor-element-9b4b374 e-flex e-con-boxed e-con e-child\" data-id=\"9b4b374\" data-element_type=\"container\" data-e-type=\"container\">\n\t\t\t\t\t<div class=\"e-con-inner\">\n\t\t<div class=\"elementor-element elementor-element-e0d285f e-flex e-con-boxed e-con e-child\" data-id=\"e0d285f\" data-element_type=\"container\" data-e-type=\"container\" data-settings=\"{&quot;background_background&quot;:&quot;classic&quot;}\">\n\t\t\t\t\t<div class=\"e-con-inner\">\n\t\t\t\t\t<\/div>\n\t\t\t\t<\/div>\n\t\t<div class=\"elementor-element elementor-element-607f483 e-flex e-con-boxed e-con e-child\" data-id=\"607f483\" data-element_type=\"container\" data-e-type=\"container\" data-settings=\"{&quot;background_background&quot;:&quot;classic&quot;}\">\n\t\t\t\t\t<div class=\"e-con-inner\">\n\t\t\t\t<div class=\"elementor-element elementor-element-0433950 elementor-widget elementor-widget-heading\" data-id=\"0433950\" data-element_type=\"widget\" data-e-type=\"widget\" data-widget_type=\"heading.default\">\n\t\t\t\t<div class=\"elementor-widget-container\">\n\t\t\t\t\t<h2 class=\"elementor-heading-title elementor-size-default\">Otros servicios<\/h2>\t\t\t\t<\/div>\n\t\t\t\t<\/div>\n\t\t\t\t<div class=\"elementor-element elementor-element-70b6042 elementor-widget elementor-widget-shortcode\" data-id=\"70b6042\" data-element_type=\"widget\" data-e-type=\"widget\" data-widget_type=\"shortcode.default\">\n\t\t\t\t<div class=\"elementor-widget-container\">\n\t\t\t\t\t\t\t<div class=\"elementor-shortcode\"><div class=\"menu-services-lang-es-container\"><ul id=\"menu-services-lang-es\" class=\"menu list-menu\"><li id=\"menu-item-4331\" class=\"menu-item menu-item-type-post_type menu-item-object-page menu-item-has-children menu-item-4331\"><a href=\"https:\/\/irmo.org.uk\/es\/nuestros-servicios\/advice\/\">Asesor\u00eda<\/a>\n<ul class=\"sub-menu\">\n\t<li id=\"menu-item-4332\" class=\"menu-item menu-item-type-post_type menu-item-object-page menu-item-4332\"><a href=\"https:\/\/irmo.org.uk\/es\/nuestros-servicios\/advice\/apoyo-comunitario\/\">Apoyo comunitario<\/a><\/li>\n\t<li id=\"menu-item-4333\" class=\"menu-item menu-item-type-post_type menu-item-object-page menu-item-4333\"><a href=\"https:\/\/irmo.org.uk\/es\/nuestros-servicios\/advice\/prestaciones-sociales-y-de-vivienda\/\">Prestaciones sociales y vivienda<\/a><\/li>\n\t<li id=\"menu-item-4334\" class=\"menu-item menu-item-type-post_type menu-item-object-page menu-item-4334\"><a href=\"https:\/\/irmo.org.uk\/es\/nuestros-servicios\/advice\/asesoramiento-sobre-inmigracion\/\">Asesoramiento sobre inmigraci\u00f3n<\/a><\/li>\n\t<li id=\"menu-item-4335\" class=\"menu-item menu-item-type-post_type menu-item-object-page menu-item-4335\"><a href=\"https:\/\/irmo.org.uk\/es\/nuestros-servicios\/advice\/acceso-a-la-asistencia-sanitaria\/\">Acceso a salud<\/a><\/li>\n<\/ul>\n<\/li>\n<li id=\"menu-item-4336\" class=\"menu-item menu-item-type-post_type menu-item-object-page menu-item-has-children menu-item-4336\"><a href=\"https:\/\/irmo.org.uk\/es\/nuestros-servicios\/educacion-formacion-y-empleo\/\">Educaci\u00f3n, capacitaci\u00f3n y empleo<\/a>\n<ul class=\"sub-menu\">\n\t<li id=\"menu-item-4337\" class=\"menu-item menu-item-type-post_type menu-item-object-page menu-item-4337\"><a href=\"https:\/\/irmo.org.uk\/es\/nuestros-servicios\/educacion-formacion-y-empleo\/clases-de-ingles\/\">Clases de ingl\u00e9s<\/a><\/li>\n\t<li id=\"menu-item-4338\" class=\"menu-item menu-item-type-post_type menu-item-object-page menu-item-4338\"><a href=\"https:\/\/irmo.org.uk\/es\/nuestros-servicios\/educacion-formacion-y-empleo\/apoyo-al-empleo\/\">Apoyo al empleo<\/a><\/li>\n\t<li id=\"menu-item-4339\" class=\"menu-item menu-item-type-post_type menu-item-object-page menu-item-4339\"><a href=\"https:\/\/irmo.org.uk\/es\/nuestros-servicios\/educacion-formacion-y-empleo\/programa-de-voluntariado\/\">Programa de voluntariado<\/a><\/li>\n<\/ul>\n<\/li>\n<li id=\"menu-item-4340\" class=\"menu-item menu-item-type-post_type menu-item-object-page menu-item-has-children menu-item-4340\"><a href=\"https:\/\/irmo.org.uk\/es\/nuestros-servicios\/ninos-y-jovenes\/\">Infancias y juventudes<\/a>\n<ul class=\"sub-menu\">\n\t<li id=\"menu-item-4341\" class=\"menu-item menu-item-type-post_type menu-item-object-page menu-item-4341\"><a href=\"https:\/\/irmo.org.uk\/es\/nuestros-servicios\/ninos-y-jovenes\/proyecto-familiar\/\">Proyecto familiar<\/a><\/li>\n\t<li id=\"menu-item-4342\" class=\"menu-item menu-item-type-post_type menu-item-object-page menu-item-4342\"><a href=\"https:\/\/irmo.org.uk\/es\/nuestros-servicios\/ninos-y-jovenes\/foro-latinoamericano-de-la-juventud\/\">Foro Juvenil Latinoamericano<\/a><\/li>\n\t<li id=\"menu-item-4345\" class=\"menu-item menu-item-type-post_type menu-item-object-page menu-item-4345\"><a href=\"https:\/\/irmo.org.uk\/es\/nuestros-servicios\/ninos-y-jovenes\/acceso-a-la-educacion\/\">Campa\u00f1a de Acceso a la Educaci\u00f3n<\/a><\/li>\n<\/ul>\n<\/li>\n<li id=\"menu-item-4346\" class=\"menu-item menu-item-type-post_type menu-item-object-page menu-item-4346\"><a href=\"https:\/\/irmo.org.uk\/es\/nuestros-servicios\/defensa-investigacion-y-campanas\/\">Incidencia, Investigaci\u00f3n y Campa\u00f1as Sociales<\/a><\/li>\n<\/ul><\/div><\/div>\n\t\t\t\t\t\t<\/div>\n\t\t\t\t<\/div>\n\t\t\t\t\t<\/div>\n\t\t\t\t<\/div>\n\t\t\t\t\t<\/div>\n\t\t\t\t<\/div>\n\t\t\t\t<\/div>\n\t\t\t\t\t<\/div>\n\t\t\t\t<\/div>\n\t\t\t\t<div class=\"elementor-element elementor-element-0ee81b4 elementor-widget-divider--view-line_icon elementor-view-default elementor-widget-divider--element-align-center elementor-widget elementor-widget-global elementor-global-5142 elementor-global-299 elementor-widget-divider\" data-id=\"0ee81b4\" data-element_type=\"widget\" data-e-type=\"widget\" data-widget_type=\"divider.default\">\n\t\t\t\t<div class=\"elementor-widget-container\">\n\t\t\t\t\t\t\t<div class=\"elementor-divider\">\n\t\t\t<span class=\"elementor-divider-separator\">\n\t\t\t\t\t\t\t<div class=\"elementor-icon elementor-divider__element\">\n\t\t\t\t\t<svg xmlns=\"http:\/\/www.w3.org\/2000\/svg\" width=\"77\" height=\"19\" viewBox=\"0 0 77 19\" fill=\"none\"><path d=\"M7 16.4634C10.866 16.4634 14 13.3294 14 9.46344C14 5.59745 10.866 2.46344 7 2.46344C3.13401 2.46344 0 5.59745 0 9.46344C0 13.3294 3.13401 16.4634 7 16.4634Z\" fill=\"#1B91E0\"><\/path><path d=\"M74.6626 2.46344H66.3374C65.0465 2.46344 64 3.50995 64 4.80088V13.126C64 14.4169 65.0465 15.4634 66.3374 15.4634H74.6626C75.9535 15.4634 77 14.4169 77 13.126V4.80088C77 3.50995 75.9535 2.46344 74.6626 2.46344Z\" fill=\"#7CCE51\"><\/path><path d=\"M55.8386 6.74416L51.5224 2.48756C50.1293 1.11372 47.8707 1.11372 46.4776 2.48756L42.1614 6.74416C40.7683 8.118 40.7683 10.3454 42.1614 11.7193L46.4776 15.9759C47.8707 17.3497 50.1293 17.3497 51.5224 15.9759L55.8386 11.7193C57.2317 10.3454 57.2317 8.118 55.8386 6.74416Z\" fill=\"#F4A300\"><\/path><path d=\"M19.4001 15.3603C19.8703 16.0477 20.6755 16.4634 21.5395 16.4634L31.4605 16.4634C32.3245 16.4634 33.1297 16.0477 33.5999 15.3603C34.0642 14.673 34.1289 13.8082 33.7704 13.0654L28.8098 2.86034C28.3984 2.00668 27.4933 1.46344 26.5 1.46344C25.5067 1.46344 24.6016 2.01222 24.1902 2.86034L19.2296 13.0654C18.8711 13.8082 18.9358 14.673 19.4001 15.3603Z\" fill=\"#A554C6\"><\/path><\/svg><\/div>\n\t\t\t\t\t\t<\/span>\n\t\t<\/div>\n\t\t\t\t\t\t<\/div>\n\t\t\t\t<\/div>\n\t\t<div class=\"elementor-element elementor-element-e49a245 e-flex e-con-boxed e-con e-child\" data-id=\"e49a245\" data-element_type=\"container\" data-e-type=\"container\">\n\t\t\t\t\t<div class=\"e-con-inner\">\n\t\t\t\t<div class=\"elementor-element elementor-element-7ef3c68 elementor-widget elementor-widget-heading\" data-id=\"7ef3c68\" data-element_type=\"widget\" data-e-type=\"widget\" data-widget_type=\"heading.default\">\n\t\t\t\t<div class=\"elementor-widget-container\">\n\t\t\t\t\t<h2 class=\"elementor-heading-title elementor-size-default\">Nuestros Servicios de Educaci\u00f3n, Capacitaci\u00f3n y Empleo<\/h2>\t\t\t\t<\/div>\n\t\t\t\t<\/div>\n\t\t<div class=\"elementor-element elementor-element-d86b708 e-flex e-con-boxed e-con e-child\" data-id=\"d86b708\" data-element_type=\"container\" data-e-type=\"container\">\n\t\t\t\t\t<div class=\"e-con-inner\">\n\t\t<a class=\"elementor-element elementor-element-af7b541 e-con-full service-link service-link-education e-flex e-con e-child\" data-id=\"af7b541\" data-element_type=\"container\" data-e-type=\"container\" data-settings=\"{&quot;background_background&quot;:&quot;classic&quot;}\" href=\"https:\/\/irmo.org.uk\/what-we-do\/education-training-employment\/english-classes\/\">\n\t\t\t\t<div class=\"elementor-element elementor-element-267896a elementor-widget elementor-widget-image\" data-id=\"267896a\" data-element_type=\"widget\" data-e-type=\"widget\" data-widget_type=\"image.default\">\n\t\t\t\t<div class=\"elementor-widget-container\">\n\t\t\t\t\t\t\t\t\t\t\t\t\t\t\t<img decoding=\"async\" width=\"1024\" height=\"1024\" src=\"https:\/\/irmo.org.uk\/wp-content\/uploads\/2023\/11\/icon-classes.svg\" class=\"attachment-large size-large wp-image-969\" alt=\"\" \/>\t\t\t\t\t\t\t\t\t\t\t\t\t\t\t<\/div>\n\t\t\t\t<\/div>\n\t\t<div class=\"elementor-element elementor-element-aeaca24 e-flex e-con-boxed e-con e-child\" data-id=\"aeaca24\" data-element_type=\"container\" data-e-type=\"container\">\n\t\t\t\t\t<div class=\"e-con-inner\">\n\t\t\t\t<div class=\"elementor-element elementor-element-89c0e20 elementor-widget elementor-widget-heading\" data-id=\"89c0e20\" data-element_type=\"widget\" data-e-type=\"widget\" data-widget_type=\"heading.default\">\n\t\t\t\t<div class=\"elementor-widget-container\">\n\t\t\t\t\t<h3 class=\"elementor-heading-title elementor-size-default\">Clases de ingl\u00e9s<\/h3>\t\t\t\t<\/div>\n\t\t\t\t<\/div>\n\t\t\t\t<div class=\"elementor-element elementor-element-a21e8f0 elementor-widget elementor-widget-heading\" data-id=\"a21e8f0\" data-element_type=\"widget\" data-e-type=\"widget\" data-widget_type=\"heading.default\">\n\t\t\t\t<div class=\"elementor-widget-container\">\n\t\t\t\t\t<p class=\"elementor-heading-title elementor-size-default\">Clases de ingl\u00e9s dise\u00f1adas en funci\u00f3n de las necesidades de cada grupo. Todas nuestras clases tienen un fuerte sentido comunitario. <\/p>\t\t\t\t<\/div>\n\t\t\t\t<\/div>\n\t\t\t\t\t<\/div>\n\t\t\t\t<\/div>\n\t\t\t\t<\/a>\n\t\t<a class=\"elementor-element elementor-element-6cdf948 e-con-full service-link service-link-education e-flex e-con e-child\" data-id=\"6cdf948\" data-element_type=\"container\" data-e-type=\"container\" data-settings=\"{&quot;background_background&quot;:&quot;classic&quot;}\" href=\"https:\/\/irmo.org.uk\/what-we-do\/education-training-employment\/employment-support\/\">\n\t\t\t\t<div class=\"elementor-element elementor-element-5d36012 elementor-widget elementor-widget-image\" data-id=\"5d36012\" data-element_type=\"widget\" data-e-type=\"widget\" data-widget_type=\"image.default\">\n\t\t\t\t<div class=\"elementor-widget-container\">\n\t\t\t\t\t\t\t\t\t\t\t\t\t\t\t<img loading=\"lazy\" decoding=\"async\" width=\"1024\" height=\"1024\" src=\"https:\/\/irmo.org.uk\/wp-content\/uploads\/2023\/11\/icon-employment.svg\" class=\"attachment-large size-large wp-image-975\" alt=\"\" \/>\t\t\t\t\t\t\t\t\t\t\t\t\t\t\t<\/div>\n\t\t\t\t<\/div>\n\t\t<div class=\"elementor-element elementor-element-069e4e6 e-flex e-con-boxed e-con e-child\" data-id=\"069e4e6\" data-element_type=\"container\" data-e-type=\"container\">\n\t\t\t\t\t<div class=\"e-con-inner\">\n\t\t\t\t<div class=\"elementor-element elementor-element-1ffd328 elementor-widget elementor-widget-heading\" data-id=\"1ffd328\" data-element_type=\"widget\" data-e-type=\"widget\" data-widget_type=\"heading.default\">\n\t\t\t\t<div class=\"elementor-widget-container\">\n\t\t\t\t\t<h3 class=\"elementor-heading-title elementor-size-default\">Apoyo al empleo<\/h3>\t\t\t\t<\/div>\n\t\t\t\t<\/div>\n\t\t\t\t<div class=\"elementor-element elementor-element-81fad13 elementor-widget elementor-widget-heading\" data-id=\"81fad13\" data-element_type=\"widget\" data-e-type=\"widget\" data-widget_type=\"heading.default\">\n\t\t\t\t<div class=\"elementor-widget-container\">\n\t\t\t\t\t<p class=\"elementor-heading-title elementor-size-default\">Nuestro programa de apoyo al empleo ofrece sesiones de tutor\u00eda para ayudar con los CV, la b\u00fasqueda de empleo, las declaraciones personales y la preparaci\u00f3n de entrevistas.<\/p>\t\t\t\t<\/div>\n\t\t\t\t<\/div>\n\t\t\t\t\t<\/div>\n\t\t\t\t<\/div>\n\t\t\t\t<\/a>\n\t\t<a class=\"elementor-element elementor-element-3ca9614 e-con-full service-link service-link-education e-flex e-con e-child\" data-id=\"3ca9614\" data-element_type=\"container\" data-e-type=\"container\" data-settings=\"{&quot;background_background&quot;:&quot;classic&quot;}\" href=\"https:\/\/irmo.org.uk\/what-we-do\/education-training-employment\/volunteer-scheme\/\">\n\t\t\t\t<div class=\"elementor-element elementor-element-c90c1ae elementor-widget elementor-widget-image\" data-id=\"c90c1ae\" data-element_type=\"widget\" data-e-type=\"widget\" data-widget_type=\"image.default\">\n\t\t\t\t<div class=\"elementor-widget-container\">\n\t\t\t\t\t\t\t\t\t\t\t\t\t\t\t<img loading=\"lazy\" decoding=\"async\" width=\"1024\" height=\"1024\" src=\"https:\/\/irmo.org.uk\/wp-content\/uploads\/2023\/11\/icon-volunteer.svg\" class=\"attachment-large size-large wp-image-973\" alt=\"\" \/>\t\t\t\t\t\t\t\t\t\t\t\t\t\t\t<\/div>\n\t\t\t\t<\/div>\n\t\t<div class=\"elementor-element elementor-element-ab3428b e-flex e-con-boxed e-con e-child\" data-id=\"ab3428b\" data-element_type=\"container\" data-e-type=\"container\">\n\t\t\t\t\t<div class=\"e-con-inner\">\n\t\t\t\t<div class=\"elementor-element elementor-element-d765436 elementor-widget elementor-widget-heading\" data-id=\"d765436\" data-element_type=\"widget\" data-e-type=\"widget\" data-widget_type=\"heading.default\">\n\t\t\t\t<div class=\"elementor-widget-container\">\n\t\t\t\t\t<h3 class=\"elementor-heading-title elementor-size-default\">Programa de voluntariado<\/h3>\t\t\t\t<\/div>\n\t\t\t\t<\/div>\n\t\t\t\t<div class=\"elementor-element elementor-element-0e17a6e elementor-widget elementor-widget-heading\" data-id=\"0e17a6e\" data-element_type=\"widget\" data-e-type=\"widget\" data-widget_type=\"heading.default\">\n\t\t\t\t<div class=\"elementor-widget-container\">\n\t\t\t\t\t<p class=\"elementor-heading-title elementor-size-default\">Nuestro programa de voluntariado es una forma estupenda de apoyar a la comunidad latinoamericana, a la vez que mejoras tu ingl\u00e9s, aprendes nuevas habilidades y adquieres experiencia y contactos valiosos.<\/p>\t\t\t\t<\/div>\n\t\t\t\t<\/div>\n\t\t\t\t\t<\/div>\n\t\t\t\t<\/div>\n\t\t\t\t<\/a>\n\t\t\t\t\t<\/div>\n\t\t\t\t<\/div>\n\t\t\t\t\t<\/div>\n\t\t\t\t<\/div>\n\t\t<div class=\"elementor-element elementor-element-8498241 elementor-hidden-desktop elementor-hidden-tablet elementor-hidden-mobile e-flex e-con-boxed e-con e-child\" data-id=\"8498241\" data-element_type=\"container\" data-e-type=\"container\">\n\t\t\t\t\t<div class=\"e-con-inner\">\n\t\t\t\t<div class=\"elementor-element elementor-element-1bbd825 elementor-widget-divider--view-line elementor-widget elementor-widget-divider\" data-id=\"1bbd825\" data-element_type=\"widget\" data-e-type=\"widget\" data-widget_type=\"divider.default\">\n\t\t\t\t<div class=\"elementor-widget-container\">\n\t\t\t\t\t\t\t<div class=\"elementor-divider\">\n\t\t\t<span class=\"elementor-divider-separator\">\n\t\t\t\t\t\t<\/span>\n\t\t<\/div>\n\t\t\t\t\t\t<\/div>\n\t\t\t\t<\/div>\n\t\t\t\t<div class=\"elementor-element elementor-element-7b736fc elementor-widget elementor-widget-heading\" data-id=\"7b736fc\" data-element_type=\"widget\" data-e-type=\"widget\" data-widget_type=\"heading.default\">\n\t\t\t\t<div class=\"elementor-widget-container\">\n\t\t\t\t\t<h2 class=\"elementor-heading-title elementor-size-default\">Recursos<\/h2>\t\t\t\t<\/div>\n\t\t\t\t<\/div>\n\t\t<div class=\"elementor-element elementor-element-4a19845 e-flex e-con-boxed e-con e-child\" data-id=\"4a19845\" data-element_type=\"container\" data-e-type=\"container\">\n\t\t\t\t\t<div class=\"e-con-inner\">\n\t\t<div class=\"elementor-element elementor-element-6364d2a e-flex e-con-boxed e-con e-child\" data-id=\"6364d2a\" data-element_type=\"container\" data-e-type=\"container\">\n\t\t\t\t\t<div class=\"e-con-inner\">\n\t\t\t\t<div class=\"elementor-element elementor-element-c45075d elementor-widget elementor-widget-heading\" data-id=\"c45075d\" data-element_type=\"widget\" data-e-type=\"widget\" data-widget_type=\"heading.default\">\n\t\t\t\t<div class=\"elementor-widget-container\">\n\t\t\t\t\t<h3 class=\"elementor-heading-title elementor-size-default\">Recurso 1 T\u00edtulo<\/h3>\t\t\t\t<\/div>\n\t\t\t\t<\/div>\n\t\t\t\t<div class=\"elementor-element elementor-element-3cb6593 elementor-widget elementor-widget-heading\" data-id=\"3cb6593\" data-element_type=\"widget\" data-e-type=\"widget\" data-widget_type=\"heading.default\">\n\t\t\t\t<div class=\"elementor-widget-container\">\n\t\t\t\t\t<p class=\"elementor-heading-title elementor-size-default\">Descripci\u00f3n del recurso. - - - <\/p>\t\t\t\t<\/div>\n\t\t\t\t<\/div>\n\t\t\t\t<div class=\"elementor-element elementor-element-3fb8e58 elementor-widget elementor-widget-button\" data-id=\"3fb8e58\" data-element_type=\"widget\" data-e-type=\"widget\" data-widget_type=\"button.default\">\n\t\t\t\t<div class=\"elementor-widget-container\">\n\t\t\t\t\t\t\t\t\t<div class=\"elementor-button-wrapper\">\n\t\t\t\t\t<a class=\"elementor-button elementor-button-link elementor-size-sm\" href=\"https:\/\/irmo.org.uk\/es\/bienvenido-a-irmo\/conoce-a-nuestro-equipo\/\">\n\t\t\t\t\t\t<span class=\"elementor-button-content-wrapper\">\n\t\t\t\t\t\t\t\t\t<span class=\"elementor-button-text\">Enlace de recursos<\/span>\n\t\t\t\t\t<\/span>\n\t\t\t\t\t<\/a>\n\t\t\t\t<\/div>\n\t\t\t\t\t\t\t\t<\/div>\n\t\t\t\t<\/div>\n\t\t\t\t\t<\/div>\n\t\t\t\t<\/div>\n\t\t<div class=\"elementor-element elementor-element-9c96753 e-flex e-con-boxed e-con e-child\" data-id=\"9c96753\" data-element_type=\"container\" data-e-type=\"container\">\n\t\t\t\t\t<div class=\"e-con-inner\">\n\t\t\t\t<div class=\"elementor-element elementor-element-c1eab2c elementor-widget elementor-widget-heading\" data-id=\"c1eab2c\" data-element_type=\"widget\" data-e-type=\"widget\" data-widget_type=\"heading.default\">\n\t\t\t\t<div class=\"elementor-widget-container\">\n\t\t\t\t\t<h3 class=\"elementor-heading-title elementor-size-default\">Recurso 2 T\u00edtulo<\/h3>\t\t\t\t<\/div>\n\t\t\t\t<\/div>\n\t\t\t\t<div class=\"elementor-element elementor-element-b8afd9c elementor-widget elementor-widget-heading\" data-id=\"b8afd9c\" data-element_type=\"widget\" data-e-type=\"widget\" data-widget_type=\"heading.default\">\n\t\t\t\t<div class=\"elementor-widget-container\">\n\t\t\t\t\t<p class=\"elementor-heading-title elementor-size-default\">Descripci\u00f3n del recurso. - - - <\/p>\t\t\t\t<\/div>\n\t\t\t\t<\/div>\n\t\t\t\t<div class=\"elementor-element elementor-element-ccd64f6 elementor-widget elementor-widget-button\" data-id=\"ccd64f6\" data-element_type=\"widget\" data-e-type=\"widget\" data-widget_type=\"button.default\">\n\t\t\t\t<div class=\"elementor-widget-container\">\n\t\t\t\t\t\t\t\t\t<div class=\"elementor-button-wrapper\">\n\t\t\t\t\t<a class=\"elementor-button elementor-button-link elementor-size-sm\" href=\"https:\/\/irmo.org.uk\/es\/bienvenido-a-irmo\/conoce-a-nuestro-equipo\/\">\n\t\t\t\t\t\t<span class=\"elementor-button-content-wrapper\">\n\t\t\t\t\t\t\t\t\t<span class=\"elementor-button-text\">Enlace de recursos<\/span>\n\t\t\t\t\t<\/span>\n\t\t\t\t\t<\/a>\n\t\t\t\t<\/div>\n\t\t\t\t\t\t\t\t<\/div>\n\t\t\t\t<\/div>\n\t\t\t\t\t<\/div>\n\t\t\t\t<\/div>\n\t\t\t\t\t<\/div>\n\t\t\t\t<\/div>\n\t\t\t\t\t<\/div>\n\t\t\t\t<\/div>\n\t\t\t\t\t<\/div>\n\t\t\t\t<\/div>\n\t\t\t\t<\/div>\n\t\t","protected":false},"excerpt":{"rendered":"<p>Nuestro programa de educaci\u00f3n, formaci\u00f3n y empleo incluye una serie de actividades destinadas a mejorar la integraci\u00f3n social y cultural de nuestras personas beneficiarias en el Reino Unido. Nuestras actividades incluyen clases de ingl\u00e9s para hablantes de otras lenguas (ESOL) para adultos, que se adaptan a las necesidades de nuestra comunidad en cuanto a contenido [&hellip;]<\/p>\n","protected":false},"author":1,"featured_media":0,"parent":2683,"menu_order":0,"comment_status":"closed","ping_status":"closed","template":"","meta":{"_acf_changed":false,"inline_featured_image":false,"_monsterinsights_skip_tracking":false,"_monsterinsights_sitenote_active":false,"_monsterinsights_sitenote_note":"","_monsterinsights_sitenote_category":0,"footnotes":""},"class_list":["post-4252","page","type-page","status-publish","hentry"],"acf":[],"_links":{"self":[{"href":"https:\/\/irmo.org.uk\/es\/wp-json\/wp\/v2\/pages\/4252","targetHints":{"allow":["GET"]}}],"collection":[{"href":"https:\/\/irmo.org.uk\/es\/wp-json\/wp\/v2\/pages"}],"about":[{"href":"https:\/\/irmo.org.uk\/es\/wp-json\/wp\/v2\/types\/page"}],"author":[{"embeddable":true,"href":"https:\/\/irmo.org.uk\/es\/wp-json\/wp\/v2\/users\/1"}],"replies":[{"embeddable":true,"href":"https:\/\/irmo.org.uk\/es\/wp-json\/wp\/v2\/comments?post=4252"}],"version-history":[{"count":8,"href":"https:\/\/irmo.org.uk\/es\/wp-json\/wp\/v2\/pages\/4252\/revisions"}],"predecessor-version":[{"id":7848,"href":"https:\/\/irmo.org.uk\/es\/wp-json\/wp\/v2\/pages\/4252\/revisions\/7848"}],"up":[{"embeddable":true,"href":"https:\/\/irmo.org.uk\/es\/wp-json\/wp\/v2\/pages\/2683"}],"wp:attachment":[{"href":"https:\/\/irmo.org.uk\/es\/wp-json\/wp\/v2\/media?parent=4252"}],"curies":[{"name":"wp","href":"https:\/\/api.w.org\/{rel}","templated":true}]}}