{"id":5891,"date":"2023-10-30T17:31:27","date_gmt":"2023-10-30T17:31:27","guid":{"rendered":"https:\/\/irmo.org.uk\/politica-de-privacidad\/"},"modified":"2026-03-10T13:18:18","modified_gmt":"2026-03-10T13:18:18","slug":"politica-de-privacidad","status":"publish","type":"page","link":"https:\/\/irmo.org.uk\/es\/politica-de-privacidad\/","title":{"rendered":"Pol\u00edtica de privacidad"},"content":{"rendered":"\t\t<div data-elementor-type=\"wp-page\" data-elementor-id=\"5891\" class=\"elementor elementor-5891 elementor-3\" data-elementor-post-type=\"page\">\n\t\t\t\t<div class=\"elementor-element elementor-element-71438e44 e-flex e-con-boxed e-con e-parent\" data-id=\"71438e44\" data-element_type=\"container\" data-e-type=\"container\">\n\t\t\t\t\t<div class=\"e-con-inner\">\n\t\t\t\t<div class=\"elementor-element elementor-element-937704 elementor-widget elementor-widget-text-editor\" data-id=\"937704\" data-element_type=\"widget\" data-e-type=\"widget\" data-widget_type=\"text-editor.default\">\n\t\t\t\t<div class=\"elementor-widget-container\">\n\t\t\t\t\t\t\t\t\t<h3><b>Qui\u00e9nes somos<\/b><\/h3><p>IRMO (Organizaci\u00f3n Indoamericana para Refugiados y Migrantes) trabaja para posibilitar el desarrollo, la agencia y la participaci\u00f3n de los latinoamericanos y otros hispanohablantes y portugueses, respondiendo tanto a las necesidades inmediatas como a las desigualdades estructurales. Ofrecemos servicios de informaci\u00f3n y asesoramiento de alta calidad, oportunidades de desarrollo y formaci\u00f3n, y una plataforma para buscar el cambio social y sist\u00e9mico. <\/p><p>El IRMO es una organizaci\u00f3n ben\u00e9fica (1080813) y una empresa (3931483) registradas.<\/p><h3><b>Introducci\u00f3n<\/b><\/h3><p>Este aviso de privacidad explica c\u00f3mo recogemos, utilizamos y protegemos tu informaci\u00f3n personal y c\u00f3mo puedes ejercer tus derechos en relaci\u00f3n con estos datos. El IRMO se compromete a salvaguardar la privacidad de nuestros usuarios de servicios, personal, voluntarios y otras partes interesadas. <\/p><h3><b>\u00bfQu\u00e9 informaci\u00f3n personal recogemos?<\/b><\/h3><p>Recogemos varios tipos de informaci\u00f3n personal cuando utilizas nuestros servicios. Esto incluye, pero no se limita a: <\/p><ul><li aria-level=\"1\"><b>Informaci\u00f3n b\u00e1sica:<\/b> Nombre, fecha de nacimiento<\/li><li aria-level=\"1\"><b>Informaci\u00f3n de contacto:<\/b> Direcci\u00f3n de correo electr\u00f3nico, n\u00famero de tel\u00e9fono<\/li><li aria-level=\"1\"><b>Informaci\u00f3n sensible:<\/b> Origen racial o \u00e9tnico, situaci\u00f3n de inmigraci\u00f3n<\/li><li aria-level=\"1\"><b>Otros datos:<\/b> Cualquier otra informaci\u00f3n que nos facilites<\/li><\/ul><h3><b>\u00bfC\u00f3mo recogemos tu informaci\u00f3n personal?<\/b><\/h3><p>Recogemos informaci\u00f3n directamente de ti cuando<\/p><ul><li>Solicitar informaci\u00f3n<\/li><li>Rellena un formulario de inscripci\u00f3n<\/li><li>Inscr\u00edbete en uno de nuestros servicios<\/li><\/ul><p>Ocasionalmente, una organizaci\u00f3n tercera puede compartir informaci\u00f3n con nosotros, pero esto s\u00f3lo ocurrir\u00e1 con tu consentimiento.<\/p><h3><b>\u00bfPor qu\u00e9 recogemos tus datos?<\/b><\/h3><p>Utilizamos tus datos personales para los siguientes fines:<\/p><ul><li aria-level=\"1\">Para ponernos en contacto contigo en relaci\u00f3n con tu consulta<\/li><li aria-level=\"1\">Remitirte a otras organizaciones asociadas que puedan ayudarte<\/li><li aria-level=\"1\">Para informarte sobre nuestro trabajo, actualizaciones y noticias<\/li><li aria-level=\"1\">Procesar las opiniones sobre nuestros servicios y actividades<\/li><li aria-level=\"1\">Para supervisar, evaluar y mejorar nuestros servicios, incluidos los informes proporcionados a los financiadores y a efectos de solicitud de financiaci\u00f3n<\/li><\/ul><h3><b>Base jur\u00eddica para el tratamiento de tus datos personales<\/b><\/h3><p>Procesamos tus datos personales de conformidad con la Ley de Protecci\u00f3n de Datos de 2018, que es la aplicaci\u00f3n en el Reino Unido del Reglamento General de Protecci\u00f3n de Datos (RGPD). Procesamos tus datos personales de forma legal, justa y transparente, obteniendo tu consentimiento para su almacenamiento y procesamiento. <\/p><h3><b>\u00bfC\u00f3mo almacenamos tu informaci\u00f3n personal?<\/b><\/h3><p>IRMO almacena tus datos personales de forma segura y no los conserva m\u00e1s tiempo del necesario. Los periodos de conservaci\u00f3n est\u00e1ndar son los siguientes: <\/p><ul><li aria-level=\"1\"><b>Expedientes de casos de asesoramiento:<\/b> 6 a\u00f1os<\/li><li aria-level=\"1\"><b>Expedientes de personal y laborales:<\/b> 6 a\u00f1os<\/li><li aria-level=\"1\"><b>Seguimiento del proyecto:<\/b> 2-3 a\u00f1os (dependiendo de la necesidad de seguimiento a largo plazo)<\/li><li aria-level=\"1\"><strong>Proyecto de Aprendizaje de Adultos de Lambeth:<\/strong> 7 a\u00f1os  <\/li><\/ul><p>Solicitamos el consentimiento expl\u00edcito para almacenar fotos.<\/p><h3><b>\u00bfCompartiremos tu informaci\u00f3n personal?<\/b><\/h3><p>IRMO trata tus datos personales de forma confidencial y s\u00f3lo los compartir\u00e1 con terceros con tu conocimiento y consentimiento. Podemos compartir datos con: <\/p><ul><li aria-level=\"1\">Organizaciones implicadas en la prestaci\u00f3n de servicios o asesoramiento (por ejemplo, ayuntamientos, otras organizaciones ben\u00e9ficas)<\/li><li aria-level=\"1\">Asesores profesionales y auditores<\/li><li aria-level=\"1\">Autoridades reguladoras, juzgados, tribunales, organismos gubernamentales y fuerzas de seguridad (cuando lo exija la ley).<\/li><\/ul><p>Podemos compartir tus datos sin previo aviso si existe una preocupaci\u00f3n significativa por tu seguridad o la de otras personas.<\/p><h3><b>Tus derechos de protecci\u00f3n de datos<\/b><\/h3><p>Seg\u00fan la ley de protecci\u00f3n de datos, tienes los siguientes derechos:<\/p><ul><li aria-level=\"1\"><b>Derecho de acceso:<\/b> Solicitar copias de tus datos personales.<\/li><li aria-level=\"1\"><b>Derecho de rectificaci\u00f3n:<\/b> Solicitar la rectificaci\u00f3n de datos inexactos o incompletos.<\/li><li aria-level=\"1\"><b>Derecho de supresi\u00f3n:<\/b> Solicitar la supresi\u00f3n de tus datos personales en determinadas circunstancias.<\/li><li aria-level=\"1\"><b>Derecho a restringir el tratamiento:<\/b> Solicitar la restricci\u00f3n del tratamiento de tus datos personales en determinadas circunstancias.<\/li><li aria-level=\"1\"><b>Derecho a oponerte al tratamiento:<\/b> Oponerte al tratamiento de tus datos personales en determinadas circunstancias.<\/li><li aria-level=\"1\"><b>Derecho a la portabilidad de los datos:<\/b> Solicitar la transferencia de tus datos personales a otra organizaci\u00f3n o a ti mismo.<\/li><\/ul><p>Responderemos a tu solicitud en el plazo de un mes.<\/p><h3><b>Comentarios y medios de comunicaci\u00f3n<\/b><\/h3><p>Cuando los visitantes dejan comentarios en nuestro sitio web, recogemos los datos que aparecen en la secci\u00f3n \u00abContacto\u00bb. Los visitantes pueden descargar y extraer datos de localizaci\u00f3n de las im\u00e1genes del sitio web. <\/p><h3><b>Contenido incrustado<\/b><\/h3><p>Los documentos o art\u00edculos de nuestro sitio pueden incluir contenido incrustado (por ejemplo, v\u00eddeos, im\u00e1genes). El contenido incrustado de otros sitios web se comporta como si el visitante hubiera visitado el otro sitio web. Estos sitios web pueden recopilar datos, utilizar cookies, incrustar seguimiento de terceros y controlar la interacci\u00f3n con el contenido incrustado.  <\/p><h3><b>C\u00f3mo reclamar<\/b><\/h3><p>Si tienes alguna duda sobre el uso que hacemos de tus datos personales, puedes presentarnos una queja:<\/p><ul><li aria-level=\"1\"><b>Nombre:<\/b> Director de Operaciones (Responsable de Protecci\u00f3n de Datos)<\/li><li aria-level=\"1\"><b>Direcci\u00f3n:<\/b> Unidad 9, Warwick House. Overton Road.  Londres, SW9 7JP<\/li><li aria-level=\"1\"><b>Tel\u00e9fono:<\/b> 07512 071171<\/li><li aria-level=\"1\"><b>Correo electr\u00f3nico:<\/b> operations@irmo.org.uk<\/li><\/ul><div> <\/div><p>Tambi\u00e9n puedes reclamar ante la Oficina del Comisario de Informaci\u00f3n (ICO):<\/p><ul><li aria-level=\"1\"><b>Direcci\u00f3n:<\/b> Wycliffe House, Water Lane, Wilmslow, Cheshire, SK9 5AF<\/li><li aria-level=\"1\"><b>N\u00famero de tel\u00e9fono de ayuda:<\/b> 0303 123 1113<\/li><li aria-level=\"1\"><b>P\u00e1gina web del ICO:<\/b> <a href=\"https:\/\/www.ico.org.uk\/\">https:\/\/www.ico.org.uk<\/a><\/li><\/ul><p>Cuando se presente la queja, se compartir\u00e1 con el usuario del servicio nuestro Formulario de Quejas en el idioma correspondiente (disponible en espa\u00f1ol, portugu\u00e9s e ingl\u00e9s).<\/p><h3><b>Cambios en nuestro Aviso de Privacidad<\/b><\/h3><p>El IRMO puede actualizar este aviso de privacidad de vez en cuando. Este aviso de privacidad se actualiz\u00f3 por \u00faltima vez el 7 de octubre de 2024. <\/p>\t\t\t\t\t\t\t\t<\/div>\n\t\t\t\t<\/div>\n\t\t\t\t\t<\/div>\n\t\t\t\t<\/div>\n\t\t\t\t<\/div>\n\t\t","protected":false},"excerpt":{"rendered":"<p>Qui\u00e9nes somos IRMO (Organizaci\u00f3n Indoamericana para Refugiados y Migrantes) trabaja para posibilitar el desarrollo, la agencia y la participaci\u00f3n de los latinoamericanos y otros hispanohablantes y portugueses, respondiendo tanto a las necesidades inmediatas como a las desigualdades estructurales. Ofrecemos servicios de informaci\u00f3n y asesoramiento de alta calidad, oportunidades de desarrollo y formaci\u00f3n, y una plataforma [&hellip;]<\/p>\n","protected":false},"author":1,"featured_media":0,"parent":0,"menu_order":0,"comment_status":"closed","ping_status":"closed","template":"","meta":{"_acf_changed":false,"inline_featured_image":false,"_monsterinsights_skip_tracking":false,"_monsterinsights_sitenote_active":false,"_monsterinsights_sitenote_note":"","_monsterinsights_sitenote_category":0,"footnotes":""},"class_list":["post-5891","page","type-page","status-publish","hentry"],"acf":[],"_links":{"self":[{"href":"https:\/\/irmo.org.uk\/es\/wp-json\/wp\/v2\/pages\/5891","targetHints":{"allow":["GET"]}}],"collection":[{"href":"https:\/\/irmo.org.uk\/es\/wp-json\/wp\/v2\/pages"}],"about":[{"href":"https:\/\/irmo.org.uk\/es\/wp-json\/wp\/v2\/types\/page"}],"author":[{"embeddable":true,"href":"https:\/\/irmo.org.uk\/es\/wp-json\/wp\/v2\/users\/1"}],"replies":[{"embeddable":true,"href":"https:\/\/irmo.org.uk\/es\/wp-json\/wp\/v2\/comments?post=5891"}],"version-history":[{"count":6,"href":"https:\/\/irmo.org.uk\/es\/wp-json\/wp\/v2\/pages\/5891\/revisions"}],"predecessor-version":[{"id":7692,"href":"https:\/\/irmo.org.uk\/es\/wp-json\/wp\/v2\/pages\/5891\/revisions\/7692"}],"wp:attachment":[{"href":"https:\/\/irmo.org.uk\/es\/wp-json\/wp\/v2\/media?parent=5891"}],"curies":[{"name":"wp","href":"https:\/\/api.w.org\/{rel}","templated":true}]}}