{"id":4150,"date":"2023-11-13T14:49:24","date_gmt":"2023-11-13T14:49:24","guid":{"rendered":"https:\/\/irmo.creative.coop\/eventos\/"},"modified":"2026-01-05T12:56:29","modified_gmt":"2026-01-05T12:56:29","slug":"eventos","status":"publish","type":"page","link":"https:\/\/irmo.org.uk\/pt-br\/eventos\/","title":{"rendered":"Eventos"},"content":{"rendered":"\t\t<div data-elementor-type=\"wp-page\" data-elementor-id=\"4150\" class=\"elementor elementor-4150 elementor-1053\" data-elementor-post-type=\"page\">\n\t\t\t\t<div class=\"elementor-element elementor-element-157867b e-flex e-con-boxed e-con e-parent\" data-id=\"157867b\" data-element_type=\"container\" data-e-type=\"container\">\n\t\t\t\t\t<div class=\"e-con-inner\">\n\t\t\t\t<div class=\"elementor-element elementor-element-1f4ad6a elementor-widget__width-inherit elementor-absolute top-wave elementor-widget elementor-widget-image\" data-id=\"1f4ad6a\" data-element_type=\"widget\" data-e-type=\"widget\" data-settings=\"{&quot;_position&quot;:&quot;absolute&quot;}\" data-widget_type=\"image.default\">\n\t\t\t\t<div class=\"elementor-widget-container\">\n\t\t\t\t\t\t\t\t\t\t\t\t\t\t\t<img decoding=\"async\" src=\"https:\/\/irmo.creative.coop\/wp-content\/uploads\/2023\/10\/blue-top-curve.svg\" title=\"\" alt=\"\" loading=\"lazy\" \/>\t\t\t\t\t\t\t\t\t\t\t\t\t\t\t<\/div>\n\t\t\t\t<\/div>\n\t\t<div class=\"elementor-element elementor-element-e11443d e-con-full e-flex e-con e-child\" data-id=\"e11443d\" data-element_type=\"container\" data-e-type=\"container\">\n\t\t\t\t<div class=\"elementor-element elementor-element-252387b elementor-widget elementor-widget-heading\" data-id=\"252387b\" data-element_type=\"widget\" data-e-type=\"widget\" data-widget_type=\"heading.default\">\n\t\t\t\t<div class=\"elementor-widget-container\">\n\t\t\t\t\t<h1 class=\"elementor-heading-title elementor-size-default\">Pr\u00f3ximos Eventos<\/h1>\t\t\t\t<\/div>\n\t\t\t\t<\/div>\n\t\t\t\t<div class=\"elementor-element elementor-element-c25c100 elementor-widget elementor-widget-text-editor\" data-id=\"c25c100\" data-element_type=\"widget\" data-e-type=\"widget\" data-widget_type=\"text-editor.default\">\n\t\t\t\t<div class=\"elementor-widget-container\">\n\t\t\t\t\t\t\t\t\t<p><span style=\"white-space-collapse: preserve;\">Explore todos os pr\u00f3ximos eventos e atividades comunit\u00e1rios dispon\u00edveis com a IRMO ou por meio de nossos parceiros. Basta clicar em um evento para saber mais. Voc\u00ea pode pesquisar por categoria, local ou data.  <\/span><span style=\"white-space-collapse: preserve;\"> <\/span><\/p>\t\t\t\t\t\t\t\t<\/div>\n\t\t\t\t<\/div>\n\t\t\t\t<\/div>\n\t\t\t\t\t<\/div>\n\t\t\t\t<\/div>\n\t\t<div class=\"elementor-element elementor-element-962b19a e-flex e-con-boxed e-con e-parent\" data-id=\"962b19a\" data-element_type=\"container\" data-e-type=\"container\">\n\t\t\t\t\t<div class=\"e-con-inner\">\n\t\t<div class=\"elementor-element elementor-element-4cb0019 e-con-full e-flex e-con e-child\" data-id=\"4cb0019\" data-element_type=\"container\" data-e-type=\"container\">\n\t\t\t\t<div class=\"elementor-element elementor-element-934bc22 elementor-widget elementor-widget-shortcode\" data-id=\"934bc22\" data-element_type=\"widget\" data-e-type=\"widget\" data-widget_type=\"shortcode.default\">\n\t\t\t\t<div class=\"elementor-widget-container\">\n\t\t\t\t\t\t\t<div class=\"elementor-shortcode\"><div class=\"mec-wrap mec-skin-grid-container  \" id=\"mec_skin_1052\">\r\n\r\n    <form id=\"mec_search_form_1052\" class=\"mec-search-form mec-totalcal-box mec-dropdown-classic\" autocomplete=\"off\"><div class=\"mec-dropdown-wrap\" ><div class=\"mec-dropdown-search\"><i class=\"mec-sl-folder\"><\/i><select  name=' ' id='mec_sf_category_1052' class='postform'>\n\t<option value='' selected='selected'>Categoria<\/option>\n<\/select>\n<\/div><div class=\"mec-dropdown-search\"><i class=\"mec-sl-location-pin\"><\/i><select  name=' ' id='mec_sf_location_1052' class='postform'>\n\t<option value='' selected='selected'>Localiza\u00e7\u00e3o<\/option>\n\t<option class=\"level-0\" value=\"53\">IRMO<\/option>\n<\/select>\n<\/div><\/div><div class=\"mec-date-search\"><i class=\"mec-sl-calendar\"><\/i>\r\n                    <input class=\"mec-col-3 mec_date_picker_dynamic_format_start\" data-min=\"2026-04-20\" type=\"text\"\r\n                           id=\"mec_sf_date_start_1052\"\r\n                           name=\"sf[date_start]\"\r\n                           placeholder=\"Iniciar\" title=\"Iniciar\" autocomplete=\"off\">\r\n                    <input class=\"mec-col-3 mec_date_picker_dynamic_format_end\" type=\"text\"\r\n                           id=\"mec_sf_date_end_1052\"\r\n                           name=\"sf[date_end]\"\r\n                           placeholder=\"End\" title=\"End\" autocomplete=\"off\">\r\n                <\/div><div class=\"mec-text-input-search\"><i class=\"mec-sl-magnifier\"><\/i>\r\n                    <input type=\"search\" value=\"\" id=\"mec_sf_s_1052\" placeholder=\"\" title=\"\" \/>\r\n                <\/div><\/form>\r\n            <div class=\"mec-skin-grid-events-container\" id=\"mec_skin_events_1052\">\r\n        <div class=\"mec-wrap colorskin-custom\">\r\n    <div class=\"mec-event-grid-minimal\" data-widget-autoplay=\"1\" data-widget-loop=\"1\" data-widget-autoplay-time=\"3000\">\r\n        <div class=\"row\"><div class=\"col-md-12 col-sm-12\"><article class=\"mec-past-event mec-event-article mec-clear  \" itemscope>                    <div class=\"mec-event-date mec-bg-color-hover mec-border-color-hover mec-color\"><span>20<\/span>abr<\/div>\r\n            <div class=\"event-detail-wrap\">\r\n                <h4 class=\"mec-event-title\"><a class=\"mec-color-hover\" data-event-id=\"7992\" href=\"https:\/\/irmo.org.uk\/pt-br\/irmo-events\/interpretacao-comunitaria-3\/\" target=\"_self\" rel=\"noopener\">Interpreta\u00e7\u00e3o comunit\u00e1ria<\/a><\/h4>\r\n                                                <div class=\"mec-event-detail\">\r\n                    <div class=\"mec-event-loc-place\"><i class=\"mec-sl-location-pin\"><\/i>IRMO<\/div>                                                                                                <\/div>\r\n            <\/div>\r\n        <\/article><\/div><\/div>        <div class=\"row\"><div class=\"col-md-12 col-sm-12\"><article class=\"mec-past-event mec-event-article mec-clear  \" itemscope>                    <div class=\"mec-event-date mec-bg-color-hover mec-border-color-hover mec-color\"><span>20<\/span>abr<\/div>\r\n            <div class=\"event-detail-wrap\">\r\n                <h4 class=\"mec-event-title\"><a class=\"mec-color-hover\" data-event-id=\"7997\" href=\"https:\/\/irmo.org.uk\/pt-br\/irmo-events\/servicos-de-saude-sexual-3\/\" target=\"_self\" rel=\"noopener\">Servi\u00e7os de sa\u00fade sexual<\/a><\/h4>\r\n                                                <div class=\"mec-event-detail\">\r\n                    <div class=\"mec-event-loc-place\"><i class=\"mec-sl-location-pin\"><\/i>IRMO<\/div>                                                                                                <\/div>\r\n            <\/div>\r\n        <\/article><\/div><\/div>                <div class=\"row\"><div class=\"col-md-12 col-sm-12\"><article class=\"mec-past-event mec-event-article mec-clear  \" itemscope>                    <div class=\"mec-event-date mec-bg-color-hover mec-border-color-hover mec-color\"><span>21<\/span>abr<\/div>\r\n            <div class=\"event-detail-wrap\">\r\n                <h4 class=\"mec-event-title\"><a class=\"mec-color-hover\" data-event-id=\"7997\" href=\"https:\/\/irmo.org.uk\/pt-br\/irmo-events\/servicos-de-saude-sexual-3\/\" target=\"_self\" rel=\"noopener\">Servi\u00e7os de sa\u00fade sexual<\/a><\/h4>\r\n                                                <div class=\"mec-event-detail\">\r\n                    <div class=\"mec-event-loc-place\"><i class=\"mec-sl-location-pin\"><\/i>IRMO<\/div>                                                                                                <\/div>\r\n            <\/div>\r\n        <\/article><\/div><\/div>        <div class=\"row\"><div class=\"col-md-12 col-sm-12\"><article class=\"mec-past-event mec-event-article mec-clear  \" itemscope>                    <div class=\"mec-event-date mec-bg-color-hover mec-border-color-hover mec-color\"><span>21<\/span>abr<\/div>\r\n            <div class=\"event-detail-wrap\">\r\n                <h4 class=\"mec-event-title\"><a class=\"mec-color-hover\" data-event-id=\"8006\" href=\"https:\/\/irmo.org.uk\/pt-br\/irmo-events\/orientacao-educacional\/\" target=\"_self\" rel=\"noopener\">Orienta\u00e7\u00e3o educacional<\/a><\/h4>\r\n                                                <div class=\"mec-event-detail\">\r\n                    <div class=\"mec-event-loc-place\"><i class=\"mec-sl-location-pin\"><\/i>IRMO<\/div>                                                                                                <\/div>\r\n            <\/div>\r\n        <\/article><\/div><\/div>        <div class=\"row\"><div class=\"col-md-12 col-sm-12\"><article class=\"mec-past-event mec-event-article mec-clear  \" itemscope>                    <div class=\"mec-event-date mec-bg-color-hover mec-border-color-hover mec-color\"><span>21<\/span>abr<\/div>\r\n            <div class=\"event-detail-wrap\">\r\n                <h4 class=\"mec-event-title\"><a class=\"mec-color-hover\" data-event-id=\"7608\" href=\"https:\/\/irmo.org.uk\/pt-br\/irmo-events\/aulas-de-ingles-para-criancas-de-5-a-12-anos\/\" target=\"_self\" rel=\"noopener\">Aulas de ingl\u00eas para crian\u00e7as de 5 a 12 anos<\/a><\/h4>\r\n                                                <div class=\"mec-event-detail\">\r\n                    <div class=\"mec-event-loc-place\"><i class=\"mec-sl-location-pin\"><\/i>IRMO<\/div>                                                                                                <\/div>\r\n            <\/div>\r\n        <\/article><\/div><\/div>                <div class=\"row\"><div class=\"col-md-12 col-sm-12\"><article class=\"mec-past-event mec-event-article mec-clear  \" itemscope>                    <div class=\"mec-event-date mec-bg-color-hover mec-border-color-hover mec-color\"><span>22<\/span>abr<\/div>\r\n            <div class=\"event-detail-wrap\">\r\n                <h4 class=\"mec-event-title\"><a class=\"mec-color-hover\" data-event-id=\"7997\" href=\"https:\/\/irmo.org.uk\/pt-br\/irmo-events\/servicos-de-saude-sexual-3\/\" target=\"_self\" rel=\"noopener\">Servi\u00e7os de sa\u00fade sexual<\/a><\/h4>\r\n                                                <div class=\"mec-event-detail\">\r\n                    <div class=\"mec-event-loc-place\"><i class=\"mec-sl-location-pin\"><\/i>IRMO<\/div>                                                                                                <\/div>\r\n            <\/div>\r\n        <\/article><\/div><\/div>        <div class=\"row\"><div class=\"col-md-12 col-sm-12\"><article class=\"mec-past-event mec-event-article mec-clear  \" itemscope>                    <div class=\"mec-event-date mec-bg-color-hover mec-border-color-hover mec-color\"><span>22<\/span>abr<\/div>\r\n            <div class=\"event-detail-wrap\">\r\n                <h4 class=\"mec-event-title\"><a class=\"mec-color-hover\" data-event-id=\"7615\" href=\"https:\/\/irmo.org.uk\/pt-br\/irmo-events\/aulas-de-ingles-para-jovens-de-13-a-19-anos\/\" target=\"_self\" rel=\"noopener\">Aulas de ingl\u00eas para jovens de 13 a 19 anos<\/a><\/h4>\r\n                                                <div class=\"mec-event-detail\">\r\n                    <div class=\"mec-event-loc-place\"><i class=\"mec-sl-location-pin\"><\/i>IRMO<\/div>                                                                                                <\/div>\r\n            <\/div>\r\n        <\/article><\/div><\/div>                <div class=\"row\"><div class=\"col-md-12 col-sm-12\"><article class=\"mec-past-event mec-event-article mec-clear  \" itemscope>                    <div class=\"mec-event-date mec-bg-color-hover mec-border-color-hover mec-color\"><span>23<\/span>abr<\/div>\r\n            <div class=\"event-detail-wrap\">\r\n                <h4 class=\"mec-event-title\"><a class=\"mec-color-hover\" data-event-id=\"7652\" href=\"https:\/\/irmo.org.uk\/pt-br\/irmo-events\/acesso-a-saude-13\/\" target=\"_self\" rel=\"noopener\">Acesso \u00e0 sa\u00fade<\/a><\/h4>\r\n                                                <div class=\"mec-event-detail\">\r\n                    <div class=\"mec-event-loc-place\"><i class=\"mec-sl-location-pin\"><\/i>IRMO<\/div>                                                                                                <\/div>\r\n            <\/div>\r\n        <\/article><\/div><\/div>        <div class=\"row\"><div class=\"col-md-12 col-sm-12\"><article class=\"mec-past-event mec-event-article mec-clear  \" itemscope>                    <div class=\"mec-event-date mec-bg-color-hover mec-border-color-hover mec-color\"><span>23<\/span>abr<\/div>\r\n            <div class=\"event-detail-wrap\">\r\n                <h4 class=\"mec-event-title\"><a class=\"mec-color-hover\" data-event-id=\"7997\" href=\"https:\/\/irmo.org.uk\/pt-br\/irmo-events\/servicos-de-saude-sexual-3\/\" target=\"_self\" rel=\"noopener\">Servi\u00e7os de sa\u00fade sexual<\/a><\/h4>\r\n                                                <div class=\"mec-event-detail\">\r\n                    <div class=\"mec-event-loc-place\"><i class=\"mec-sl-location-pin\"><\/i>IRMO<\/div>                                                                                                <\/div>\r\n            <\/div>\r\n        <\/article><\/div><\/div>        <div class=\"row\"><div class=\"col-md-12 col-sm-12\"><article class=\"mec-past-event mec-event-article mec-clear  \" itemscope>                    <div class=\"mec-event-date mec-bg-color-hover mec-border-color-hover mec-color\"><span>23<\/span>abr<\/div>\r\n            <div class=\"event-detail-wrap\">\r\n                <h4 class=\"mec-event-title\"><a class=\"mec-color-hover\" data-event-id=\"8011\" href=\"https:\/\/irmo.org.uk\/pt-br\/irmo-events\/acesso-a-servicos-de-saude\/\" target=\"_self\" rel=\"noopener\">Acesso \u00e0 sa\u00fade<\/a><\/h4>\r\n                                                <div class=\"mec-event-detail\">\r\n                    <div class=\"mec-event-loc-place\"><i class=\"mec-sl-location-pin\"><\/i>IRMO<\/div>                                                                                                <\/div>\r\n            <\/div>\r\n        <\/article><\/div><\/div>                <div class=\"row\"><div class=\"col-md-12 col-sm-12\"><article class=\"mec-past-event mec-event-article mec-clear  \" itemscope>                    <div class=\"mec-event-date mec-bg-color-hover mec-border-color-hover mec-color\"><span>24<\/span>abr<\/div>\r\n            <div class=\"event-detail-wrap\">\r\n                <h4 class=\"mec-event-title\"><a class=\"mec-color-hover\" data-event-id=\"7997\" href=\"https:\/\/irmo.org.uk\/pt-br\/irmo-events\/servicos-de-saude-sexual-3\/\" target=\"_self\" rel=\"noopener\">Servi\u00e7os de sa\u00fade sexual<\/a><\/h4>\r\n                                                <div class=\"mec-event-detail\">\r\n                    <div class=\"mec-event-loc-place\"><i class=\"mec-sl-location-pin\"><\/i>IRMO<\/div>                                                                                                <\/div>\r\n            <\/div>\r\n        <\/article><\/div><\/div>                <div class=\"row\"><div class=\"col-md-12 col-sm-12\"><article class=\"mec-past-event mec-event-article mec-clear  \" itemscope>                    <div class=\"mec-event-date mec-bg-color-hover mec-border-color-hover mec-color\"><span>27<\/span>abr<\/div>\r\n            <div class=\"event-detail-wrap\">\r\n                <h4 class=\"mec-event-title\"><a class=\"mec-color-hover\" data-event-id=\"7981\" href=\"https:\/\/irmo.org.uk\/pt-br\/irmo-events\/beneficios-e-aconselhamento-sobre-moradia\/\" target=\"_self\" rel=\"noopener\">Benef\u00edcios e aconselhamento sobre moradia<\/a><\/h4>\r\n                                                <div class=\"mec-event-detail\">\r\n                    <div class=\"mec-event-loc-place\"><i class=\"mec-sl-location-pin\"><\/i>IRMO<\/div>                                                                                                <\/div>\r\n            <\/div>\r\n        <\/article><\/div><\/div>                        \t<\/div>\r\n<\/div>\r\n\r\n    <\/div>\r\n    <div class=\"mec-skin-grid-no-events-container mec-util-hidden\" id=\"mec_skin_no_events_1052\">\r\n        Nenhum evento encontrado!    <\/div>\r\n    \r\n    <div class=\"mec-load-more-wrap\">\r\n                <div tabindex=\"0\" onkeydown=\"if(event.keyCode===13){jQuery(this).trigger('click');}\" class=\"mec-load-more-button \">Carregar Mais<\/div>\r\n            <\/div>\r\n<\/div>\r\n<\/div>\n\t\t\t\t\t\t<\/div>\n\t\t\t\t<\/div>\n\t\t\t\t<\/div>\n\t\t<div class=\"elementor-element elementor-element-3456775 e-con-full e-flex e-con e-child\" data-id=\"3456775\" data-element_type=\"container\" data-e-type=\"container\">\n\t\t<div class=\"elementor-element elementor-element-b821ac8 e-flex e-con-boxed e-con e-child\" data-id=\"b821ac8\" data-element_type=\"container\" data-e-type=\"container\">\n\t\t\t\t\t<div class=\"e-con-inner\">\n\t\t<div class=\"elementor-element elementor-element-b0cb407 e-flex e-con-boxed e-con e-child\" data-id=\"b0cb407\" data-element_type=\"container\" data-e-type=\"container\" data-settings=\"{&quot;background_background&quot;:&quot;classic&quot;}\">\n\t\t\t\t\t<div class=\"e-con-inner\">\n\t\t\t\t\t<\/div>\n\t\t\t\t<\/div>\n\t\t<div class=\"elementor-element elementor-element-b884916 e-flex e-con-boxed e-con e-child\" data-id=\"b884916\" data-element_type=\"container\" data-e-type=\"container\" data-settings=\"{&quot;background_background&quot;:&quot;classic&quot;}\">\n\t\t\t\t\t<div class=\"e-con-inner\">\n\t\t<div class=\"elementor-element elementor-element-a1bc675 e-con-full e-flex e-con e-child\" data-id=\"a1bc675\" data-element_type=\"container\" data-e-type=\"container\" data-settings=\"{&quot;background_background&quot;:&quot;classic&quot;}\">\n\t\t\t\t<div class=\"elementor-element elementor-element-09f51c2 elementor-widget elementor-widget-image\" data-id=\"09f51c2\" data-element_type=\"widget\" data-e-type=\"widget\" data-widget_type=\"image.default\">\n\t\t\t\t<div class=\"elementor-widget-container\">\n\t\t\t\t\t\t\t\t\t\t\t\t\t\t\t<img fetchpriority=\"high\" decoding=\"async\" width=\"1024\" height=\"1004\" src=\"https:\/\/irmo.org.uk\/wp-content\/uploads\/2023\/11\/icon-events.svg\" class=\"attachment-large size-large wp-image-5223\" alt=\"\" \/>\t\t\t\t\t\t\t\t\t\t\t\t\t\t\t<\/div>\n\t\t\t\t<\/div>\n\t\t<div class=\"elementor-element elementor-element-204ecd1 e-flex e-con-boxed e-con e-child\" data-id=\"204ecd1\" data-element_type=\"container\" data-e-type=\"container\">\n\t\t\t\t\t<div class=\"e-con-inner\">\n\t\t\t\t<div class=\"elementor-element elementor-element-f73561b elementor-widget elementor-widget-heading\" data-id=\"f73561b\" data-element_type=\"widget\" data-e-type=\"widget\" data-widget_type=\"heading.default\">\n\t\t\t\t<div class=\"elementor-widget-container\">\n\t\t\t\t\t<h3 class=\"elementor-heading-title elementor-size-default\">\u00daltimas Not\u00edcias<\/h3>\t\t\t\t<\/div>\n\t\t\t\t<\/div>\n\t\t\t\t<div class=\"elementor-element elementor-element-f34ca64 elementor-widget elementor-widget-heading\" data-id=\"f34ca64\" data-element_type=\"widget\" data-e-type=\"widget\" data-widget_type=\"heading.default\">\n\t\t\t\t<div class=\"elementor-widget-container\">\n\t\t\t\t\t<p class=\"elementor-heading-title elementor-size-default\">Veja nossas atualiza\u00e7\u00f5es recentes, bem como artigos relevantes para a comunidade.<\/p>\t\t\t\t<\/div>\n\t\t\t\t<\/div>\n\t\t\t\t<div class=\"elementor-element elementor-element-ac00695 elementor-align-center elementor-widget elementor-widget-button\" data-id=\"ac00695\" data-element_type=\"widget\" data-e-type=\"widget\" data-widget_type=\"button.default\">\n\t\t\t\t<div class=\"elementor-widget-container\">\n\t\t\t\t\t\t\t\t\t<div class=\"elementor-button-wrapper\">\n\t\t\t\t\t<a class=\"elementor-button elementor-button-link elementor-size-sm\" href=\"https:\/\/irmo.org.uk\/pt-br\/noticias\/\">\n\t\t\t\t\t\t<span class=\"elementor-button-content-wrapper\">\n\t\t\t\t\t\t\t\t\t<span class=\"elementor-button-text\">Ir para not\u00edcias<\/span>\n\t\t\t\t\t<\/span>\n\t\t\t\t\t<\/a>\n\t\t\t\t<\/div>\n\t\t\t\t\t\t\t\t<\/div>\n\t\t\t\t<\/div>\n\t\t\t\t\t<\/div>\n\t\t\t\t<\/div>\n\t\t\t\t<\/div>\n\t\t\t\t\t<\/div>\n\t\t\t\t<\/div>\n\t\t\t\t\t<\/div>\n\t\t\t\t<\/div>\n\t\t\t\t<\/div>\n\t\t\t\t\t<\/div>\n\t\t\t\t<\/div>\n\t\t\t\t<\/div>\n\t\t","protected":false},"excerpt":{"rendered":"<p>Pr\u00f3ximos Eventos Explore todos os pr\u00f3ximos eventos e atividades comunit\u00e1rios dispon\u00edveis com a IRMO ou por meio de nossos parceiros. Basta clicar em um evento para saber mais. Voc\u00ea pode pesquisar por categoria, local ou data. \u00daltimas Not\u00edcias Veja nossas atualiza\u00e7\u00f5es recentes, bem como artigos relevantes para a comunidade. Ir para not\u00edcias<\/p>\n","protected":false},"author":1,"featured_media":0,"parent":0,"menu_order":0,"comment_status":"closed","ping_status":"closed","template":"","meta":{"_acf_changed":false,"inline_featured_image":false,"_monsterinsights_skip_tracking":false,"_monsterinsights_sitenote_active":false,"_monsterinsights_sitenote_note":"","_monsterinsights_sitenote_category":0,"footnotes":""},"class_list":["post-4150","page","type-page","status-publish","hentry"],"acf":[],"_links":{"self":[{"href":"https:\/\/irmo.org.uk\/pt-br\/wp-json\/wp\/v2\/pages\/4150","targetHints":{"allow":["GET"]}}],"collection":[{"href":"https:\/\/irmo.org.uk\/pt-br\/wp-json\/wp\/v2\/pages"}],"about":[{"href":"https:\/\/irmo.org.uk\/pt-br\/wp-json\/wp\/v2\/types\/page"}],"author":[{"embeddable":true,"href":"https:\/\/irmo.org.uk\/pt-br\/wp-json\/wp\/v2\/users\/1"}],"replies":[{"embeddable":true,"href":"https:\/\/irmo.org.uk\/pt-br\/wp-json\/wp\/v2\/comments?post=4150"}],"version-history":[{"count":6,"href":"https:\/\/irmo.org.uk\/pt-br\/wp-json\/wp\/v2\/pages\/4150\/revisions"}],"predecessor-version":[{"id":7368,"href":"https:\/\/irmo.org.uk\/pt-br\/wp-json\/wp\/v2\/pages\/4150\/revisions\/7368"}],"wp:attachment":[{"href":"https:\/\/irmo.org.uk\/pt-br\/wp-json\/wp\/v2\/media?parent=4150"}],"curies":[{"name":"wp","href":"https:\/\/api.w.org\/{rel}","templated":true}]}}