{"id":4153,"date":"2024-09-14T20:41:25","date_gmt":"2024-09-14T19:41:25","guid":{"rendered":"https:\/\/irmo.creative.coop\/acesso-a-saude\/"},"modified":"2025-02-03T11:24:15","modified_gmt":"2025-02-03T11:24:15","slug":"acesso-a-saude","status":"publish","type":"page","link":"https:\/\/irmo.org.uk\/pt-br\/o-que-fazemos\/assessoria\/acesso-a-saude\/","title":{"rendered":"Acesso \u00e0 sa\u00fade"},"content":{"rendered":"\t\t<div data-elementor-type=\"wp-page\" data-elementor-id=\"4153\" class=\"elementor elementor-4153 elementor-3385\" data-elementor-post-type=\"page\">\n\t\t\t\t<div class=\"elementor-element elementor-element-260eac3f e-flex e-con-boxed e-con e-parent\" data-id=\"260eac3f\" data-element_type=\"container\" data-e-type=\"container\" data-settings=\"{&quot;background_background&quot;:&quot;classic&quot;}\">\n\t\t\t\t\t<div class=\"e-con-inner\">\n\t\t\t\t<div class=\"elementor-element elementor-element-2c66eee9 elementor-widget__width-inherit elementor-absolute top-wave elementor-widget elementor-widget-image\" data-id=\"2c66eee9\" data-element_type=\"widget\" data-e-type=\"widget\" data-settings=\"{&quot;_position&quot;:&quot;absolute&quot;}\" data-widget_type=\"image.default\">\n\t\t\t\t<div class=\"elementor-widget-container\">\n\t\t\t\t\t\t\t\t\t\t\t\t\t\t\t<img fetchpriority=\"high\" decoding=\"async\" width=\"1440\" height=\"78\" src=\"https:\/\/irmo.org.uk\/wp-content\/uploads\/2023\/11\/purple-top-curve.svg\" class=\"attachment-full size-full wp-image-4198\" alt=\"\" \/>\t\t\t\t\t\t\t\t\t\t\t\t\t\t\t<\/div>\n\t\t\t\t<\/div>\n\t\t<div class=\"elementor-element elementor-element-632dad5 e-con-full e-flex e-con e-child\" data-id=\"632dad5\" data-element_type=\"container\" data-e-type=\"container\">\n\t\t\t\t<\/div>\n\t\t\t\t\t<\/div>\n\t\t\t\t<\/div>\n\t\t<div class=\"elementor-element elementor-element-3e7db42 e-flex e-con-boxed e-con e-parent\" data-id=\"3e7db42\" data-element_type=\"container\" data-e-type=\"container\" data-settings=\"{&quot;background_background&quot;:&quot;classic&quot;}\">\n\t\t\t\t\t<div class=\"e-con-inner\">\n\t\t<div class=\"elementor-element elementor-element-5cdc65d5 e-con-full e-flex e-con e-child\" data-id=\"5cdc65d5\" data-element_type=\"container\" data-e-type=\"container\">\n\t\t<div class=\"elementor-element elementor-element-d9d7888 e-con-full e-flex e-con e-child\" data-id=\"d9d7888\" data-element_type=\"container\" data-e-type=\"container\">\n\t\t<div class=\"elementor-element elementor-element-0b3a887 e-con-full e-flex e-con e-child\" data-id=\"0b3a887\" data-element_type=\"container\" data-e-type=\"container\">\n\t\t\t\t<div class=\"elementor-element elementor-element-4a1c1ca elementor-widget elementor-widget-text-editor\" data-id=\"4a1c1ca\" data-element_type=\"widget\" data-e-type=\"widget\" data-widget_type=\"text-editor.default\">\n\t\t\t\t<div class=\"elementor-widget-container\">\n\t\t\t\t\t\t\t\t\t<p><span style=\"font-weight: 400;\">Por meio de nossas sess\u00f5es semanais de atendimento, apoio individual e eventos, aumentamos a conscientiza\u00e7\u00e3o sobre os problemas de sa\u00fade que afetam nossa comunidade e oferecemos apoio pr\u00e1tico no acesso \u00e0 aten\u00e7\u00e3o prim\u00e1ria e secund\u00e1ria. Isso inclui ajuda com registro no GP, atendimento odontol\u00f3gico, vacinas, sa\u00fade mental, maternidade, sa\u00fade sexual e preven\u00e7\u00e3o do c\u00e2ncer. <\/span><\/p>\n<p><span style=\"font-weight: 400;\">Trabalhamos com os servi\u00e7os de sa\u00fade para remover as barreiras enfrentadas pelas comunidades de migrantes e refugiados e garantir que suas vozes sejam ouvidas para melhorar a forma como a assist\u00eancia m\u00e9dica \u00e9 prestada.<\/span><\/p>\n<p><span style=\"font-weight: 400;\">Consulte nosso calend\u00e1rio de eventos para ver as pr\u00f3ximas sess\u00f5es ou entre em contato conosco para obter mais informa\u00e7\u00f5es.<\/span><\/p>\n\t\t\t\t\t\t\t\t<\/div>\n\t\t\t\t<\/div>\n\t\t\t\t<\/div>\n\t\t<div class=\"elementor-element elementor-element-617eb3e e-flex e-con-boxed e-con e-child\" data-id=\"617eb3e\" data-element_type=\"container\" data-e-type=\"container\">\n\t\t\t\t\t<div class=\"e-con-inner\">\n\t\t\t\t<div class=\"elementor-element elementor-element-4efd8ec elementor-widget elementor-widget-button\" data-id=\"4efd8ec\" data-element_type=\"widget\" data-e-type=\"widget\" data-widget_type=\"button.default\">\n\t\t\t\t<div class=\"elementor-widget-container\">\n\t\t\t\t\t\t\t\t\t<div class=\"elementor-button-wrapper\">\n\t\t\t\t\t<a class=\"elementor-button elementor-button-link elementor-size-sm\" href=\"https:\/\/irmo.org.uk\/pt-br\/eventos\/\">\n\t\t\t\t\t\t<span class=\"elementor-button-content-wrapper\">\n\t\t\t\t\t\t\t\t\t<span class=\"elementor-button-text\">Calend\u00e1rio<\/span>\n\t\t\t\t\t<\/span>\n\t\t\t\t\t<\/a>\n\t\t\t\t<\/div>\n\t\t\t\t\t\t\t\t<\/div>\n\t\t\t\t<\/div>\n\t\t\t\t<div class=\"elementor-element elementor-element-3c80fe2 elementor-widget elementor-widget-button\" data-id=\"3c80fe2\" data-element_type=\"widget\" data-e-type=\"widget\" data-widget_type=\"button.default\">\n\t\t\t\t<div class=\"elementor-widget-container\">\n\t\t\t\t\t\t\t\t\t<div class=\"elementor-button-wrapper\">\n\t\t\t\t\t<a class=\"elementor-button elementor-button-link elementor-size-sm\" href=\"https:\/\/irmo.org.uk\/pt-br\/entre-em-contato-conosco\/\">\n\t\t\t\t\t\t<span class=\"elementor-button-content-wrapper\">\n\t\t\t\t\t\t\t\t\t<span class=\"elementor-button-text\">Entre em contato conosco<\/span>\n\t\t\t\t\t<\/span>\n\t\t\t\t\t<\/a>\n\t\t\t\t<\/div>\n\t\t\t\t\t\t\t\t<\/div>\n\t\t\t\t<\/div>\n\t\t\t\t\t<\/div>\n\t\t\t\t<\/div>\n\t\t<div class=\"elementor-element elementor-element-94acc1c e-con-full e-flex e-con e-child\" data-id=\"94acc1c\" data-element_type=\"container\" data-e-type=\"container\">\n\t\t\t\t<div class=\"elementor-element elementor-element-2a54590 elementor-widget elementor-widget-counter\" data-id=\"2a54590\" data-element_type=\"widget\" data-e-type=\"widget\" data-widget_type=\"counter.default\">\n\t\t\t\t<div class=\"elementor-widget-container\">\n\t\t\t\t\t\t\t<div class=\"elementor-counter\">\n\t\t\t<div class=\"elementor-counter-title\">pessoas apoiadas no acesso a servi\u00e7os vitais de sa\u00fade nos \u00faltimos tr\u00eas anos<\/div>\t\t\t<div class=\"elementor-counter-number-wrapper\">\n\t\t\t\t<span class=\"elementor-counter-number-prefix\"><\/span>\n\t\t\t\t<span class=\"elementor-counter-number\" data-duration=\"2000\" data-to-value=\"1071\" data-from-value=\"0\" data-delimiter=\",\">0<\/span>\n\t\t\t\t<span class=\"elementor-counter-number-suffix\"><\/span>\n\t\t\t<\/div>\n\t\t<\/div>\n\t\t\t\t\t\t<\/div>\n\t\t\t\t<\/div>\n\t\t\t\t<\/div>\n\t\t<div class=\"elementor-element elementor-element-6efc59a e-con-full e-flex e-con e-child\" data-id=\"6efc59a\" data-element_type=\"container\" data-e-type=\"container\">\n\t\t\t\t<div class=\"elementor-element elementor-element-637899b elementor-widget__width-inherit elementor-widget elementor-widget-image\" data-id=\"637899b\" data-element_type=\"widget\" data-e-type=\"widget\" data-widget_type=\"image.default\">\n\t\t\t\t<div class=\"elementor-widget-container\">\n\t\t\t\t\t\t\t\t\t\t\t\t\t\t\t<img decoding=\"async\" width=\"1024\" height=\"768\" src=\"https:\/\/irmo.org.uk\/wp-content\/uploads\/2024\/10\/Access-to-Health-1024x768.jpg\" class=\"attachment-large size-large wp-image-3941\" alt=\"\" srcset=\"https:\/\/irmo.org.uk\/wp-content\/uploads\/2024\/10\/Access-to-Health-1024x768.jpg 1024w, https:\/\/irmo.org.uk\/wp-content\/uploads\/2024\/10\/Access-to-Health-300x225.jpg 300w, https:\/\/irmo.org.uk\/wp-content\/uploads\/2024\/10\/Access-to-Health-768x576.jpg 768w, https:\/\/irmo.org.uk\/wp-content\/uploads\/2024\/10\/Access-to-Health-1536x1152.jpg 1536w, https:\/\/irmo.org.uk\/wp-content\/uploads\/2024\/10\/Access-to-Health-2048x1536.jpg 2048w\" sizes=\"(max-width: 1024px) 100vw, 1024px\" \/>\t\t\t\t\t\t\t\t\t\t\t\t\t\t\t<\/div>\n\t\t\t\t<\/div>\n\t\t\t\t<\/div>\n\t\t<div class=\"elementor-element elementor-element-a9442ce e-con-full e-flex e-con e-child\" data-id=\"a9442ce\" data-element_type=\"container\" data-e-type=\"container\">\n\t\t\t\t<div class=\"elementor-element elementor-element-084d87c elementor-blockquote--skin-boxed elementor-blockquote--align-center elementor-widget__width-inherit quote-grey elementor-widget elementor-widget-blockquote\" data-id=\"084d87c\" data-element_type=\"widget\" data-e-type=\"widget\" data-widget_type=\"blockquote.default\">\n\t\t\t\t<div class=\"elementor-widget-container\">\n\t\t\t\t\t\t\t<blockquote class=\"elementor-blockquote\">\n\t\t\t<p class=\"elementor-blockquote__content\">\n\t\t\t\tDesde que descobri a IRMO, sinto-me muito mais conectado \u00e0 minha comunidade. Inicialmente, est\u00e1vamos em um estado de imensa depress\u00e3o. O IRMO nos ajudou a mudar isso. Eles nos apoiaram no acesso a servi\u00e7os de sa\u00fade, incluindo a vacina contra a Covid-19, e atividades de sa\u00fade e bem-estar para nossa fam\u00edlia. Pouco a pouco, por meio dessas atividades, come\u00e7amos a nos sentir muito melhor.    \t\t\t<\/p>\n\t\t\t\t\t<\/blockquote>\n\t\t\t\t\t\t<\/div>\n\t\t\t\t<\/div>\n\t\t\t\t<\/div>\n\t\t\t\t<\/div>\n\t\t\t\t<\/div>\n\t\t<div class=\"elementor-element elementor-element-4ddbf e-con-full elementor-hidden-tablet elementor-hidden-mobile e-flex e-con e-child\" data-id=\"4ddbf\" data-element_type=\"container\" data-e-type=\"container\">\n\t\t<div class=\"elementor-element elementor-element-77daf844 e-flex e-con-boxed e-con e-child\" data-id=\"77daf844\" data-element_type=\"container\" data-e-type=\"container\">\n\t\t\t\t\t<div class=\"e-con-inner\">\n\t\t<div class=\"elementor-element elementor-element-7eaebc68 e-flex e-con-boxed e-con e-child\" data-id=\"7eaebc68\" data-element_type=\"container\" data-e-type=\"container\" data-settings=\"{&quot;background_background&quot;:&quot;classic&quot;}\">\n\t\t\t\t\t<div class=\"e-con-inner\">\n\t\t\t\t\t<\/div>\n\t\t\t\t<\/div>\n\t\t<div class=\"elementor-element elementor-element-699bd816 e-flex e-con-boxed e-con e-child\" data-id=\"699bd816\" data-element_type=\"container\" data-e-type=\"container\" data-settings=\"{&quot;background_background&quot;:&quot;classic&quot;}\">\n\t\t\t\t\t<div class=\"e-con-inner\">\n\t\t\t\t<div class=\"elementor-element elementor-element-2e332825 elementor-widget elementor-widget-heading\" data-id=\"2e332825\" data-element_type=\"widget\" data-e-type=\"widget\" data-widget_type=\"heading.default\">\n\t\t\t\t<div class=\"elementor-widget-container\">\n\t\t\t\t\t<h2 class=\"elementor-heading-title elementor-size-default\">O Que Fazemos<\/h2>\t\t\t\t<\/div>\n\t\t\t\t<\/div>\n\t\t\t\t<div class=\"elementor-element elementor-element-3260d728 elementor-widget elementor-widget-shortcode\" data-id=\"3260d728\" data-element_type=\"widget\" data-e-type=\"widget\" data-widget_type=\"shortcode.default\">\n\t\t\t\t<div class=\"elementor-widget-container\">\n\t\t\t\t\t\t\t<div class=\"elementor-shortcode\"><div class=\"menu-services-lang-br-container\"><ul id=\"menu-services-lang-br\" class=\"menu list-menu\"><li id=\"menu-item-4319\" class=\"menu-item menu-item-type-post_type menu-item-object-page menu-item-has-children menu-item-4319\"><a href=\"https:\/\/irmo.org.uk\/pt-br\/o-que-fazemos\/assessoria\/\">Assessoria<\/a>\n<ul class=\"sub-menu\">\n\t<li id=\"menu-item-4320\" class=\"menu-item menu-item-type-post_type menu-item-object-page menu-item-4320\"><a href=\"https:\/\/irmo.org.uk\/pt-br\/o-que-fazemos\/assessoria\/suporte-a-comunidade\/\">Suporte \u00e0 comunidade<\/a><\/li>\n\t<li id=\"menu-item-4321\" class=\"menu-item menu-item-type-post_type menu-item-object-page menu-item-4321\"><a href=\"https:\/\/irmo.org.uk\/pt-br\/o-que-fazemos\/assessoria\/beneficios-de-bem-estar-e-moradia\/\">Benef\u00edcios e Moradia<\/a><\/li>\n\t<li id=\"menu-item-4322\" class=\"menu-item menu-item-type-post_type menu-item-object-page menu-item-4322\"><a href=\"https:\/\/irmo.org.uk\/pt-br\/o-que-fazemos\/assessoria\/assessoria-de-imigracao\/\">Imigra\u00e7\u00e3o<\/a><\/li>\n\t<li id=\"menu-item-4323\" class=\"menu-item menu-item-type-post_type menu-item-object-page menu-item-4323\"><a href=\"https:\/\/irmo.org.uk\/pt-br\/o-que-fazemos\/assessoria\/acesso-a-saude\/\">Acesso \u00e0 sa\u00fade<\/a><\/li>\n<\/ul>\n<\/li>\n<li id=\"menu-item-4324\" class=\"menu-item menu-item-type-post_type menu-item-object-page menu-item-has-children menu-item-4324\"><a href=\"https:\/\/irmo.org.uk\/pt-br\/o-que-fazemos\/educacao-treinamento-e-emprego\/\">Educa\u00e7\u00e3o, Treinamento e Emprego<\/a>\n<ul class=\"sub-menu\">\n\t<li id=\"menu-item-4325\" class=\"menu-item menu-item-type-post_type menu-item-object-page menu-item-4325\"><a href=\"https:\/\/irmo.org.uk\/pt-br\/o-que-fazemos\/educacao-treinamento-e-emprego\/aulas-de-ingles\/\">Aulas de ingl\u00eas<\/a><\/li>\n\t<li id=\"menu-item-4326\" class=\"menu-item menu-item-type-post_type menu-item-object-page menu-item-4326\"><a href=\"https:\/\/irmo.org.uk\/pt-br\/o-que-fazemos\/educacao-treinamento-e-emprego\/apoio-ao-emprego\/\">Apoio ao emprego<\/a><\/li>\n\t<li id=\"menu-item-4327\" class=\"menu-item menu-item-type-post_type menu-item-object-page menu-item-4327\"><a href=\"https:\/\/irmo.org.uk\/pt-br\/o-que-fazemos\/educacao-treinamento-e-emprego\/esquema-de-voluntariado\/\">Voluntariado<\/a><\/li>\n<\/ul>\n<\/li>\n<li id=\"menu-item-4328\" class=\"menu-item menu-item-type-post_type menu-item-object-page menu-item-has-children menu-item-4328\"><a href=\"https:\/\/irmo.org.uk\/pt-br\/o-que-fazemos\/criancas-e-jovens\/\">Crian\u00e7as e Jovens<\/a>\n<ul class=\"sub-menu\">\n\t<li id=\"menu-item-4329\" class=\"menu-item menu-item-type-post_type menu-item-object-page menu-item-4329\"><a href=\"https:\/\/irmo.org.uk\/pt-br\/o-que-fazemos\/criancas-e-jovens\/projeto-familiar\/\">Projeto Fam\u00edlia<\/a><\/li>\n\t<li id=\"menu-item-4330\" class=\"menu-item menu-item-type-post_type menu-item-object-page menu-item-4330\"><a href=\"https:\/\/irmo.org.uk\/pt-br\/o-que-fazemos\/criancas-e-jovens\/forum-latino-americano-da-juventude\/\">Projeto de Jovens<\/a><\/li>\n\t<li id=\"menu-item-4343\" class=\"menu-item menu-item-type-post_type menu-item-object-page menu-item-4343\"><a href=\"https:\/\/irmo.org.uk\/pt-br\/o-que-fazemos\/criancas-e-jovens\/acesso-a-educacao\/\">Campanha de acesso \u00e0 educa\u00e7\u00e3o<\/a><\/li>\n<\/ul>\n<\/li>\n<li id=\"menu-item-4344\" class=\"menu-item menu-item-type-post_type menu-item-object-page menu-item-4344\"><a href=\"https:\/\/irmo.org.uk\/pt-br\/o-que-fazemos\/defesa-de-direitos-pesquisa-e-campanhas\/\">Defesa de Direitos, Pesquisa e Campanhas<\/a><\/li>\n<\/ul><\/div><\/div>\n\t\t\t\t\t\t<\/div>\n\t\t\t\t<\/div>\n\t\t\t\t\t<\/div>\n\t\t\t\t<\/div>\n\t\t\t\t\t<\/div>\n\t\t\t\t<\/div>\n\t\t\t\t<\/div>\n\t\t\t\t\t<\/div>\n\t\t\t\t<\/div>\n\t\t\t\t<\/div>\n\t\t","protected":false},"excerpt":{"rendered":"<p>Por meio de nossas sess\u00f5es semanais de atendimento, apoio individual e eventos, aumentamos a conscientiza\u00e7\u00e3o sobre os problemas de sa\u00fade que afetam nossa comunidade e oferecemos apoio pr\u00e1tico no acesso \u00e0 aten\u00e7\u00e3o prim\u00e1ria e secund\u00e1ria. Isso inclui ajuda com registro no GP, atendimento odontol\u00f3gico, vacinas, sa\u00fade mental, maternidade, sa\u00fade sexual e preven\u00e7\u00e3o do c\u00e2ncer. Trabalhamos [&hellip;]<\/p>\n","protected":false},"author":5,"featured_media":0,"parent":4163,"menu_order":0,"comment_status":"closed","ping_status":"closed","template":"","meta":{"_acf_changed":false,"inline_featured_image":false,"_monsterinsights_skip_tracking":false,"_monsterinsights_sitenote_active":false,"_monsterinsights_sitenote_note":"","_monsterinsights_sitenote_category":0,"footnotes":""},"class_list":["post-4153","page","type-page","status-publish","hentry"],"acf":[],"_links":{"self":[{"href":"https:\/\/irmo.org.uk\/pt-br\/wp-json\/wp\/v2\/pages\/4153","targetHints":{"allow":["GET"]}}],"collection":[{"href":"https:\/\/irmo.org.uk\/pt-br\/wp-json\/wp\/v2\/pages"}],"about":[{"href":"https:\/\/irmo.org.uk\/pt-br\/wp-json\/wp\/v2\/types\/page"}],"author":[{"embeddable":true,"href":"https:\/\/irmo.org.uk\/pt-br\/wp-json\/wp\/v2\/users\/5"}],"replies":[{"embeddable":true,"href":"https:\/\/irmo.org.uk\/pt-br\/wp-json\/wp\/v2\/comments?post=4153"}],"version-history":[{"count":5,"href":"https:\/\/irmo.org.uk\/pt-br\/wp-json\/wp\/v2\/pages\/4153\/revisions"}],"predecessor-version":[{"id":5959,"href":"https:\/\/irmo.org.uk\/pt-br\/wp-json\/wp\/v2\/pages\/4153\/revisions\/5959"}],"up":[{"embeddable":true,"href":"https:\/\/irmo.org.uk\/pt-br\/wp-json\/wp\/v2\/pages\/4163"}],"wp:attachment":[{"href":"https:\/\/irmo.org.uk\/pt-br\/wp-json\/wp\/v2\/media?parent=4153"}],"curies":[{"name":"wp","href":"https:\/\/api.w.org\/{rel}","templated":true}]}}