{"id":4167,"date":"2024-10-05T18:29:02","date_gmt":"2024-10-05T17:29:02","guid":{"rendered":"https:\/\/irmo.creative.coop\/o-que-fazemos\/assessoria\/suporte-a-comunidade\/"},"modified":"2025-06-04T11:09:51","modified_gmt":"2025-06-04T10:09:51","slug":"suporte-a-comunidade","status":"publish","type":"page","link":"https:\/\/irmo.org.uk\/pt-br\/o-que-fazemos\/assessoria\/suporte-a-comunidade\/","title":{"rendered":"Suporte \u00e0 comunidade"},"content":{"rendered":"\t\t<div data-elementor-type=\"wp-page\" data-elementor-id=\"4167\" class=\"elementor elementor-4167 elementor-3723\" data-elementor-post-type=\"page\">\n\t\t\t\t<div class=\"elementor-element elementor-element-260eac3f e-flex e-con-boxed e-con e-parent\" data-id=\"260eac3f\" data-element_type=\"container\" data-e-type=\"container\" data-settings=\"{&quot;background_background&quot;:&quot;classic&quot;}\">\n\t\t\t\t\t<div class=\"e-con-inner\">\n\t\t\t\t<div class=\"elementor-element elementor-element-2c66eee9 elementor-widget__width-inherit elementor-absolute top-wave elementor-widget elementor-widget-image\" data-id=\"2c66eee9\" data-element_type=\"widget\" data-e-type=\"widget\" data-settings=\"{&quot;_position&quot;:&quot;absolute&quot;}\" data-widget_type=\"image.default\">\n\t\t\t\t<div class=\"elementor-widget-container\">\n\t\t\t\t\t\t\t\t\t\t\t\t\t\t\t<img fetchpriority=\"high\" decoding=\"async\" width=\"1440\" height=\"78\" src=\"https:\/\/irmo.org.uk\/wp-content\/uploads\/2023\/11\/purple-top-curve.svg\" class=\"attachment-full size-full wp-image-4198\" alt=\"\" \/>\t\t\t\t\t\t\t\t\t\t\t\t\t\t\t<\/div>\n\t\t\t\t<\/div>\n\t\t<div class=\"elementor-element elementor-element-632dad5 e-con-full e-flex e-con e-child\" data-id=\"632dad5\" data-element_type=\"container\" data-e-type=\"container\">\n\t\t\t\t<\/div>\n\t\t\t\t\t<\/div>\n\t\t\t\t<\/div>\n\t\t<div class=\"elementor-element elementor-element-3e7db42 e-flex e-con-boxed e-con e-parent\" data-id=\"3e7db42\" data-element_type=\"container\" data-e-type=\"container\" data-settings=\"{&quot;background_background&quot;:&quot;classic&quot;}\">\n\t\t\t\t\t<div class=\"e-con-inner\">\n\t\t<div class=\"elementor-element elementor-element-5cdc65d5 e-con-full e-flex e-con e-child\" data-id=\"5cdc65d5\" data-element_type=\"container\" data-e-type=\"container\">\n\t\t<div class=\"elementor-element elementor-element-57701f5 e-con-full e-flex e-con e-child\" data-id=\"57701f5\" data-element_type=\"container\" data-e-type=\"container\">\n\t\t\t\t<div class=\"elementor-element elementor-element-a8fffbd elementor-widget elementor-widget-text-editor\" data-id=\"a8fffbd\" data-element_type=\"widget\" data-e-type=\"widget\" data-widget_type=\"text-editor.default\">\n\t\t\t\t<div class=\"elementor-widget-container\">\n\t\t\t\t\t\t\t\t\t<p><span style=\"font-weight: 400;\">Nossa equipe de suporte \u00e0 comunidade fornece informa\u00e7\u00f5es e conex\u00f5es vitais para os principais recursos e servi\u00e7os. Auxiliamos pessoas em crise, ajudando-as a acessar bancos de alimentos e suporte a dificuldades, e apoiando aqueles que s\u00e3o exclu\u00eddos digitalmente na obten\u00e7\u00e3o de dispositivos de TI e cart\u00f5es SIM. <br><br>Nossa equipe realiza avalia\u00e7\u00f5es iniciais e conecta os indiv\u00edduos aos nossos servi\u00e7os de suporte internos e os encaminha a parceiros confi\u00e1veis quando necess\u00e1rio. Volunt\u00e1rios treinados tamb\u00e9m auxiliam na tradu\u00e7\u00e3o de documentos e no acesso a apoios essenciais, como passes de liberdade de transporte e vales Healthy Start. <br><\/span><\/p>\t\t\t\t\t\t\t\t<\/div>\n\t\t\t\t<\/div>\n\t\t\t\t<\/div>\n\t\t<div class=\"elementor-element elementor-element-b807b07 e-con-full e-flex e-con e-child\" data-id=\"b807b07\" data-element_type=\"container\" data-e-type=\"container\">\n\t\t\t\t<div class=\"elementor-element elementor-element-7974f35 elementor-widget elementor-widget-counter\" data-id=\"7974f35\" data-element_type=\"widget\" data-e-type=\"widget\" data-widget_type=\"counter.default\">\n\t\t\t\t<div class=\"elementor-widget-container\">\n\t\t\t\t\t\t\t<div class=\"elementor-counter\">\n\t\t\t<div class=\"elementor-counter-title\">pessoas receberam assist\u00eancia essencial nos \u00faltimos tr\u00eas anos<\/div>\t\t\t<div class=\"elementor-counter-number-wrapper\">\n\t\t\t\t<span class=\"elementor-counter-number-prefix\"><\/span>\n\t\t\t\t<span class=\"elementor-counter-number\" data-duration=\"2000\" data-to-value=\"3891\" data-from-value=\"0\" data-delimiter=\",\">0<\/span>\n\t\t\t\t<span class=\"elementor-counter-number-suffix\"><\/span>\n\t\t\t<\/div>\n\t\t<\/div>\n\t\t\t\t\t\t<\/div>\n\t\t\t\t<\/div>\n\t\t\t\t<\/div>\n\t\t<div class=\"elementor-element elementor-element-56539ef3 e-con-full e-flex e-con e-child\" data-id=\"56539ef3\" data-element_type=\"container\" data-e-type=\"container\">\n\t\t\t\t<div class=\"elementor-element elementor-element-2e58e5d0 elementor-widget elementor-widget-image\" data-id=\"2e58e5d0\" data-element_type=\"widget\" data-e-type=\"widget\" data-widget_type=\"image.default\">\n\t\t\t\t<div class=\"elementor-widget-container\">\n\t\t\t\t\t\t\t\t\t\t\t\t\t\t\t<img decoding=\"async\" width=\"4032\" height=\"3024\" src=\"https:\/\/irmo.org.uk\/wp-content\/uploads\/2024\/10\/Community-Support-e1728933672264.jpeg\" class=\"attachment-full size-full wp-image-3881\" alt=\"\" \/>\t\t\t\t\t\t\t\t\t\t\t\t\t\t\t<\/div>\n\t\t\t\t<\/div>\n\t\t\t\t<\/div>\n\t\t<div class=\"elementor-element elementor-element-7ee98cc e-con-full e-flex e-con e-child\" data-id=\"7ee98cc\" data-element_type=\"container\" data-e-type=\"container\">\n\t\t\t\t<div class=\"elementor-element elementor-element-66411be elementor-blockquote--skin-boxed elementor-blockquote--align-center elementor-widget__width-inherit quote-grey elementor-widget elementor-widget-blockquote\" data-id=\"66411be\" data-element_type=\"widget\" data-e-type=\"widget\" data-widget_type=\"blockquote.default\">\n\t\t\t\t<div class=\"elementor-widget-container\">\n\t\t\t\t\t\t\t<blockquote class=\"elementor-blockquote\">\n\t\t\t<p class=\"elementor-blockquote__content\">\n\t\t\t\tVoc\u00ea \u00e9 fant\u00e1stico e emp\u00e1tico com todos que entram em contato comigo. Voc\u00ea me ajudou muito durante esses momentos dif\u00edceis e, depois de falar com voc\u00ea, o estresse e a tens\u00e3o desaparecem porque voc\u00ea \u00e9 muito claro sobre as etapas a serem seguidas. \t\t\t<\/p>\n\t\t\t\t\t<\/blockquote>\n\t\t\t\t\t\t<\/div>\n\t\t\t\t<\/div>\n\t\t\t\t<\/div>\n\t\t<div class=\"elementor-element elementor-element-5d93e10 e-con-full e-flex e-con e-child\" data-id=\"5d93e10\" data-element_type=\"container\" data-e-type=\"container\">\n\t\t\t\t<div class=\"elementor-element elementor-element-a5cb690 elementor-widget elementor-widget-heading\" data-id=\"a5cb690\" data-element_type=\"widget\" data-e-type=\"widget\" data-widget_type=\"heading.default\">\n\t\t\t\t<div class=\"elementor-widget-container\">\n\t\t\t\t\t<h2 class=\"elementor-heading-title elementor-size-default\">Mais informa\u00e7\u00f5es<\/h2>\t\t\t\t<\/div>\n\t\t\t\t<\/div>\n\t\t\t\t<div class=\"elementor-element elementor-element-ba07b08 elementor-widget elementor-widget-text-editor\" data-id=\"ba07b08\" data-element_type=\"widget\" data-e-type=\"widget\" data-widget_type=\"text-editor.default\">\n\t\t\t\t<div class=\"elementor-widget-container\">\n\t\t\t\t\t\t\t\t\t<p><span style=\"text-align: var(--text-align); color: var( --e-global-color-secondary ); font-family: var( --e-global-typography-text-font-family ), Sans-serif; font-size: var( --e-global-typography-text-font-size );\">Para obter mais informa\u00e7\u00f5es, entre em contato conosco em <\/span><a style=\"text-align: var(--text-align); background-color: #ffffff; font-family: var( --e-global-typography-text-font-family ), Sans-serif; font-size: var( --e-global-typography-text-font-size ); font-weight: var( --e-global-typography-text-font-weight );\" href=\"mailto:info@irmo.org.uk\" target=\"_blank\" rel=\"noopener\">info@irmo.org.uk<\/a><span style=\"text-align: var(--text-align); color: var( --e-global-color-secondary ); font-family: var( --e-global-typography-text-font-family ), Sans-serif; font-size: var( --e-global-typography-text-font-size );\"> ou use o bot\u00e3o abaixo.<\/span><\/p>\t\t\t\t\t\t\t\t<\/div>\n\t\t\t\t<\/div>\n\t\t\t\t<div class=\"elementor-element elementor-element-b2d9095 elementor-widget elementor-widget-button\" data-id=\"b2d9095\" data-element_type=\"widget\" data-e-type=\"widget\" data-widget_type=\"button.default\">\n\t\t\t\t<div class=\"elementor-widget-container\">\n\t\t\t\t\t\t\t\t\t<div class=\"elementor-button-wrapper\">\n\t\t\t\t\t<a class=\"elementor-button elementor-button-link elementor-size-sm\" href=\"https:\/\/irmo.org.uk\/pt-br\/entre-em-contato-conosco\/\">\n\t\t\t\t\t\t<span class=\"elementor-button-content-wrapper\">\n\t\t\t\t\t\t\t\t\t<span class=\"elementor-button-text\">Entre em contato conosco<\/span>\n\t\t\t\t\t<\/span>\n\t\t\t\t\t<\/a>\n\t\t\t\t<\/div>\n\t\t\t\t\t\t\t\t<\/div>\n\t\t\t\t<\/div>\n\t\t\t\t<\/div>\n\t\t\t\t<\/div>\n\t\t<div class=\"elementor-element elementor-element-4ddbf e-con-full elementor-hidden-tablet elementor-hidden-mobile e-flex e-con e-child\" data-id=\"4ddbf\" data-element_type=\"container\" data-e-type=\"container\">\n\t\t<div class=\"elementor-element elementor-element-77daf844 e-flex e-con-boxed e-con e-child\" data-id=\"77daf844\" data-element_type=\"container\" data-e-type=\"container\">\n\t\t\t\t\t<div class=\"e-con-inner\">\n\t\t<div class=\"elementor-element elementor-element-7eaebc68 e-flex e-con-boxed e-con e-child\" data-id=\"7eaebc68\" data-element_type=\"container\" data-e-type=\"container\" data-settings=\"{&quot;background_background&quot;:&quot;classic&quot;}\">\n\t\t\t\t\t<div class=\"e-con-inner\">\n\t\t\t\t\t<\/div>\n\t\t\t\t<\/div>\n\t\t<div class=\"elementor-element elementor-element-699bd816 e-flex e-con-boxed e-con e-child\" data-id=\"699bd816\" data-element_type=\"container\" data-e-type=\"container\" data-settings=\"{&quot;background_background&quot;:&quot;classic&quot;}\">\n\t\t\t\t\t<div class=\"e-con-inner\">\n\t\t\t\t<div class=\"elementor-element elementor-element-2e332825 elementor-widget elementor-widget-heading\" data-id=\"2e332825\" data-element_type=\"widget\" data-e-type=\"widget\" data-widget_type=\"heading.default\">\n\t\t\t\t<div class=\"elementor-widget-container\">\n\t\t\t\t\t<h2 class=\"elementor-heading-title elementor-size-default\">O Que Fazemos<\/h2>\t\t\t\t<\/div>\n\t\t\t\t<\/div>\n\t\t\t\t<div class=\"elementor-element elementor-element-3260d728 elementor-widget elementor-widget-shortcode\" data-id=\"3260d728\" data-element_type=\"widget\" data-e-type=\"widget\" data-widget_type=\"shortcode.default\">\n\t\t\t\t<div class=\"elementor-widget-container\">\n\t\t\t\t\t\t\t<div class=\"elementor-shortcode\"><div class=\"menu-services-lang-br-container\"><ul id=\"menu-services-lang-br\" class=\"menu list-menu\"><li id=\"menu-item-4319\" class=\"menu-item menu-item-type-post_type menu-item-object-page menu-item-has-children menu-item-4319\"><a href=\"https:\/\/irmo.org.uk\/pt-br\/o-que-fazemos\/assessoria\/\">Assessoria<\/a>\n<ul class=\"sub-menu\">\n\t<li id=\"menu-item-4320\" class=\"menu-item menu-item-type-post_type menu-item-object-page menu-item-4320\"><a href=\"https:\/\/irmo.org.uk\/pt-br\/o-que-fazemos\/assessoria\/suporte-a-comunidade\/\">Suporte \u00e0 comunidade<\/a><\/li>\n\t<li id=\"menu-item-4321\" class=\"menu-item menu-item-type-post_type menu-item-object-page menu-item-4321\"><a href=\"https:\/\/irmo.org.uk\/pt-br\/o-que-fazemos\/assessoria\/beneficios-de-bem-estar-e-moradia\/\">Benef\u00edcios e Moradia<\/a><\/li>\n\t<li id=\"menu-item-4322\" class=\"menu-item menu-item-type-post_type menu-item-object-page menu-item-4322\"><a href=\"https:\/\/irmo.org.uk\/pt-br\/o-que-fazemos\/assessoria\/assessoria-de-imigracao\/\">Imigra\u00e7\u00e3o<\/a><\/li>\n\t<li id=\"menu-item-4323\" class=\"menu-item menu-item-type-post_type menu-item-object-page menu-item-4323\"><a href=\"https:\/\/irmo.org.uk\/pt-br\/o-que-fazemos\/assessoria\/acesso-a-saude\/\">Acesso \u00e0 sa\u00fade<\/a><\/li>\n<\/ul>\n<\/li>\n<li id=\"menu-item-4324\" class=\"menu-item menu-item-type-post_type menu-item-object-page menu-item-has-children menu-item-4324\"><a href=\"https:\/\/irmo.org.uk\/pt-br\/o-que-fazemos\/educacao-treinamento-e-emprego\/\">Educa\u00e7\u00e3o, Treinamento e Emprego<\/a>\n<ul class=\"sub-menu\">\n\t<li id=\"menu-item-4325\" class=\"menu-item menu-item-type-post_type menu-item-object-page menu-item-4325\"><a href=\"https:\/\/irmo.org.uk\/pt-br\/o-que-fazemos\/educacao-treinamento-e-emprego\/aulas-de-ingles\/\">Aulas de ingl\u00eas<\/a><\/li>\n\t<li id=\"menu-item-4326\" class=\"menu-item menu-item-type-post_type menu-item-object-page menu-item-4326\"><a href=\"https:\/\/irmo.org.uk\/pt-br\/o-que-fazemos\/educacao-treinamento-e-emprego\/apoio-ao-emprego\/\">Apoio ao emprego<\/a><\/li>\n\t<li id=\"menu-item-4327\" class=\"menu-item menu-item-type-post_type menu-item-object-page menu-item-4327\"><a href=\"https:\/\/irmo.org.uk\/pt-br\/o-que-fazemos\/educacao-treinamento-e-emprego\/esquema-de-voluntariado\/\">Voluntariado<\/a><\/li>\n<\/ul>\n<\/li>\n<li id=\"menu-item-4328\" class=\"menu-item menu-item-type-post_type menu-item-object-page menu-item-has-children menu-item-4328\"><a href=\"https:\/\/irmo.org.uk\/pt-br\/o-que-fazemos\/criancas-e-jovens\/\">Crian\u00e7as e Jovens<\/a>\n<ul class=\"sub-menu\">\n\t<li id=\"menu-item-4329\" class=\"menu-item menu-item-type-post_type menu-item-object-page menu-item-4329\"><a href=\"https:\/\/irmo.org.uk\/pt-br\/o-que-fazemos\/criancas-e-jovens\/projeto-familiar\/\">Projeto Fam\u00edlia<\/a><\/li>\n\t<li id=\"menu-item-4330\" class=\"menu-item menu-item-type-post_type menu-item-object-page menu-item-4330\"><a href=\"https:\/\/irmo.org.uk\/pt-br\/o-que-fazemos\/criancas-e-jovens\/forum-latino-americano-da-juventude\/\">Projeto de Jovens<\/a><\/li>\n\t<li id=\"menu-item-4343\" class=\"menu-item menu-item-type-post_type menu-item-object-page menu-item-4343\"><a href=\"https:\/\/irmo.org.uk\/pt-br\/o-que-fazemos\/criancas-e-jovens\/acesso-a-educacao\/\">Campanha de acesso \u00e0 educa\u00e7\u00e3o<\/a><\/li>\n<\/ul>\n<\/li>\n<li id=\"menu-item-4344\" class=\"menu-item menu-item-type-post_type menu-item-object-page menu-item-4344\"><a href=\"https:\/\/irmo.org.uk\/pt-br\/o-que-fazemos\/defesa-de-direitos-pesquisa-e-campanhas\/\">Defesa de Direitos, Pesquisa e Campanhas<\/a><\/li>\n<\/ul><\/div><\/div>\n\t\t\t\t\t\t<\/div>\n\t\t\t\t<\/div>\n\t\t\t\t\t<\/div>\n\t\t\t\t<\/div>\n\t\t\t\t\t<\/div>\n\t\t\t\t<\/div>\n\t\t\t\t<\/div>\n\t\t\t\t\t<\/div>\n\t\t\t\t<\/div>\n\t\t\t\t<\/div>\n\t\t","protected":false},"excerpt":{"rendered":"<p>Nossa equipe de suporte \u00e0 comunidade fornece informa\u00e7\u00f5es e conex\u00f5es vitais para os principais recursos e servi\u00e7os. Auxiliamos pessoas em crise, ajudando-as a acessar bancos de alimentos e suporte a dificuldades, e apoiando aqueles que s\u00e3o exclu\u00eddos digitalmente na obten\u00e7\u00e3o de dispositivos de TI e cart\u00f5es SIM. Nossa equipe realiza avalia\u00e7\u00f5es iniciais e conecta os [&hellip;]<\/p>\n","protected":false},"author":5,"featured_media":0,"parent":4163,"menu_order":0,"comment_status":"closed","ping_status":"closed","template":"","meta":{"_acf_changed":false,"inline_featured_image":false,"_monsterinsights_skip_tracking":false,"_monsterinsights_sitenote_active":false,"_monsterinsights_sitenote_note":"","_monsterinsights_sitenote_category":0,"footnotes":""},"class_list":["post-4167","page","type-page","status-publish","hentry"],"acf":[],"_links":{"self":[{"href":"https:\/\/irmo.org.uk\/pt-br\/wp-json\/wp\/v2\/pages\/4167","targetHints":{"allow":["GET"]}}],"collection":[{"href":"https:\/\/irmo.org.uk\/pt-br\/wp-json\/wp\/v2\/pages"}],"about":[{"href":"https:\/\/irmo.org.uk\/pt-br\/wp-json\/wp\/v2\/types\/page"}],"author":[{"embeddable":true,"href":"https:\/\/irmo.org.uk\/pt-br\/wp-json\/wp\/v2\/users\/5"}],"replies":[{"embeddable":true,"href":"https:\/\/irmo.org.uk\/pt-br\/wp-json\/wp\/v2\/comments?post=4167"}],"version-history":[{"count":2,"href":"https:\/\/irmo.org.uk\/pt-br\/wp-json\/wp\/v2\/pages\/4167\/revisions"}],"predecessor-version":[{"id":6576,"href":"https:\/\/irmo.org.uk\/pt-br\/wp-json\/wp\/v2\/pages\/4167\/revisions\/6576"}],"up":[{"embeddable":true,"href":"https:\/\/irmo.org.uk\/pt-br\/wp-json\/wp\/v2\/pages\/4163"}],"wp:attachment":[{"href":"https:\/\/irmo.org.uk\/pt-br\/wp-json\/wp\/v2\/media?parent=4167"}],"curies":[{"name":"wp","href":"https:\/\/api.w.org\/{rel}","templated":true}]}}