{"id":4169,"date":"2023-11-03T14:44:38","date_gmt":"2023-11-03T14:44:38","guid":{"rendered":"https:\/\/irmo.creative.coop\/o-que-fazemos\/assessoria\/assessoria-de-imigracao\/"},"modified":"2025-06-23T14:25:25","modified_gmt":"2025-06-23T13:25:25","slug":"assessoria-de-imigracao","status":"publish","type":"page","link":"https:\/\/irmo.org.uk\/pt-br\/o-que-fazemos\/assessoria\/assessoria-de-imigracao\/","title":{"rendered":"Assessoria de imigra\u00e7\u00e3o"},"content":{"rendered":"\t\t<div data-elementor-type=\"wp-page\" data-elementor-id=\"4169\" class=\"elementor elementor-4169 elementor-547\" data-elementor-post-type=\"page\">\n\t\t\t\t<div class=\"elementor-element elementor-element-260eac3f e-flex e-con-boxed e-con e-parent\" data-id=\"260eac3f\" data-element_type=\"container\" data-e-type=\"container\" data-settings=\"{&quot;background_background&quot;:&quot;classic&quot;}\">\n\t\t\t\t\t<div class=\"e-con-inner\">\n\t\t\t\t<div class=\"elementor-element elementor-element-2c66eee9 elementor-widget__width-inherit elementor-absolute top-wave elementor-widget elementor-widget-image\" data-id=\"2c66eee9\" data-element_type=\"widget\" data-e-type=\"widget\" data-settings=\"{&quot;_position&quot;:&quot;absolute&quot;}\" data-widget_type=\"image.default\">\n\t\t\t\t<div class=\"elementor-widget-container\">\n\t\t\t\t\t\t\t\t\t\t\t\t\t\t\t<img fetchpriority=\"high\" decoding=\"async\" width=\"1440\" height=\"78\" src=\"https:\/\/irmo.org.uk\/wp-content\/uploads\/2023\/11\/purple-top-curve.svg\" class=\"attachment-full size-full wp-image-4198\" alt=\"\" \/>\t\t\t\t\t\t\t\t\t\t\t\t\t\t\t<\/div>\n\t\t\t\t<\/div>\n\t\t<div class=\"elementor-element elementor-element-632dad5 e-con-full e-flex e-con e-child\" data-id=\"632dad5\" data-element_type=\"container\" data-e-type=\"container\">\n\t\t\t\t<\/div>\n\t\t\t\t\t<\/div>\n\t\t\t\t<\/div>\n\t\t<div class=\"elementor-element elementor-element-3e7db42 e-flex e-con-boxed e-con e-parent\" data-id=\"3e7db42\" data-element_type=\"container\" data-e-type=\"container\" data-settings=\"{&quot;background_background&quot;:&quot;classic&quot;}\">\n\t\t\t\t\t<div class=\"e-con-inner\">\n\t\t<div class=\"elementor-element elementor-element-5cdc65d5 e-con-full e-flex e-con e-child\" data-id=\"5cdc65d5\" data-element_type=\"container\" data-e-type=\"container\">\n\t\t<div class=\"elementor-element elementor-element-56539ef3 e-con-full e-flex e-con e-child\" data-id=\"56539ef3\" data-element_type=\"container\" data-e-type=\"container\">\n\t\t\t\t<div class=\"elementor-element elementor-element-1f7cfb8e elementor-widget elementor-widget-text-editor\" data-id=\"1f7cfb8e\" data-element_type=\"widget\" data-e-type=\"widget\" data-widget_type=\"text-editor.default\">\n\t\t\t\t<div class=\"elementor-widget-container\">\n\t\t\t\t\t\t\t\t\t<p><span style=\"font-weight: 400;\">Nossos consultores <a href=\"https:\/\/www.gov.uk\/government\/organisations\/immigration-advice-authority\">regulamentados pelo IAA<\/a> fornecem consultoria abrangente, trabalho de caso e representa\u00e7\u00e3o legal em t\u00f3picos como o EU Settlement Scheme, vistos e cidadania brit\u00e2nicos.  <\/span><span style=\"text-align: var(--text-align); color: var( --e-global-color-secondary ); font-family: var( --e-global-typography-text-font-family ), Sans-serif; font-size: var( --e-global-typography-text-font-size );\">Tamb\u00e9m apoiamos a reunifica\u00e7\u00e3o familiar, ajudando com solicita\u00e7\u00f5es para que parceiros, filhos e pais dependentes se juntem a entes queridos no Reino Unido. Contestamos decis\u00f5es tomadas por \u00f3rg\u00e3os p\u00fablicos por meio de revis\u00f5es administrativas e oferecemos consultoria inicial sobre recursos, encaminhando casos para nossos parceiros de confian\u00e7a quando necess\u00e1rio. <\/span><\/p>\t\t\t\t\t\t\t\t<\/div>\n\t\t\t\t<\/div>\n\t\t\t\t<div class=\"elementor-element elementor-element-2e58e5d0 elementor-widget__width-inherit elementor-widget elementor-widget-image\" data-id=\"2e58e5d0\" data-element_type=\"widget\" data-e-type=\"widget\" data-widget_type=\"image.default\">\n\t\t\t\t<div class=\"elementor-widget-container\">\n\t\t\t\t\t\t\t\t\t\t\t\t\t\t\t<img decoding=\"async\" width=\"634\" height=\"339\" src=\"https:\/\/irmo.org.uk\/wp-content\/uploads\/2023\/11\/tmp-service-page-image.jpg\" class=\"attachment-large size-large wp-image-4206\" alt=\"\" srcset=\"https:\/\/irmo.org.uk\/wp-content\/uploads\/2023\/11\/tmp-service-page-image.jpg 634w, https:\/\/irmo.org.uk\/wp-content\/uploads\/2023\/11\/tmp-service-page-image-300x160.jpg 300w\" sizes=\"(max-width: 634px) 100vw, 634px\" \/>\t\t\t\t\t\t\t\t\t\t\t\t\t\t\t<\/div>\n\t\t\t\t<\/div>\n\t\t\t\t<\/div>\n\t\t<div class=\"elementor-element elementor-element-1d9f354f e-con-full e-flex e-con e-child\" data-id=\"1d9f354f\" data-element_type=\"container\" data-e-type=\"container\">\n\t\t\t\t<div class=\"elementor-element elementor-element-3757a502 elementor-widget elementor-widget-text-editor\" data-id=\"3757a502\" data-element_type=\"widget\" data-e-type=\"widget\" data-widget_type=\"text-editor.default\">\n\t\t\t\t<div class=\"elementor-widget-container\">\n\t\t\t\t\t\t\t\t\t<p><span style=\"font-weight: 400;\">Com mais de 40 anos de experi\u00eancia na presta\u00e7\u00e3o de consultoria jur\u00eddica sobre imigra\u00e7\u00e3o, temos um s\u00f3lido hist\u00f3rico de fornecimento de suporte personalizado e acess\u00edvel, projetado especificamente para a comunidade latino-americana de migrantes e refugiados.  <\/span><\/p><p><span style=\"font-weight: 400;\">Temos o compromisso de defender os direitos de nossa comunidade, monitorando ativamente e respondendo \u00e0s mudan\u00e7as legislativas que os afetam.  <\/span><\/p>\t\t\t\t\t\t\t\t<\/div>\n\t\t\t\t<\/div>\n\t\t\t\t<\/div>\n\t\t\t\t<div class=\"elementor-element elementor-element-87f1d81 elementor-widget elementor-widget-counter\" data-id=\"87f1d81\" data-element_type=\"widget\" data-e-type=\"widget\" data-widget_type=\"counter.default\">\n\t\t\t\t<div class=\"elementor-widget-container\">\n\t\t\t\t\t\t\t<div class=\"elementor-counter\">\n\t\t\t<div class=\"elementor-counter-title\">pessoas apoiadas na garantia de seus direitos nos \u00faltimos cinco anos<\/div>\t\t\t<div class=\"elementor-counter-number-wrapper\">\n\t\t\t\t<span class=\"elementor-counter-number-prefix\"><\/span>\n\t\t\t\t<span class=\"elementor-counter-number\" data-duration=\"2000\" data-to-value=\"2516\" data-from-value=\"0\" data-delimiter=\",\">0<\/span>\n\t\t\t\t<span class=\"elementor-counter-number-suffix\"><\/span>\n\t\t\t<\/div>\n\t\t<\/div>\n\t\t\t\t\t\t<\/div>\n\t\t\t\t<\/div>\n\t\t<div class=\"elementor-element elementor-element-3ed95a9 e-con-full e-flex e-con e-child\" data-id=\"3ed95a9\" data-element_type=\"container\" data-e-type=\"container\">\n\t\t\t\t<div class=\"elementor-element elementor-element-a22bacb elementor-widget elementor-widget-heading\" data-id=\"a22bacb\" data-element_type=\"widget\" data-e-type=\"widget\" data-widget_type=\"heading.default\">\n\t\t\t\t<div class=\"elementor-widget-container\">\n\t\t\t\t\t<h2 class=\"elementor-heading-title elementor-size-default\">Workshops sobre acesso a direitos\n<\/h2>\t\t\t\t<\/div>\n\t\t\t\t<\/div>\n\t\t\t\t<div class=\"elementor-element elementor-element-625a5bf elementor-widget elementor-widget-text-editor\" data-id=\"625a5bf\" data-element_type=\"widget\" data-e-type=\"widget\" data-widget_type=\"text-editor.default\">\n\t\t\t\t<div class=\"elementor-widget-container\">\n\t\t\t\t\t\t\t\t\t<p><span style=\"font-weight: 400;\">Realizamos regularmente workshops e eventos sobre t\u00f3picos importantes de imigra\u00e7\u00e3o para manter a comunidade informada sobre as principais mudan\u00e7as legais. Sess\u00f5es anteriores abordaram a transi\u00e7\u00e3o para o e-Visas, o EU Settlement Scheme, o sistema de asilo e a cidadania brit\u00e2nica para crian\u00e7as. <br><br><\/span>Consulte nosso calend\u00e1rio de eventos para ver as pr\u00f3ximas sess\u00f5es.<span style=\"font-weight: 400;\"><br><\/span><\/p>\t\t\t\t\t\t\t\t<\/div>\n\t\t\t\t<\/div>\n\t\t<div class=\"elementor-element elementor-element-59d21b3 e-flex e-con-boxed e-con e-child\" data-id=\"59d21b3\" data-element_type=\"container\" data-e-type=\"container\">\n\t\t\t\t\t<div class=\"e-con-inner\">\n\t\t\t\t<div class=\"elementor-element elementor-element-0716447 elementor-widget elementor-widget-button\" data-id=\"0716447\" data-element_type=\"widget\" data-e-type=\"widget\" data-widget_type=\"button.default\">\n\t\t\t\t<div class=\"elementor-widget-container\">\n\t\t\t\t\t\t\t\t\t<div class=\"elementor-button-wrapper\">\n\t\t\t\t\t<a class=\"elementor-button elementor-button-link elementor-size-sm\" href=\"https:\/\/irmo.org.uk\/pt-br\/eventos\/\">\n\t\t\t\t\t\t<span class=\"elementor-button-content-wrapper\">\n\t\t\t\t\t\t\t\t\t<span class=\"elementor-button-text\">Calend\u00e1rio<\/span>\n\t\t\t\t\t<\/span>\n\t\t\t\t\t<\/a>\n\t\t\t\t<\/div>\n\t\t\t\t\t\t\t\t<\/div>\n\t\t\t\t<\/div>\n\t\t\t\t\t<\/div>\n\t\t\t\t<\/div>\n\t\t\t\t<\/div>\n\t\t<div class=\"elementor-element elementor-element-7c28f56f e-con-full e-flex e-con e-child\" data-id=\"7c28f56f\" data-element_type=\"container\" data-e-type=\"container\">\n\t\t\t\t<div class=\"elementor-element elementor-element-b8b487e elementor-widget elementor-widget-heading\" data-id=\"b8b487e\" data-element_type=\"widget\" data-e-type=\"widget\" data-widget_type=\"heading.default\">\n\t\t\t\t<div class=\"elementor-widget-container\">\n\t\t\t\t\t<h2 class=\"elementor-heading-title elementor-size-default\">Mais informa\u00e7\u00f5es<\/h2>\t\t\t\t<\/div>\n\t\t\t\t<\/div>\n\t\t\t\t<div class=\"elementor-element elementor-element-433977f3 elementor-widget elementor-widget-text-editor\" data-id=\"433977f3\" data-element_type=\"widget\" data-e-type=\"widget\" data-widget_type=\"text-editor.default\">\n\t\t\t\t<div class=\"elementor-widget-container\">\n\t\t\t\t\t\t\t\t\t<p><span style=\"font-weight: 400;\">Voc\u00ea<\/span><span style=\"font-weight: 400;\">  Voc\u00ea pode obter ajuda pessoalmente em nosso centro em Lambeth, em v\u00e1rios locais de atendimento e on-line. Oferecemos suporte em espanhol, portugu\u00eas e ingl\u00eas. <\/span><\/p><p><span style=\"font-weight: 400;\">Para obter mais informa\u00e7\u00f5es, entre em contato conosco em <\/span><a href=\"mailto:info@irmo.org.uk\"><span style=\"font-weight: 400;\">info@irmo.org.uk<\/span><\/a><span style=\"font-weight: 400;\"> ou use o bot\u00e3o abaixo.<\/span><\/p>\t\t\t\t\t\t\t\t<\/div>\n\t\t\t\t<\/div>\n\t\t\t\t<div class=\"elementor-element elementor-element-5109eae elementor-widget elementor-widget-button\" data-id=\"5109eae\" data-element_type=\"widget\" data-e-type=\"widget\" data-widget_type=\"button.default\">\n\t\t\t\t<div class=\"elementor-widget-container\">\n\t\t\t\t\t\t\t\t\t<div class=\"elementor-button-wrapper\">\n\t\t\t\t\t<a class=\"elementor-button elementor-button-link elementor-size-sm\" href=\"https:\/\/irmo.org.uk\/pt-br\/entre-em-contato-conosco\/\">\n\t\t\t\t\t\t<span class=\"elementor-button-content-wrapper\">\n\t\t\t\t\t\t\t\t\t<span class=\"elementor-button-text\">Entre em contato conosco<\/span>\n\t\t\t\t\t<\/span>\n\t\t\t\t\t<\/a>\n\t\t\t\t<\/div>\n\t\t\t\t\t\t\t\t<\/div>\n\t\t\t\t<\/div>\n\t\t\t\t<\/div>\n\t\t\t\t<\/div>\n\t\t<div class=\"elementor-element elementor-element-4ddbf e-con-full elementor-hidden-tablet elementor-hidden-mobile e-flex e-con e-child\" data-id=\"4ddbf\" data-element_type=\"container\" data-e-type=\"container\">\n\t\t<div class=\"elementor-element elementor-element-77daf844 e-flex e-con-boxed e-con e-child\" data-id=\"77daf844\" data-element_type=\"container\" data-e-type=\"container\">\n\t\t\t\t\t<div class=\"e-con-inner\">\n\t\t<div class=\"elementor-element elementor-element-7eaebc68 e-flex e-con-boxed e-con e-child\" data-id=\"7eaebc68\" data-element_type=\"container\" data-e-type=\"container\" data-settings=\"{&quot;background_background&quot;:&quot;classic&quot;}\">\n\t\t\t\t\t<div class=\"e-con-inner\">\n\t\t\t\t\t<\/div>\n\t\t\t\t<\/div>\n\t\t<div class=\"elementor-element elementor-element-699bd816 e-flex e-con-boxed e-con e-child\" data-id=\"699bd816\" data-element_type=\"container\" data-e-type=\"container\" data-settings=\"{&quot;background_background&quot;:&quot;classic&quot;}\">\n\t\t\t\t\t<div class=\"e-con-inner\">\n\t\t\t\t<div class=\"elementor-element elementor-element-2e332825 elementor-widget elementor-widget-heading\" data-id=\"2e332825\" data-element_type=\"widget\" data-e-type=\"widget\" data-widget_type=\"heading.default\">\n\t\t\t\t<div class=\"elementor-widget-container\">\n\t\t\t\t\t<h2 class=\"elementor-heading-title elementor-size-default\">O Que Fazemos<\/h2>\t\t\t\t<\/div>\n\t\t\t\t<\/div>\n\t\t\t\t<div class=\"elementor-element elementor-element-3260d728 elementor-widget elementor-widget-shortcode\" data-id=\"3260d728\" data-element_type=\"widget\" data-e-type=\"widget\" data-widget_type=\"shortcode.default\">\n\t\t\t\t<div class=\"elementor-widget-container\">\n\t\t\t\t\t\t\t<div class=\"elementor-shortcode\"><div class=\"menu-services-lang-br-container\"><ul id=\"menu-services-lang-br\" class=\"menu list-menu\"><li id=\"menu-item-4319\" class=\"menu-item menu-item-type-post_type menu-item-object-page menu-item-has-children menu-item-4319\"><a href=\"https:\/\/irmo.org.uk\/pt-br\/o-que-fazemos\/assessoria\/\">Assessoria<\/a>\n<ul class=\"sub-menu\">\n\t<li id=\"menu-item-4320\" class=\"menu-item menu-item-type-post_type menu-item-object-page menu-item-4320\"><a href=\"https:\/\/irmo.org.uk\/pt-br\/o-que-fazemos\/assessoria\/suporte-a-comunidade\/\">Suporte \u00e0 comunidade<\/a><\/li>\n\t<li id=\"menu-item-4321\" class=\"menu-item menu-item-type-post_type menu-item-object-page menu-item-4321\"><a href=\"https:\/\/irmo.org.uk\/pt-br\/o-que-fazemos\/assessoria\/beneficios-de-bem-estar-e-moradia\/\">Benef\u00edcios e Moradia<\/a><\/li>\n\t<li id=\"menu-item-4322\" class=\"menu-item menu-item-type-post_type menu-item-object-page menu-item-4322\"><a href=\"https:\/\/irmo.org.uk\/pt-br\/o-que-fazemos\/assessoria\/assessoria-de-imigracao\/\">Imigra\u00e7\u00e3o<\/a><\/li>\n\t<li id=\"menu-item-4323\" class=\"menu-item menu-item-type-post_type menu-item-object-page menu-item-4323\"><a href=\"https:\/\/irmo.org.uk\/pt-br\/o-que-fazemos\/assessoria\/acesso-a-saude\/\">Acesso \u00e0 sa\u00fade<\/a><\/li>\n<\/ul>\n<\/li>\n<li id=\"menu-item-4324\" class=\"menu-item menu-item-type-post_type menu-item-object-page menu-item-has-children menu-item-4324\"><a href=\"https:\/\/irmo.org.uk\/pt-br\/o-que-fazemos\/educacao-treinamento-e-emprego\/\">Educa\u00e7\u00e3o, Treinamento e Emprego<\/a>\n<ul class=\"sub-menu\">\n\t<li id=\"menu-item-4325\" class=\"menu-item menu-item-type-post_type menu-item-object-page menu-item-4325\"><a href=\"https:\/\/irmo.org.uk\/pt-br\/o-que-fazemos\/educacao-treinamento-e-emprego\/aulas-de-ingles\/\">Aulas de ingl\u00eas<\/a><\/li>\n\t<li id=\"menu-item-4326\" class=\"menu-item menu-item-type-post_type menu-item-object-page menu-item-4326\"><a href=\"https:\/\/irmo.org.uk\/pt-br\/o-que-fazemos\/educacao-treinamento-e-emprego\/apoio-ao-emprego\/\">Apoio ao emprego<\/a><\/li>\n\t<li id=\"menu-item-4327\" class=\"menu-item menu-item-type-post_type menu-item-object-page menu-item-4327\"><a href=\"https:\/\/irmo.org.uk\/pt-br\/o-que-fazemos\/educacao-treinamento-e-emprego\/esquema-de-voluntariado\/\">Voluntariado<\/a><\/li>\n<\/ul>\n<\/li>\n<li id=\"menu-item-4328\" class=\"menu-item menu-item-type-post_type menu-item-object-page menu-item-has-children menu-item-4328\"><a href=\"https:\/\/irmo.org.uk\/pt-br\/o-que-fazemos\/criancas-e-jovens\/\">Crian\u00e7as e Jovens<\/a>\n<ul class=\"sub-menu\">\n\t<li id=\"menu-item-4329\" class=\"menu-item menu-item-type-post_type menu-item-object-page menu-item-4329\"><a href=\"https:\/\/irmo.org.uk\/pt-br\/o-que-fazemos\/criancas-e-jovens\/projeto-familiar\/\">Projeto Fam\u00edlia<\/a><\/li>\n\t<li id=\"menu-item-4330\" class=\"menu-item menu-item-type-post_type menu-item-object-page menu-item-4330\"><a href=\"https:\/\/irmo.org.uk\/pt-br\/o-que-fazemos\/criancas-e-jovens\/forum-latino-americano-da-juventude\/\">Projeto de Jovens<\/a><\/li>\n\t<li id=\"menu-item-4343\" class=\"menu-item menu-item-type-post_type menu-item-object-page menu-item-4343\"><a href=\"https:\/\/irmo.org.uk\/pt-br\/o-que-fazemos\/criancas-e-jovens\/acesso-a-educacao\/\">Campanha de acesso \u00e0 educa\u00e7\u00e3o<\/a><\/li>\n<\/ul>\n<\/li>\n<li id=\"menu-item-4344\" class=\"menu-item menu-item-type-post_type menu-item-object-page menu-item-4344\"><a href=\"https:\/\/irmo.org.uk\/pt-br\/o-que-fazemos\/defesa-de-direitos-pesquisa-e-campanhas\/\">Defesa de Direitos, Pesquisa e Campanhas<\/a><\/li>\n<\/ul><\/div><\/div>\n\t\t\t\t\t\t<\/div>\n\t\t\t\t<\/div>\n\t\t\t\t\t<\/div>\n\t\t\t\t<\/div>\n\t\t\t\t\t<\/div>\n\t\t\t\t<\/div>\n\t\t\t\t<\/div>\n\t\t\t\t\t<\/div>\n\t\t\t\t<\/div>\n\t\t\t\t<\/div>\n\t\t","protected":false},"excerpt":{"rendered":"<p>Nossos consultores regulamentados pelo IAA fornecem consultoria abrangente, trabalho de caso e representa\u00e7\u00e3o legal em t\u00f3picos como o EU Settlement Scheme, vistos e cidadania brit\u00e2nicos. Tamb\u00e9m apoiamos a reunifica\u00e7\u00e3o familiar, ajudando com solicita\u00e7\u00f5es para que parceiros, filhos e pais dependentes se juntem a entes queridos no Reino Unido. Contestamos decis\u00f5es tomadas por \u00f3rg\u00e3os p\u00fablicos por [&hellip;]<\/p>\n","protected":false},"author":1,"featured_media":0,"parent":4163,"menu_order":0,"comment_status":"closed","ping_status":"closed","template":"","meta":{"_acf_changed":false,"inline_featured_image":false,"_monsterinsights_skip_tracking":false,"_monsterinsights_sitenote_active":false,"_monsterinsights_sitenote_note":"","_monsterinsights_sitenote_category":0,"footnotes":""},"class_list":["post-4169","page","type-page","status-publish","hentry"],"acf":[],"_links":{"self":[{"href":"https:\/\/irmo.org.uk\/pt-br\/wp-json\/wp\/v2\/pages\/4169","targetHints":{"allow":["GET"]}}],"collection":[{"href":"https:\/\/irmo.org.uk\/pt-br\/wp-json\/wp\/v2\/pages"}],"about":[{"href":"https:\/\/irmo.org.uk\/pt-br\/wp-json\/wp\/v2\/types\/page"}],"author":[{"embeddable":true,"href":"https:\/\/irmo.org.uk\/pt-br\/wp-json\/wp\/v2\/users\/1"}],"replies":[{"embeddable":true,"href":"https:\/\/irmo.org.uk\/pt-br\/wp-json\/wp\/v2\/comments?post=4169"}],"version-history":[{"count":7,"href":"https:\/\/irmo.org.uk\/pt-br\/wp-json\/wp\/v2\/pages\/4169\/revisions"}],"predecessor-version":[{"id":6667,"href":"https:\/\/irmo.org.uk\/pt-br\/wp-json\/wp\/v2\/pages\/4169\/revisions\/6667"}],"up":[{"embeddable":true,"href":"https:\/\/irmo.org.uk\/pt-br\/wp-json\/wp\/v2\/pages\/4163"}],"wp:attachment":[{"href":"https:\/\/irmo.org.uk\/pt-br\/wp-json\/wp\/v2\/media?parent=4169"}],"curies":[{"name":"wp","href":"https:\/\/api.w.org\/{rel}","templated":true}]}}