{"id":4193,"date":"2023-10-31T12:04:07","date_gmt":"2023-10-31T12:04:07","guid":{"rendered":"https:\/\/irmo.creative.coop\/o-que-fazemos\/criancas-e-jovens\/forum-latino-americano-da-juventude\/"},"modified":"2025-08-18T14:46:11","modified_gmt":"2025-08-18T13:46:11","slug":"forum-latino-americano-da-juventude","status":"publish","type":"page","link":"https:\/\/irmo.org.uk\/pt-br\/o-que-fazemos\/criancas-e-jovens\/forum-latino-americano-da-juventude\/","title":{"rendered":"F\u00f3rum Latino-Americano da Juventude"},"content":{"rendered":"\t\t<div data-elementor-type=\"wp-page\" data-elementor-id=\"4193\" class=\"elementor elementor-4193 elementor-68\" data-elementor-post-type=\"page\">\n\t\t\t\t<div class=\"elementor-element elementor-element-5b2186ce e-flex e-con-boxed e-con e-parent\" data-id=\"5b2186ce\" data-element_type=\"container\" data-e-type=\"container\" data-settings=\"{&quot;background_background&quot;:&quot;classic&quot;}\">\n\t\t\t\t\t<div class=\"e-con-inner\">\n\t\t\t\t<div class=\"elementor-element elementor-element-3e1b33b0 elementor-widget__width-inherit elementor-absolute top-wave elementor-widget elementor-widget-image\" data-id=\"3e1b33b0\" data-element_type=\"widget\" data-e-type=\"widget\" data-settings=\"{&quot;_position&quot;:&quot;absolute&quot;}\" data-widget_type=\"image.default\">\n\t\t\t\t<div class=\"elementor-widget-container\">\n\t\t\t\t\t\t\t\t\t\t\t\t\t\t\t<img fetchpriority=\"high\" decoding=\"async\" width=\"1440\" height=\"78\" src=\"https:\/\/irmo.org.uk\/wp-content\/uploads\/2023\/11\/orange-top-curve.svg\" class=\"attachment-full size-full wp-image-4197\" alt=\"\" \/>\t\t\t\t\t\t\t\t\t\t\t\t\t\t\t<\/div>\n\t\t\t\t<\/div>\n\t\t<div class=\"elementor-element elementor-element-1c057a1f e-con-full e-flex e-con e-child\" data-id=\"1c057a1f\" data-element_type=\"container\" data-e-type=\"container\">\n\t\t\t\t<\/div>\n\t\t\t\t\t<\/div>\n\t\t\t\t<\/div>\n\t\t<div class=\"elementor-element elementor-element-61f5791a e-flex e-con-boxed e-con e-parent\" data-id=\"61f5791a\" data-element_type=\"container\" data-e-type=\"container\" data-settings=\"{&quot;background_background&quot;:&quot;classic&quot;}\">\n\t\t\t\t\t<div class=\"e-con-inner\">\n\t\t<div class=\"elementor-element elementor-element-3738a9a4 e-con-full e-flex e-con e-child\" data-id=\"3738a9a4\" data-element_type=\"container\" data-e-type=\"container\">\n\t\t<div class=\"elementor-element elementor-element-5405ba6a e-con-full e-flex e-con e-child\" data-id=\"5405ba6a\" data-element_type=\"container\" data-e-type=\"container\">\n\t\t\t\t<div class=\"elementor-element elementor-element-409634da elementor-widget elementor-widget-text-editor\" data-id=\"409634da\" data-element_type=\"widget\" data-e-type=\"widget\" data-widget_type=\"text-editor.default\">\n\t\t\t\t<div class=\"elementor-widget-container\">\n\t\t\t\t\t\t\t\t\t<p><span style=\"font-weight: 400;\">O F\u00f3rum Latino-Americano da Juventude, nosso grupo comunit\u00e1rio liderado por jovens, oferece um espa\u00e7o acolhedor para migrantes latino-americanos rec\u00e9m-chegados, com idades entre 13 e 19 anos, para que cres\u00e7am social, emocional e profissionalmente.  <\/span><\/p><p><span style=\"font-weight: 400;\">Por meio de um programa variado e opcional de workshops, aulas de ingl\u00eas, orienta\u00e7\u00e3o e viagens culturais, os jovens podem desenvolver novas habilidades, fazer amigos e melhorar sua empregabilidade e senso de valor pr\u00f3prio como comunidade.<\/span><\/p>\t\t\t\t\t\t\t\t<\/div>\n\t\t\t\t<\/div>\n\t\t<div class=\"elementor-element elementor-element-a633dc4 e-con-full e-flex e-con e-child\" data-id=\"a633dc4\" data-element_type=\"container\" data-e-type=\"container\">\n\t\t\t\t<div class=\"elementor-element elementor-element-f13ab65 elementor-widget elementor-widget-counter\" data-id=\"f13ab65\" data-element_type=\"widget\" data-e-type=\"widget\" data-widget_type=\"counter.default\">\n\t\t\t\t<div class=\"elementor-widget-container\">\n\t\t\t\t\t\t\t<div class=\"elementor-counter\">\n\t\t\t<div class=\"elementor-counter-title\">se beneficiaram de nossas atividades educacionais nos \u00faltimos cinco anos<\/div>\t\t\t<div class=\"elementor-counter-number-wrapper\">\n\t\t\t\t<span class=\"elementor-counter-number-prefix\"><\/span>\n\t\t\t\t<span class=\"elementor-counter-number\" data-duration=\"2000\" data-to-value=\"3891\" data-from-value=\"0\" data-delimiter=\",\">0<\/span>\n\t\t\t\t<span class=\"elementor-counter-number-suffix\"><\/span>\n\t\t\t<\/div>\n\t\t<\/div>\n\t\t\t\t\t\t<\/div>\n\t\t\t\t<\/div>\n\t\t\t\t<\/div>\n\t\t\t\t<div class=\"elementor-element elementor-element-40b5ed7a elementor-widget__width-inherit elementor-widget elementor-widget-image\" data-id=\"40b5ed7a\" data-element_type=\"widget\" data-e-type=\"widget\" data-widget_type=\"image.default\">\n\t\t\t\t<div class=\"elementor-widget-container\">\n\t\t\t\t\t\t\t\t\t\t\t\t\t\t\t<img decoding=\"async\" width=\"768\" height=\"782\" src=\"https:\/\/irmo.org.uk\/wp-content\/uploads\/2024\/02\/CONSENT-OK-e1728941168505.jpg\" class=\"attachment-full size-full wp-image-2465\" alt=\"\" srcset=\"https:\/\/irmo.org.uk\/wp-content\/uploads\/2024\/02\/CONSENT-OK-e1728941168505.jpg 768w, https:\/\/irmo.org.uk\/wp-content\/uploads\/2024\/02\/CONSENT-OK-e1728941168505-295x300.jpg 295w\" sizes=\"(max-width: 768px) 100vw, 768px\" \/>\t\t\t\t\t\t\t\t\t\t\t\t\t\t\t<\/div>\n\t\t\t\t<\/div>\n\t\t\t\t<\/div>\n\t\t\t\t<div class=\"elementor-element elementor-element-b64d665 elementor-widget elementor-widget-text-editor\" data-id=\"b64d665\" data-element_type=\"widget\" data-e-type=\"widget\" data-widget_type=\"text-editor.default\">\n\t\t\t\t<div class=\"elementor-widget-container\">\n\t\t\t\t\t\t\t\t\t<h4><b>Aulas de ingl\u00eas<\/b><\/h4><p><span style=\"font-weight: 400;\">Os jovens podem participar de aulas de ingl\u00eas divertidas, criadas para ajud\u00e1-los a desenvolver suas habilidades no idioma, fazer contatos e abrir portas para novas oportunidades no Reino Unido.  <\/span><\/p><h4><b>Workshops criativos<\/b><\/h4><p><span style=\"font-weight: 400;\">Eles tamb\u00e9m podem participar de workshops criativos que oferecem uma oportunidade de explorar novos talentos e desenvolver habilidades de empregabilidade, al\u00e9m de proporcionar um espa\u00e7o seguro para discutir quest\u00f5es relevantes, agir e promover mudan\u00e7as sociais juntos.<\/span><\/p><h4><b>Mentoria e suporte sob medida<\/b><\/h4><p><span style=\"font-weight: 400;\">O LAYF tamb\u00e9m inclui acesso a um programa de orienta\u00e7\u00e3o que oferece suporte individualizado aos jovens, ajudando-os a acessar a educa\u00e7\u00e3o, oportunidades de trabalho e a se desenvolverem pessoal e academicamente.<\/span><\/p><h4><b>Grupo de dire\u00e7\u00e3o de jovens da LAYF<\/b><\/h4><p><span style=\"font-weight: 400;\">As vozes dos jovens moldam todos os aspectos do nosso trabalho. Participar do Steering Group d\u00e1 aos membros a oportunidade de assumir uma fun\u00e7\u00e3o de lideran\u00e7a ativa, incluindo o planejamento, a execu\u00e7\u00e3o e a avalia\u00e7\u00e3o das atividades do grupo. <\/span><\/p>\t\t\t\t\t\t\t\t<\/div>\n\t\t\t\t<\/div>\n\t\t\t\t<div class=\"elementor-element elementor-element-40725d53 elementor-blockquote--skin-boxed elementor-blockquote--align-center elementor-widget__width-inherit quote-grey elementor-widget elementor-widget-blockquote\" data-id=\"40725d53\" data-element_type=\"widget\" data-e-type=\"widget\" data-widget_type=\"blockquote.default\">\n\t\t\t\t<div class=\"elementor-widget-container\">\n\t\t\t\t\t\t\t<blockquote class=\"elementor-blockquote\">\n\t\t\t<p class=\"elementor-blockquote__content\">\n\t\t\t\tFazer parte do F\u00f3rum Latino-Americano da Juventude me ensinou a ter responsabilidade e me deu confian\u00e7a para interagir com jovens de diferentes origens. No IRMO, fiz amigos para a vida toda. \n\t\t\t<\/p>\n\t\t\t\t\t<\/blockquote>\n\t\t\t\t\t\t<\/div>\n\t\t\t\t<\/div>\n\t\t<div class=\"elementor-element elementor-element-54841f06 e-con-full e-flex e-con e-child\" data-id=\"54841f06\" data-element_type=\"container\" data-e-type=\"container\">\n\t\t\t\t<div class=\"elementor-element elementor-element-5479d392 elementor-widget elementor-widget-heading\" data-id=\"5479d392\" data-element_type=\"widget\" data-e-type=\"widget\" data-widget_type=\"heading.default\">\n\t\t\t\t<div class=\"elementor-widget-container\">\n\t\t\t\t\t<h2 class=\"elementor-heading-title elementor-size-default\">Mais informa\u00e7\u00f5es<\/h2>\t\t\t\t<\/div>\n\t\t\t\t<\/div>\n\t\t\t\t<div class=\"elementor-element elementor-element-79187bd1 elementor-widget elementor-widget-text-editor\" data-id=\"79187bd1\" data-element_type=\"widget\" data-e-type=\"widget\" data-widget_type=\"text-editor.default\">\n\t\t\t\t<div class=\"elementor-widget-container\">\n\t\t\t\t\t\t\t\t\t<p><span style=\"font-weight: 400;\">Oferecemos suporte pessoalmente em nosso centro em Lambeth e on-line, com servi\u00e7os dispon\u00edveis em espanhol, portugu\u00eas e ingl\u00eas.<\/span><\/p><p><span style=\"font-weight: 400;\">Preencha o formul\u00e1rio de registro abaixo para come\u00e7ar ou entre em contato conosco pelo e-mail <\/span><a href=\"mailto:layf@irmo.org.uk\"><span style=\"font-weight: 400;\">layf@irmo.org.uk<\/span><\/a><span style=\"font-weight: 400;\"> para obter mais informa\u00e7\u00f5es.<\/span><\/p>\t\t\t\t\t\t\t\t<\/div>\n\t\t\t\t<\/div>\n\t\t<div class=\"elementor-element elementor-element-3951f755 e-flex e-con-boxed e-con e-child\" data-id=\"3951f755\" data-element_type=\"container\" data-e-type=\"container\">\n\t\t\t\t\t<div class=\"e-con-inner\">\n\t\t\t\t<div class=\"elementor-element elementor-element-1dbac6e7 elementor-widget elementor-widget-button\" data-id=\"1dbac6e7\" data-element_type=\"widget\" data-e-type=\"widget\" data-widget_type=\"button.default\">\n\t\t\t\t<div class=\"elementor-widget-container\">\n\t\t\t\t\t\t\t\t\t<div class=\"elementor-button-wrapper\">\n\t\t\t\t\t<a class=\"elementor-button elementor-button-link elementor-size-sm\" href=\"https:\/\/docs.google.com\/forms\/d\/e\/1FAIpQLSfWNtpuAIkKR2lkCHZaksWjAbIn2B_Wd1fVdDl8aHXs5xQQ-Q\/viewform\" target=\"_blank\">\n\t\t\t\t\t\t<span class=\"elementor-button-content-wrapper\">\n\t\t\t\t\t\t\t\t\t<span class=\"elementor-button-text\">Registro<\/span>\n\t\t\t\t\t<\/span>\n\t\t\t\t\t<\/a>\n\t\t\t\t<\/div>\n\t\t\t\t\t\t\t\t<\/div>\n\t\t\t\t<\/div>\n\t\t\t\t<div class=\"elementor-element elementor-element-73a5455f elementor-widget elementor-widget-button\" data-id=\"73a5455f\" data-element_type=\"widget\" data-e-type=\"widget\" data-widget_type=\"button.default\">\n\t\t\t\t<div class=\"elementor-widget-container\">\n\t\t\t\t\t\t\t\t\t<div class=\"elementor-button-wrapper\">\n\t\t\t\t\t<a class=\"elementor-button elementor-button-link elementor-size-sm\" href=\"mailto:layf@irmo.org.uk\" target=\"_blank\">\n\t\t\t\t\t\t<span class=\"elementor-button-content-wrapper\">\n\t\t\t\t\t\t\t\t\t<span class=\"elementor-button-text\">Entre em contato conosco<\/span>\n\t\t\t\t\t<\/span>\n\t\t\t\t\t<\/a>\n\t\t\t\t<\/div>\n\t\t\t\t\t\t\t\t<\/div>\n\t\t\t\t<\/div>\n\t\t\t\t\t<\/div>\n\t\t\t\t<\/div>\n\t\t\t\t<\/div>\n\t\t\t\t<\/div>\n\t\t<div class=\"elementor-element elementor-element-52a33be5 e-con-full elementor-hidden-tablet elementor-hidden-mobile e-flex e-con e-child\" data-id=\"52a33be5\" data-element_type=\"container\" data-e-type=\"container\">\n\t\t<div class=\"elementor-element elementor-element-6e6de548 e-flex e-con-boxed e-con e-child\" data-id=\"6e6de548\" data-element_type=\"container\" data-e-type=\"container\">\n\t\t\t\t\t<div class=\"e-con-inner\">\n\t\t<div class=\"elementor-element elementor-element-69eb1be0 e-flex e-con-boxed e-con e-child\" data-id=\"69eb1be0\" data-element_type=\"container\" data-e-type=\"container\" data-settings=\"{&quot;background_background&quot;:&quot;classic&quot;}\">\n\t\t\t\t\t<div class=\"e-con-inner\">\n\t\t\t\t\t<\/div>\n\t\t\t\t<\/div>\n\t\t<div class=\"elementor-element elementor-element-53f5fa8e e-flex e-con-boxed e-con e-child\" data-id=\"53f5fa8e\" data-element_type=\"container\" data-e-type=\"container\" data-settings=\"{&quot;background_background&quot;:&quot;classic&quot;}\">\n\t\t\t\t\t<div class=\"e-con-inner\">\n\t\t\t\t<div class=\"elementor-element elementor-element-6888f9b2 elementor-widget elementor-widget-heading\" data-id=\"6888f9b2\" data-element_type=\"widget\" data-e-type=\"widget\" data-widget_type=\"heading.default\">\n\t\t\t\t<div class=\"elementor-widget-container\">\n\t\t\t\t\t<h2 class=\"elementor-heading-title elementor-size-default\">O Que Fazemos<\/h2>\t\t\t\t<\/div>\n\t\t\t\t<\/div>\n\t\t\t\t<div class=\"elementor-element elementor-element-5c3de674 elementor-widget elementor-widget-shortcode\" data-id=\"5c3de674\" data-element_type=\"widget\" data-e-type=\"widget\" data-widget_type=\"shortcode.default\">\n\t\t\t\t<div class=\"elementor-widget-container\">\n\t\t\t\t\t\t\t<div class=\"elementor-shortcode\"><div class=\"menu-services-lang-br-container\"><ul id=\"menu-services-lang-br\" class=\"menu list-menu\"><li id=\"menu-item-4319\" class=\"menu-item menu-item-type-post_type menu-item-object-page menu-item-has-children menu-item-4319\"><a href=\"https:\/\/irmo.org.uk\/pt-br\/o-que-fazemos\/assessoria\/\">Assessoria<\/a>\n<ul class=\"sub-menu\">\n\t<li id=\"menu-item-4320\" class=\"menu-item menu-item-type-post_type menu-item-object-page menu-item-4320\"><a href=\"https:\/\/irmo.org.uk\/pt-br\/o-que-fazemos\/assessoria\/suporte-a-comunidade\/\">Suporte \u00e0 comunidade<\/a><\/li>\n\t<li id=\"menu-item-4321\" class=\"menu-item menu-item-type-post_type menu-item-object-page menu-item-4321\"><a href=\"https:\/\/irmo.org.uk\/pt-br\/o-que-fazemos\/assessoria\/beneficios-de-bem-estar-e-moradia\/\">Benef\u00edcios e Moradia<\/a><\/li>\n\t<li id=\"menu-item-4322\" class=\"menu-item menu-item-type-post_type menu-item-object-page menu-item-4322\"><a href=\"https:\/\/irmo.org.uk\/pt-br\/o-que-fazemos\/assessoria\/assessoria-de-imigracao\/\">Imigra\u00e7\u00e3o<\/a><\/li>\n\t<li id=\"menu-item-4323\" class=\"menu-item menu-item-type-post_type menu-item-object-page menu-item-4323\"><a href=\"https:\/\/irmo.org.uk\/pt-br\/o-que-fazemos\/assessoria\/acesso-a-saude\/\">Acesso \u00e0 sa\u00fade<\/a><\/li>\n<\/ul>\n<\/li>\n<li id=\"menu-item-4324\" class=\"menu-item menu-item-type-post_type menu-item-object-page menu-item-has-children menu-item-4324\"><a href=\"https:\/\/irmo.org.uk\/pt-br\/o-que-fazemos\/educacao-treinamento-e-emprego\/\">Educa\u00e7\u00e3o, Treinamento e Emprego<\/a>\n<ul class=\"sub-menu\">\n\t<li id=\"menu-item-4325\" class=\"menu-item menu-item-type-post_type menu-item-object-page menu-item-4325\"><a href=\"https:\/\/irmo.org.uk\/pt-br\/o-que-fazemos\/educacao-treinamento-e-emprego\/aulas-de-ingles\/\">Aulas de ingl\u00eas<\/a><\/li>\n\t<li id=\"menu-item-4326\" class=\"menu-item menu-item-type-post_type menu-item-object-page menu-item-4326\"><a href=\"https:\/\/irmo.org.uk\/pt-br\/o-que-fazemos\/educacao-treinamento-e-emprego\/apoio-ao-emprego\/\">Apoio ao emprego<\/a><\/li>\n\t<li id=\"menu-item-4327\" class=\"menu-item menu-item-type-post_type menu-item-object-page menu-item-4327\"><a href=\"https:\/\/irmo.org.uk\/pt-br\/o-que-fazemos\/educacao-treinamento-e-emprego\/esquema-de-voluntariado\/\">Voluntariado<\/a><\/li>\n<\/ul>\n<\/li>\n<li id=\"menu-item-4328\" class=\"menu-item menu-item-type-post_type menu-item-object-page menu-item-has-children menu-item-4328\"><a href=\"https:\/\/irmo.org.uk\/pt-br\/o-que-fazemos\/criancas-e-jovens\/\">Crian\u00e7as e Jovens<\/a>\n<ul class=\"sub-menu\">\n\t<li id=\"menu-item-4329\" class=\"menu-item menu-item-type-post_type menu-item-object-page menu-item-4329\"><a href=\"https:\/\/irmo.org.uk\/pt-br\/o-que-fazemos\/criancas-e-jovens\/projeto-familiar\/\">Projeto Fam\u00edlia<\/a><\/li>\n\t<li id=\"menu-item-4330\" class=\"menu-item menu-item-type-post_type menu-item-object-page menu-item-4330\"><a href=\"https:\/\/irmo.org.uk\/pt-br\/o-que-fazemos\/criancas-e-jovens\/forum-latino-americano-da-juventude\/\">Projeto de Jovens<\/a><\/li>\n\t<li id=\"menu-item-4343\" class=\"menu-item menu-item-type-post_type menu-item-object-page menu-item-4343\"><a href=\"https:\/\/irmo.org.uk\/pt-br\/o-que-fazemos\/criancas-e-jovens\/acesso-a-educacao\/\">Campanha de acesso \u00e0 educa\u00e7\u00e3o<\/a><\/li>\n<\/ul>\n<\/li>\n<li id=\"menu-item-4344\" class=\"menu-item menu-item-type-post_type menu-item-object-page menu-item-4344\"><a href=\"https:\/\/irmo.org.uk\/pt-br\/o-que-fazemos\/defesa-de-direitos-pesquisa-e-campanhas\/\">Defesa de Direitos, Pesquisa e Campanhas<\/a><\/li>\n<\/ul><\/div><\/div>\n\t\t\t\t\t\t<\/div>\n\t\t\t\t<\/div>\n\t\t\t\t\t<\/div>\n\t\t\t\t<\/div>\n\t\t\t\t\t<\/div>\n\t\t\t\t<\/div>\n\t\t\t\t<\/div>\n\t\t\t\t\t<\/div>\n\t\t\t\t<\/div>\n\t\t\t\t<\/div>\n\t\t","protected":false},"excerpt":{"rendered":"<p>O F\u00f3rum Latino-Americano da Juventude, nosso grupo comunit\u00e1rio liderado por jovens, oferece um espa\u00e7o acolhedor para migrantes latino-americanos rec\u00e9m-chegados, com idades entre 13 e 19 anos, para que cres\u00e7am social, emocional e profissionalmente. Por meio de um programa variado e opcional de workshops, aulas de ingl\u00eas, orienta\u00e7\u00e3o e viagens culturais, os jovens podem desenvolver novas [&hellip;]<\/p>\n","protected":false},"author":1,"featured_media":0,"parent":4171,"menu_order":0,"comment_status":"closed","ping_status":"closed","template":"","meta":{"_acf_changed":false,"inline_featured_image":false,"_monsterinsights_skip_tracking":false,"_monsterinsights_sitenote_active":false,"_monsterinsights_sitenote_note":"","_monsterinsights_sitenote_category":0,"footnotes":""},"class_list":["post-4193","page","type-page","status-publish","hentry"],"acf":[],"_links":{"self":[{"href":"https:\/\/irmo.org.uk\/pt-br\/wp-json\/wp\/v2\/pages\/4193","targetHints":{"allow":["GET"]}}],"collection":[{"href":"https:\/\/irmo.org.uk\/pt-br\/wp-json\/wp\/v2\/pages"}],"about":[{"href":"https:\/\/irmo.org.uk\/pt-br\/wp-json\/wp\/v2\/types\/page"}],"author":[{"embeddable":true,"href":"https:\/\/irmo.org.uk\/pt-br\/wp-json\/wp\/v2\/users\/1"}],"replies":[{"embeddable":true,"href":"https:\/\/irmo.org.uk\/pt-br\/wp-json\/wp\/v2\/comments?post=4193"}],"version-history":[{"count":5,"href":"https:\/\/irmo.org.uk\/pt-br\/wp-json\/wp\/v2\/pages\/4193\/revisions"}],"predecessor-version":[{"id":6854,"href":"https:\/\/irmo.org.uk\/pt-br\/wp-json\/wp\/v2\/pages\/4193\/revisions\/6854"}],"up":[{"embeddable":true,"href":"https:\/\/irmo.org.uk\/pt-br\/wp-json\/wp\/v2\/pages\/4171"}],"wp:attachment":[{"href":"https:\/\/irmo.org.uk\/pt-br\/wp-json\/wp\/v2\/media?parent=4193"}],"curies":[{"name":"wp","href":"https:\/\/api.w.org\/{rel}","templated":true}]}}