{"id":4209,"date":"2023-11-02T14:24:59","date_gmt":"2023-11-02T14:24:59","guid":{"rendered":"https:\/\/irmo.creative.coop\/o-que-fazemos\/educacao-treinamento-e-emprego\/aulas-de-ingles\/"},"modified":"2024-12-03T15:45:33","modified_gmt":"2024-12-03T15:45:33","slug":"aulas-de-ingles","status":"publish","type":"page","link":"https:\/\/irmo.org.uk\/pt-br\/o-que-fazemos\/educacao-treinamento-e-emprego\/aulas-de-ingles\/","title":{"rendered":"Aulas de ingl\u00eas"},"content":{"rendered":"\t\t<div data-elementor-type=\"wp-page\" data-elementor-id=\"4209\" class=\"elementor elementor-4209 elementor-509\" data-elementor-post-type=\"page\">\n\t\t\t\t<div class=\"elementor-element elementor-element-55f37894 e-flex e-con-boxed e-con e-parent\" data-id=\"55f37894\" data-element_type=\"container\" data-e-type=\"container\" data-settings=\"{&quot;background_background&quot;:&quot;classic&quot;}\">\n\t\t\t\t\t<div class=\"e-con-inner\">\n\t\t\t\t<div class=\"elementor-element elementor-element-1f6a5a6 elementor-widget__width-inherit elementor-absolute elementor-widget elementor-widget-image\" data-id=\"1f6a5a6\" data-element_type=\"widget\" data-e-type=\"widget\" data-settings=\"{&quot;_position&quot;:&quot;absolute&quot;}\" data-widget_type=\"image.default\">\n\t\t\t\t<div class=\"elementor-widget-container\">\n\t\t\t\t\t\t\t\t\t\t\t\t\t\t\t<img fetchpriority=\"high\" decoding=\"async\" width=\"1440\" height=\"78\" src=\"https:\/\/irmo.org.uk\/wp-content\/uploads\/2023\/11\/green-top-curve.svg\" class=\"attachment-full size-full wp-image-4196\" alt=\"\" \/>\t\t\t\t\t\t\t\t\t\t\t\t\t\t\t<\/div>\n\t\t\t\t<\/div>\n\t\t<div class=\"elementor-element elementor-element-790ba827 e-con-full e-flex e-con e-child\" data-id=\"790ba827\" data-element_type=\"container\" data-e-type=\"container\">\n\t\t\t\t<\/div>\n\t\t\t\t\t<\/div>\n\t\t\t\t<\/div>\n\t\t<div class=\"elementor-element elementor-element-7e7190df e-flex e-con-boxed e-con e-parent\" data-id=\"7e7190df\" data-element_type=\"container\" data-e-type=\"container\" data-settings=\"{&quot;background_background&quot;:&quot;classic&quot;}\">\n\t\t\t\t\t<div class=\"e-con-inner\">\n\t\t<div class=\"elementor-element elementor-element-4f23d107 e-con-full e-flex e-con e-child\" data-id=\"4f23d107\" data-element_type=\"container\" data-e-type=\"container\">\n\t\t<div class=\"elementor-element elementor-element-692dc20c e-con-full e-flex e-con e-child\" data-id=\"692dc20c\" data-element_type=\"container\" data-e-type=\"container\">\n\t\t\t\t<div class=\"elementor-element elementor-element-3ee3ff03 elementor-widget elementor-widget-text-editor\" data-id=\"3ee3ff03\" data-element_type=\"widget\" data-e-type=\"widget\" data-widget_type=\"text-editor.default\">\n\t\t\t\t<div class=\"elementor-widget-container\">\n\t\t\t\t\t\t\t\t\t<p><span style=\"font-weight: 400;\">O aprimoramento das habilidades no idioma ingl\u00eas pode abrir portas para um emprego melhor, novos contatos e uma melhor qualidade de vida no Reino Unido, e \u00e9 uma parte essencial do suporte que oferecemos.<\/span><\/p>\n<p><span style=\"font-weight: 400;\">Nossos cursos gratuitos atendem a qualquer pessoa iniciante no ingl\u00eas ou que esteja progredindo para um n\u00edvel intermedi\u00e1rio, projetados para aumentar a confian\u00e7a, aumentar as perspectivas de emprego e criar uma comunidade de apoio que dar\u00e1 suporte a voc\u00ea al\u00e9m da sala de aula.<\/span><span style=\"color: var( --e-global-color-secondary ); font-family: var( --e-global-typography-text-font-family ), Sans-serif; font-size: var( --e-global-typography-text-font-size ); text-align: var(--text-align); font-weight: var( --e-global-typography-text-font-weight );\"> <\/span><\/p>\n\t\t\t\t\t\t\t\t<\/div>\n\t\t\t\t<\/div>\n\t\t\t\t<div class=\"elementor-element elementor-element-42349317 elementor-widget elementor-widget-image\" data-id=\"42349317\" data-element_type=\"widget\" data-e-type=\"widget\" data-widget_type=\"image.default\">\n\t\t\t\t<div class=\"elementor-widget-container\">\n\t\t\t\t\t\t\t\t\t\t\t\t<figure class=\"wp-caption\">\n\t\t\t\t\t\t\t\t\t\t<img decoding=\"async\" width=\"2950\" height=\"2002\" src=\"https:\/\/irmo.org.uk\/wp-content\/uploads\/2024\/02\/Screenshot-2024-02-14-at-11.53.02.png\" class=\"attachment-full size-full wp-image-4210\" alt=\"\" srcset=\"https:\/\/irmo.org.uk\/wp-content\/uploads\/2024\/02\/Screenshot-2024-02-14-at-11.53.02.png 2950w, https:\/\/irmo.org.uk\/wp-content\/uploads\/2024\/02\/Screenshot-2024-02-14-at-11.53.02-300x204.png 300w, https:\/\/irmo.org.uk\/wp-content\/uploads\/2024\/02\/Screenshot-2024-02-14-at-11.53.02-1024x695.png 1024w, https:\/\/irmo.org.uk\/wp-content\/uploads\/2024\/02\/Screenshot-2024-02-14-at-11.53.02-768x521.png 768w, https:\/\/irmo.org.uk\/wp-content\/uploads\/2024\/02\/Screenshot-2024-02-14-at-11.53.02-1536x1042.png 1536w, https:\/\/irmo.org.uk\/wp-content\/uploads\/2024\/02\/Screenshot-2024-02-14-at-11.53.02-2048x1390.png 2048w\" sizes=\"(max-width: 2950px) 100vw, 2950px\" \/>\t\t\t\t\t\t\t\t\t\t\t<figcaption class=\"widget-image-caption wp-caption-text\"><\/figcaption>\n\t\t\t\t\t\t\t\t\t\t<\/figure>\n\t\t\t\t\t\t\t\t\t<\/div>\n\t\t\t\t<\/div>\n\t\t\t\t<\/div>\n\t\t<div class=\"elementor-element elementor-element-3bbdbb33 e-con-full e-flex e-con e-child\" data-id=\"3bbdbb33\" data-element_type=\"container\" data-e-type=\"container\">\n\t\t\t\t<div class=\"elementor-element elementor-element-7e98b85c elementor-widget elementor-widget-text-editor\" data-id=\"7e98b85c\" data-element_type=\"widget\" data-e-type=\"widget\" data-widget_type=\"text-editor.default\">\n\t\t\t\t<div class=\"elementor-widget-container\">\n\t\t\t\t\t\t\t\t\t<p>Todas as nossas aulas s\u00e3o ministradas por professores qualificados com ampla experi\u00eancia. Atualmente, oferecemos cursos presenciais gratuitos nos n\u00edveis Pre-Entry e Entry 1, bem como um curso de conversa\u00e7\u00e3o on-line exclusivo para mulheres. <\/p>\n<p><span style=\"font-weight: 400;\">Para obter mais informa\u00e7\u00f5es ou para se inscrever, entre em contato conosco ou fa\u00e7a o download do nosso folheto abaixo.<\/span><\/p>\n\t\t\t\t\t\t\t\t<\/div>\n\t\t\t\t<\/div>\n\t\t<div class=\"elementor-element elementor-element-b77fcdf e-flex e-con-boxed e-con e-child\" data-id=\"b77fcdf\" data-element_type=\"container\" data-e-type=\"container\">\n\t\t\t\t\t<div class=\"e-con-inner\">\n\t\t\t\t<div class=\"elementor-element elementor-element-0dfed0f elementor-widget elementor-widget-button\" data-id=\"0dfed0f\" data-element_type=\"widget\" data-e-type=\"widget\" data-widget_type=\"button.default\">\n\t\t\t\t<div class=\"elementor-widget-container\">\n\t\t\t\t\t\t\t\t\t<div class=\"elementor-button-wrapper\">\n\t\t\t\t\t<a class=\"elementor-button elementor-button-link elementor-size-sm\" href=\"http:\/\/ete.info@irmo.org.uk\" target=\"_blank\">\n\t\t\t\t\t\t<span class=\"elementor-button-content-wrapper\">\n\t\t\t\t\t\t\t\t\t<span class=\"elementor-button-text\">Entre em contato conosco<\/span>\n\t\t\t\t\t<\/span>\n\t\t\t\t\t<\/a>\n\t\t\t\t<\/div>\n\t\t\t\t\t\t\t\t<\/div>\n\t\t\t\t<\/div>\n\t\t\t\t<div class=\"elementor-element elementor-element-c0ee4bd elementor-widget elementor-widget-button\" data-id=\"c0ee4bd\" data-element_type=\"widget\" data-e-type=\"widget\" data-widget_type=\"button.default\">\n\t\t\t\t<div class=\"elementor-widget-container\">\n\t\t\t\t\t\t\t\t\t<div class=\"elementor-button-wrapper\">\n\t\t\t\t\t<a class=\"elementor-button elementor-button-link elementor-size-sm\" href=\"https:\/\/irmo.org.uk\/wp-content\/uploads\/2024\/12\/English-Classes-SP-1.pdf\">\n\t\t\t\t\t\t<span class=\"elementor-button-content-wrapper\">\n\t\t\t\t\t\t\t\t\t<span class=\"elementor-button-text\">Folheto espanhol<\/span>\n\t\t\t\t\t<\/span>\n\t\t\t\t\t<\/a>\n\t\t\t\t<\/div>\n\t\t\t\t\t\t\t\t<\/div>\n\t\t\t\t<\/div>\n\t\t\t\t<div class=\"elementor-element elementor-element-36fc320 elementor-widget elementor-widget-button\" data-id=\"36fc320\" data-element_type=\"widget\" data-e-type=\"widget\" data-widget_type=\"button.default\">\n\t\t\t\t<div class=\"elementor-widget-container\">\n\t\t\t\t\t\t\t\t\t<div class=\"elementor-button-wrapper\">\n\t\t\t\t\t<a class=\"elementor-button elementor-button-link elementor-size-sm\" href=\"https:\/\/irmo.org.uk\/wp-content\/uploads\/2024\/01\/English-Classes-PT.pdf\">\n\t\t\t\t\t\t<span class=\"elementor-button-content-wrapper\">\n\t\t\t\t\t\t\t\t\t<span class=\"elementor-button-text\">Folheto portugu\u00eas<\/span>\n\t\t\t\t\t<\/span>\n\t\t\t\t\t<\/a>\n\t\t\t\t<\/div>\n\t\t\t\t\t\t\t\t<\/div>\n\t\t\t\t<\/div>\n\t\t\t\t\t<\/div>\n\t\t\t\t<\/div>\n\t\t\t\t<\/div>\n\t\t<div class=\"elementor-element elementor-element-2510eb7f e-con-full e-flex e-con e-child\" data-id=\"2510eb7f\" data-element_type=\"container\" data-e-type=\"container\">\n\t\t\t\t<div class=\"elementor-element elementor-element-1a3afd5d elementor-blockquote--skin-boxed elementor-blockquote--align-center elementor-widget__width-inherit quote-grey elementor-widget elementor-widget-blockquote\" data-id=\"1a3afd5d\" data-element_type=\"widget\" data-e-type=\"widget\" data-widget_type=\"blockquote.default\">\n\t\t\t\t<div class=\"elementor-widget-container\">\n\t\t\t\t\t\t\t<blockquote class=\"elementor-blockquote\">\n\t\t\t<p class=\"elementor-blockquote__content\">\n\t\t\t\tGra\u00e7as \u00e0s aulas de ESOL, agora posso falar com as enfermeiras e as pessoas do hospital durante a di\u00e1lise e estou na lista de espera para um transplante de rim. Antes das aulas de ingl\u00eas, eu me sentia p\u00e9ssimo porque n\u00e3o conseguia me comunicar sozinho. Obrigado a voc\u00ea pelas aulas de ingl\u00eas gratuitas, IRMO.  \t\t\t<\/p>\n\t\t\t\t\t<\/blockquote>\n\t\t\t\t\t\t<\/div>\n\t\t\t\t<\/div>\n\t\t\t\t<\/div>\n\t\t\t\t<\/div>\n\t\t<div class=\"elementor-element elementor-element-79a20ec5 e-con-full elementor-hidden-tablet elementor-hidden-mobile e-flex e-con e-child\" data-id=\"79a20ec5\" data-element_type=\"container\" data-e-type=\"container\">\n\t\t<div class=\"elementor-element elementor-element-631f4783 e-flex e-con-boxed e-con e-child\" data-id=\"631f4783\" data-element_type=\"container\" data-e-type=\"container\">\n\t\t\t\t\t<div class=\"e-con-inner\">\n\t\t<div class=\"elementor-element elementor-element-29d68d15 e-flex e-con-boxed e-con e-child\" data-id=\"29d68d15\" data-element_type=\"container\" data-e-type=\"container\" data-settings=\"{&quot;background_background&quot;:&quot;classic&quot;}\">\n\t\t\t\t\t<div class=\"e-con-inner\">\n\t\t\t\t\t<\/div>\n\t\t\t\t<\/div>\n\t\t<div class=\"elementor-element elementor-element-347a9ad2 e-flex e-con-boxed e-con e-child\" data-id=\"347a9ad2\" data-element_type=\"container\" data-e-type=\"container\" data-settings=\"{&quot;background_background&quot;:&quot;classic&quot;}\">\n\t\t\t\t\t<div class=\"e-con-inner\">\n\t\t\t\t<div class=\"elementor-element elementor-element-1803ee2d elementor-widget elementor-widget-heading\" data-id=\"1803ee2d\" data-element_type=\"widget\" data-e-type=\"widget\" data-widget_type=\"heading.default\">\n\t\t\t\t<div class=\"elementor-widget-container\">\n\t\t\t\t\t<h2 class=\"elementor-heading-title elementor-size-default\">O Que Fazemos<\/h2>\t\t\t\t<\/div>\n\t\t\t\t<\/div>\n\t\t\t\t<div class=\"elementor-element elementor-element-7b8255fc elementor-widget elementor-widget-shortcode\" data-id=\"7b8255fc\" data-element_type=\"widget\" data-e-type=\"widget\" data-widget_type=\"shortcode.default\">\n\t\t\t\t<div class=\"elementor-widget-container\">\n\t\t\t\t\t\t\t<div class=\"elementor-shortcode\"><div class=\"menu-services-lang-br-container\"><ul id=\"menu-services-lang-br\" class=\"menu list-menu\"><li id=\"menu-item-4319\" class=\"menu-item menu-item-type-post_type menu-item-object-page menu-item-has-children menu-item-4319\"><a href=\"https:\/\/irmo.org.uk\/pt-br\/o-que-fazemos\/assessoria\/\">Assessoria<\/a>\n<ul class=\"sub-menu\">\n\t<li id=\"menu-item-4320\" class=\"menu-item menu-item-type-post_type menu-item-object-page menu-item-4320\"><a href=\"https:\/\/irmo.org.uk\/pt-br\/o-que-fazemos\/assessoria\/suporte-a-comunidade\/\">Suporte \u00e0 comunidade<\/a><\/li>\n\t<li id=\"menu-item-4321\" class=\"menu-item menu-item-type-post_type menu-item-object-page menu-item-4321\"><a href=\"https:\/\/irmo.org.uk\/pt-br\/o-que-fazemos\/assessoria\/beneficios-de-bem-estar-e-moradia\/\">Benef\u00edcios e Moradia<\/a><\/li>\n\t<li id=\"menu-item-4322\" class=\"menu-item menu-item-type-post_type menu-item-object-page menu-item-4322\"><a href=\"https:\/\/irmo.org.uk\/pt-br\/o-que-fazemos\/assessoria\/assessoria-de-imigracao\/\">Imigra\u00e7\u00e3o<\/a><\/li>\n\t<li id=\"menu-item-4323\" class=\"menu-item menu-item-type-post_type menu-item-object-page menu-item-4323\"><a href=\"https:\/\/irmo.org.uk\/pt-br\/o-que-fazemos\/assessoria\/acesso-a-saude\/\">Acesso \u00e0 sa\u00fade<\/a><\/li>\n<\/ul>\n<\/li>\n<li id=\"menu-item-4324\" class=\"menu-item menu-item-type-post_type menu-item-object-page menu-item-has-children menu-item-4324\"><a href=\"https:\/\/irmo.org.uk\/pt-br\/o-que-fazemos\/educacao-treinamento-e-emprego\/\">Educa\u00e7\u00e3o, Treinamento e Emprego<\/a>\n<ul class=\"sub-menu\">\n\t<li id=\"menu-item-4325\" class=\"menu-item menu-item-type-post_type menu-item-object-page menu-item-4325\"><a href=\"https:\/\/irmo.org.uk\/pt-br\/o-que-fazemos\/educacao-treinamento-e-emprego\/aulas-de-ingles\/\">Aulas de ingl\u00eas<\/a><\/li>\n\t<li id=\"menu-item-4326\" class=\"menu-item menu-item-type-post_type menu-item-object-page menu-item-4326\"><a href=\"https:\/\/irmo.org.uk\/pt-br\/o-que-fazemos\/educacao-treinamento-e-emprego\/apoio-ao-emprego\/\">Apoio ao emprego<\/a><\/li>\n\t<li id=\"menu-item-4327\" class=\"menu-item menu-item-type-post_type menu-item-object-page menu-item-4327\"><a href=\"https:\/\/irmo.org.uk\/pt-br\/o-que-fazemos\/educacao-treinamento-e-emprego\/esquema-de-voluntariado\/\">Voluntariado<\/a><\/li>\n<\/ul>\n<\/li>\n<li id=\"menu-item-4328\" class=\"menu-item menu-item-type-post_type menu-item-object-page menu-item-has-children menu-item-4328\"><a href=\"https:\/\/irmo.org.uk\/pt-br\/o-que-fazemos\/criancas-e-jovens\/\">Crian\u00e7as e Jovens<\/a>\n<ul class=\"sub-menu\">\n\t<li id=\"menu-item-4329\" class=\"menu-item menu-item-type-post_type menu-item-object-page menu-item-4329\"><a href=\"https:\/\/irmo.org.uk\/pt-br\/o-que-fazemos\/criancas-e-jovens\/projeto-familiar\/\">Projeto Fam\u00edlia<\/a><\/li>\n\t<li id=\"menu-item-4330\" class=\"menu-item menu-item-type-post_type menu-item-object-page menu-item-4330\"><a href=\"https:\/\/irmo.org.uk\/pt-br\/o-que-fazemos\/criancas-e-jovens\/forum-latino-americano-da-juventude\/\">Projeto de Jovens<\/a><\/li>\n\t<li id=\"menu-item-4343\" class=\"menu-item menu-item-type-post_type menu-item-object-page menu-item-4343\"><a href=\"https:\/\/irmo.org.uk\/pt-br\/o-que-fazemos\/criancas-e-jovens\/acesso-a-educacao\/\">Campanha de acesso \u00e0 educa\u00e7\u00e3o<\/a><\/li>\n<\/ul>\n<\/li>\n<li id=\"menu-item-4344\" class=\"menu-item menu-item-type-post_type menu-item-object-page menu-item-4344\"><a href=\"https:\/\/irmo.org.uk\/pt-br\/o-que-fazemos\/defesa-de-direitos-pesquisa-e-campanhas\/\">Defesa de Direitos, Pesquisa e Campanhas<\/a><\/li>\n<\/ul><\/div><\/div>\n\t\t\t\t\t\t<\/div>\n\t\t\t\t<\/div>\n\t\t\t\t\t<\/div>\n\t\t\t\t<\/div>\n\t\t\t\t\t<\/div>\n\t\t\t\t<\/div>\n\t\t\t\t<\/div>\n\t\t\t\t\t<\/div>\n\t\t\t\t<\/div>\n\t\t\t\t<\/div>\n\t\t","protected":false},"excerpt":{"rendered":"<p>O aprimoramento das habilidades no idioma ingl\u00eas pode abrir portas para um emprego melhor, novos contatos e uma melhor qualidade de vida no Reino Unido, e \u00e9 uma parte essencial do suporte que oferecemos. Nossos cursos gratuitos atendem a qualquer pessoa iniciante no ingl\u00eas ou que esteja progredindo para um n\u00edvel intermedi\u00e1rio, projetados para aumentar [&hellip;]<\/p>\n","protected":false},"author":1,"featured_media":0,"parent":4195,"menu_order":0,"comment_status":"closed","ping_status":"closed","template":"","meta":{"_acf_changed":false,"inline_featured_image":false,"_monsterinsights_skip_tracking":false,"_monsterinsights_sitenote_active":false,"_monsterinsights_sitenote_note":"","_monsterinsights_sitenote_category":0,"footnotes":""},"class_list":["post-4209","page","type-page","status-publish","hentry"],"acf":[],"_links":{"self":[{"href":"https:\/\/irmo.org.uk\/pt-br\/wp-json\/wp\/v2\/pages\/4209","targetHints":{"allow":["GET"]}}],"collection":[{"href":"https:\/\/irmo.org.uk\/pt-br\/wp-json\/wp\/v2\/pages"}],"about":[{"href":"https:\/\/irmo.org.uk\/pt-br\/wp-json\/wp\/v2\/types\/page"}],"author":[{"embeddable":true,"href":"https:\/\/irmo.org.uk\/pt-br\/wp-json\/wp\/v2\/users\/1"}],"replies":[{"embeddable":true,"href":"https:\/\/irmo.org.uk\/pt-br\/wp-json\/wp\/v2\/comments?post=4209"}],"version-history":[{"count":7,"href":"https:\/\/irmo.org.uk\/pt-br\/wp-json\/wp\/v2\/pages\/4209\/revisions"}],"predecessor-version":[{"id":5658,"href":"https:\/\/irmo.org.uk\/pt-br\/wp-json\/wp\/v2\/pages\/4209\/revisions\/5658"}],"up":[{"embeddable":true,"href":"https:\/\/irmo.org.uk\/pt-br\/wp-json\/wp\/v2\/pages\/4195"}],"wp:attachment":[{"href":"https:\/\/irmo.org.uk\/pt-br\/wp-json\/wp\/v2\/media?parent=4209"}],"curies":[{"name":"wp","href":"https:\/\/api.w.org\/{rel}","templated":true}]}}