{"id":5893,"date":"2023-10-30T17:31:27","date_gmt":"2023-10-30T17:31:27","guid":{"rendered":"https:\/\/irmo.org.uk\/politica-de-privacidade\/"},"modified":"2026-03-10T13:18:18","modified_gmt":"2026-03-10T13:18:18","slug":"politica-de-privacidade","status":"publish","type":"page","link":"https:\/\/irmo.org.uk\/pt-br\/politica-de-privacidade\/","title":{"rendered":"Pol\u00edtica de privacidade"},"content":{"rendered":"\t\t<div data-elementor-type=\"wp-page\" data-elementor-id=\"5893\" class=\"elementor elementor-5893 elementor-3\" data-elementor-post-type=\"page\">\n\t\t\t\t<div class=\"elementor-element elementor-element-71438e44 e-flex e-con-boxed e-con e-parent\" data-id=\"71438e44\" data-element_type=\"container\" data-e-type=\"container\">\n\t\t\t\t\t<div class=\"e-con-inner\">\n\t\t\t\t<div class=\"elementor-element elementor-element-937704 elementor-widget elementor-widget-text-editor\" data-id=\"937704\" data-element_type=\"widget\" data-e-type=\"widget\" data-widget_type=\"text-editor.default\">\n\t\t\t\t<div class=\"elementor-widget-container\">\n\t\t\t\t\t\t\t\t\t<h3><b>Quem somos<\/b><\/h3><p>A IRMO (Organiza\u00e7\u00e3o Indoamericana de Refugiados e Migrantes) trabalha para possibilitar o desenvolvimento, a ag\u00eancia e a participa\u00e7\u00e3o de latino-americanos e outros falantes de espanhol e portugu\u00eas, respondendo tanto \u00e0s necessidades imediatas quanto \u00e0s desigualdades estruturais. Oferecemos servi\u00e7os de informa\u00e7\u00e3o e consultoria de alta qualidade, oportunidades de desenvolvimento e treinamento e uma plataforma para buscar mudan\u00e7as sociais e sist\u00eamicas. <\/p><p>A IRMO \u00e9 uma institui\u00e7\u00e3o de caridade registrada (1080813) e uma empresa (3931483).<\/p><h3><b>Introdu\u00e7\u00e3o<\/b><\/h3><p>Este aviso de privacidade explica como coletamos, usamos e protegemos suas informa\u00e7\u00f5es pessoais e como voc\u00ea pode exercer seus direitos em rela\u00e7\u00e3o a esses dados. A IRMO tem o compromisso de proteger a privacidade de nossos usu\u00e1rios de servi\u00e7os, funcion\u00e1rios, volunt\u00e1rios e outras partes interessadas. <\/p><h3><b>Quais informa\u00e7\u00f5es pessoais coletamos?<\/b><\/h3><p>Coletamos v\u00e1rios tipos de informa\u00e7\u00f5es pessoais quando voc\u00ea se envolve com nossos servi\u00e7os. Isso inclui, mas n\u00e3o se limita a: <\/p><ul><li aria-level=\"1\"><b>Informa\u00e7\u00f5es b\u00e1sicas:<\/b> Nome, data de nascimento<\/li><li aria-level=\"1\"><b>Informa\u00e7\u00f5es de contato:<\/b> Endere\u00e7o de e-mail, n\u00famero de telefone<\/li><li aria-level=\"1\"><b>Informa\u00e7\u00f5es confidenciais:<\/b> Origem racial ou \u00e9tnica, status de imigra\u00e7\u00e3o<\/li><li aria-level=\"1\"><b>Outras informa\u00e7\u00f5es:<\/b> Qualquer outra informa\u00e7\u00e3o que voc\u00ea nos forne\u00e7a<\/li><\/ul><h3><b>Como coletamos suas informa\u00e7\u00f5es pessoais?<\/b><\/h3><p>Coletamos informa\u00e7\u00f5es diretamente de voc\u00ea quando voc\u00ea:<\/p><ul><li>Fa\u00e7a uma consulta<\/li><li>Preencher um formul\u00e1rio de registro<\/li><li>Inscreva-se em um de nossos servi\u00e7os<\/li><\/ul><p>Ocasionalmente, uma organiza\u00e7\u00e3o terceirizada pode compartilhar informa\u00e7\u00f5es conosco, mas isso s\u00f3 ocorrer\u00e1 com o seu consentimento.<\/p><h3><b>Por que coletamos seus dados?<\/b><\/h3><p>Usamos seus dados pessoais para as seguintes finalidades:<\/p><ul><li aria-level=\"1\">Para entrar em contato com voc\u00ea a respeito de sua consulta<\/li><li aria-level=\"1\">Encaminhar voc\u00ea a outras organiza\u00e7\u00f5es parceiras que possam ajud\u00e1-lo<\/li><li aria-level=\"1\">Para informar voc\u00ea sobre nosso trabalho, atualiza\u00e7\u00f5es e not\u00edcias<\/li><li aria-level=\"1\">Para processar o feedback sobre nossos servi\u00e7os e atividades<\/li><li aria-level=\"1\">Para monitorar, avaliar e melhorar nossos servi\u00e7os, incluindo relat\u00f3rios fornecidos a financiadores e para fins de solicita\u00e7\u00e3o de financiamento<\/li><\/ul><h3><b>Base jur\u00eddica para o processamento de suas informa\u00e7\u00f5es pessoais<\/b><\/h3><p>Processamos seus dados pessoais em conformidade com a Lei de Prote\u00e7\u00e3o de Dados de 2018, que \u00e9 a implementa\u00e7\u00e3o do Regulamento Geral de Prote\u00e7\u00e3o de Dados (GDPR) do Reino Unido. Processamos seus dados pessoais de forma legal, justa e transparente, obtendo seu consentimento para armazenamento e processamento. <\/p><h3><b>Como armazenamos suas informa\u00e7\u00f5es pessoais?<\/b><\/h3><p>Suas informa\u00e7\u00f5es pessoais s\u00e3o armazenadas de forma segura pela IRMO e n\u00e3o ser\u00e3o mantidas por mais tempo do que o necess\u00e1rio. Os per\u00edodos de reten\u00e7\u00e3o padr\u00e3o s\u00e3o os seguintes: <\/p><ul><li aria-level=\"1\"><b>Arquivos de casos de aconselhamento:<\/b> 6 anos<\/li><li aria-level=\"1\"><b>Arquivos pessoais e de emprego:<\/b> 6 anos<\/li><li aria-level=\"1\"><b>Monitoramento do projeto:<\/b> 2 a 3 anos (dependendo da necessidade de monitoramento de longo prazo)<\/li><li aria-level=\"1\"><strong>Projeto de Aprendizagem de Adultos de Lambeth:<\/strong> 7 anos  <\/li><\/ul><p>Solicitamos consentimento expl\u00edcito para o armazenamento de fotos.<\/p><h3><b>Compartilharemos suas informa\u00e7\u00f5es pessoais?<\/b><\/h3><p>A IRMO trata seus dados pessoais como confidenciais e s\u00f3 os compartilhar\u00e1 com terceiros com o seu conhecimento e consentimento. Podemos compartilhar dados com: <\/p><ul><li aria-level=\"1\">Organiza\u00e7\u00f5es envolvidas na presta\u00e7\u00e3o de servi\u00e7os ou consultoria (por exemplo, conselhos locais, outras institui\u00e7\u00f5es de caridade)<\/li><li aria-level=\"1\">Consultores profissionais e auditores<\/li><li aria-level=\"1\">Autoridades regulat\u00f3rias, cortes, tribunais, ag\u00eancias governamentais e ag\u00eancias de aplica\u00e7\u00e3o da lei (quando exigido por lei)<\/li><\/ul><p>Podemos compartilhar seus dados sem aviso pr\u00e9vio se houver preocupa\u00e7\u00f5es significativas sobre sua seguran\u00e7a ou a seguran\u00e7a de outras pessoas.<\/p><h3><b>Seus direitos de prote\u00e7\u00e3o de dados<\/b><\/h3><p>De acordo com a lei de prote\u00e7\u00e3o de dados, voc\u00ea tem os seguintes direitos:<\/p><ul><li aria-level=\"1\"><b>Direito de acesso:<\/b> Solicitar c\u00f3pias de suas informa\u00e7\u00f5es pessoais.<\/li><li aria-level=\"1\"><b>Direito de retifica\u00e7\u00e3o:<\/b> Solicitar a corre\u00e7\u00e3o de informa\u00e7\u00f5es imprecisas ou incompletas.<\/li><li aria-level=\"1\"><b>Direito de exclus\u00e3o:<\/b> Solicitar a exclus\u00e3o de suas informa\u00e7\u00f5es pessoais em determinadas circunst\u00e2ncias.<\/li><li aria-level=\"1\"><b>Direito de restringir o processamento:<\/b> Solicitar a restri\u00e7\u00e3o do processamento de suas informa\u00e7\u00f5es pessoais em determinadas circunst\u00e2ncias.<\/li><li aria-level=\"1\"><b>Direito de se opor ao processamento:<\/b> Opor-se ao processamento de suas informa\u00e7\u00f5es pessoais em determinadas circunst\u00e2ncias.<\/li><li aria-level=\"1\"><b>Direito \u00e0 portabilidade de dados:<\/b> Solicitar a transfer\u00eancia de suas informa\u00e7\u00f5es pessoais para outra organiza\u00e7\u00e3o ou para voc\u00ea.<\/li><\/ul><p>Responderemos \u00e0 sua solicita\u00e7\u00e3o dentro de um m\u00eas.<\/p><h3><b>Coment\u00e1rios e m\u00eddia<\/b><\/h3><p>Quando os visitantes deixam coment\u00e1rios em nosso site, coletamos os dados mostrados na se\u00e7\u00e3o &#8220;Fale conosco&#8221;. Os visitantes podem fazer download e extrair dados de localiza\u00e7\u00e3o de imagens no site. <\/p><h3><b>Conte\u00fado incorporado<\/b><\/h3><p>Os documentos ou artigos em nosso site podem incluir conte\u00fado incorporado (por exemplo, v\u00eddeos, imagens). O conte\u00fado incorporado de outros sites se comporta como se o visitante tivesse visitado o outro site. Esses sites podem coletar dados, usar cookies, incorporar rastreamento de terceiros e monitorar a intera\u00e7\u00e3o com o conte\u00fado incorporado.  <\/p><h3><b>Como fazer uma reclama\u00e7\u00e3o<\/b><\/h3><p>Se tiver alguma d\u00favida sobre o uso que fazemos de suas informa\u00e7\u00f5es pessoais, voc\u00ea pode fazer uma reclama\u00e7\u00e3o para n\u00f3s:<\/p><ul><li aria-level=\"1\"><b>Nome:<\/b> Gerente de opera\u00e7\u00f5es (l\u00edder de prote\u00e7\u00e3o de dados)<\/li><li aria-level=\"1\"><b>Endere\u00e7o:<\/b> Unidade 9, Warwick House. Overton Road. Londres, SW9 7JP  <\/li><li aria-level=\"1\"><b>N\u00famero de telefone:<\/b> 07512 071171<\/li><li aria-level=\"1\"><b>E-mail:<\/b> operations@irmo.org.uk<\/li><\/ul><div> <\/div><p>Voc\u00ea tamb\u00e9m pode reclamar com o Information Commissioner&#8217;s Office (ICO):<\/p><ul><li aria-level=\"1\"><b>Endere\u00e7o:<\/b> Wycliffe House, Water Lane, Wilmslow, Cheshire, SK9 5AF<\/li><li aria-level=\"1\"><b>N\u00famero da linha de ajuda:<\/b> 0303 123 1113<\/li><li aria-level=\"1\"><b>Site da OIC:<\/b> <a href=\"https:\/\/www.ico.org.uk\/\">https:\/\/www.ico.org.uk<\/a><\/li><\/ul><p>Quando a reclama\u00e7\u00e3o for feita, nosso Formul\u00e1rio de Reclama\u00e7\u00f5es ser\u00e1 compartilhado com o usu\u00e1rio do servi\u00e7o no idioma relevante (dispon\u00edvel em espanhol, portugu\u00eas e ingl\u00eas).<\/p><h3><b>Altera\u00e7\u00f5es em nosso aviso de privacidade<\/b><\/h3><p>A IRMO pode atualizar este aviso de privacidade de tempos em tempos. Este aviso de privacidade foi atualizado pela \u00faltima vez em 7 de outubro de 2024. <\/p>\t\t\t\t\t\t\t\t<\/div>\n\t\t\t\t<\/div>\n\t\t\t\t\t<\/div>\n\t\t\t\t<\/div>\n\t\t\t\t<\/div>\n\t\t","protected":false},"excerpt":{"rendered":"<p>Quem somos A IRMO (Organiza\u00e7\u00e3o Indoamericana de Refugiados e Migrantes) trabalha para possibilitar o desenvolvimento, a ag\u00eancia e a participa\u00e7\u00e3o de latino-americanos e outros falantes de espanhol e portugu\u00eas, respondendo tanto \u00e0s necessidades imediatas quanto \u00e0s desigualdades estruturais. Oferecemos servi\u00e7os de informa\u00e7\u00e3o e consultoria de alta qualidade, oportunidades de desenvolvimento e treinamento e uma plataforma [&hellip;]<\/p>\n","protected":false},"author":1,"featured_media":0,"parent":0,"menu_order":0,"comment_status":"closed","ping_status":"closed","template":"","meta":{"_acf_changed":false,"inline_featured_image":false,"_monsterinsights_skip_tracking":false,"_monsterinsights_sitenote_active":false,"_monsterinsights_sitenote_note":"","_monsterinsights_sitenote_category":0,"footnotes":""},"class_list":["post-5893","page","type-page","status-publish","hentry"],"acf":[],"_links":{"self":[{"href":"https:\/\/irmo.org.uk\/pt-br\/wp-json\/wp\/v2\/pages\/5893","targetHints":{"allow":["GET"]}}],"collection":[{"href":"https:\/\/irmo.org.uk\/pt-br\/wp-json\/wp\/v2\/pages"}],"about":[{"href":"https:\/\/irmo.org.uk\/pt-br\/wp-json\/wp\/v2\/types\/page"}],"author":[{"embeddable":true,"href":"https:\/\/irmo.org.uk\/pt-br\/wp-json\/wp\/v2\/users\/1"}],"replies":[{"embeddable":true,"href":"https:\/\/irmo.org.uk\/pt-br\/wp-json\/wp\/v2\/comments?post=5893"}],"version-history":[{"count":6,"href":"https:\/\/irmo.org.uk\/pt-br\/wp-json\/wp\/v2\/pages\/5893\/revisions"}],"predecessor-version":[{"id":7693,"href":"https:\/\/irmo.org.uk\/pt-br\/wp-json\/wp\/v2\/pages\/5893\/revisions\/7693"}],"wp:attachment":[{"href":"https:\/\/irmo.org.uk\/pt-br\/wp-json\/wp\/v2\/media?parent=5893"}],"curies":[{"name":"wp","href":"https:\/\/api.w.org\/{rel}","templated":true}]}}